{"id":108,"date":"2012-07-12T14:15:28","date_gmt":"2012-07-12T12:15:28","guid":{"rendered":"https:\/\/krets.jagareforbundet.se\/varberg\/?page_id=108"},"modified":"2025-03-31T19:27:25","modified_gmt":"2025-03-31T17:27:25","slug":"styrelsen","status":"publish","type":"page","link":"https:\/\/krets.jagareforbundet.se\/varberg\/styrelsen\/","title":{"rendered":"Styrelsen 2025"},"content":{"rendered":"<p>&nbsp;<\/p>\n<p>&nbsp;<\/p>\n<p><strong>Ordinarie ledam\u00f6ter:<\/strong><\/p>\n<p>Ordf\u00f6rande &#8211; Jonas Andersson<br \/>\nVinberg<br \/>\n0703-89 65 42<br \/>\n<u><a href=\"mailto:kretsvarberg@jagareforbundethalland.se\">kretsvarberg@jagareforbundethalland.se<\/a><\/u><\/p>\n<p>Vice Ordf\u00f6rande &#8211; Lars Kellstr\u00f6m<br \/>\nVare<br \/>\n0340-41 600,\u00a00706-89 14 24<br \/>\n<u><a href=\"mailto:larskellstrom@gmail.com\">larskellstrom@gmail.com<\/a><\/u><\/p>\n<p>Sekreterare &amp; media ansvarig &#8211; Alice Modelius<br \/>\nFj\u00e4r\u00e5s<br \/>\n0702-08 23 32<br \/>\n<a href=\"mailto:alice.modelius@hotmail.com\">alice.modelius@hotmail.com<\/a><\/p>\n<p>Kass\u00f6r &#8211; Anders Handin<br \/>\nVarberg<br \/>\n0706-37 31 02<br \/>\n<u><a href=\"mailto:anders@handin.se\">anders@handin.se<\/a><\/u><\/p>\n<p>Christoffer Grimbeck<br \/>\nVarberg<br \/>\n0702-86 81 83<br \/>\n<u><a href=\"mailto:christoffer.grimbeck@gmail.com\">christoffer.grimbeck@gmail.com<\/a><\/u><\/p>\n<p>Gert Johansson<br \/>\nGrimmared<br \/>\n0703-26 69 58<br \/>\n<u><a href=\"mailto:gert.johansson@live.se\">gert.johansson@live.se<\/a><\/u><\/p>\n<p>Nicklas Pihl<br \/>\nTr\u00e4sl\u00f6vsl\u00e4ge<br \/>\n0706-59 88 54<br \/>\n<u><a href=\"mailto:nicklas701@hotmail.com\">nicklas701@hotmail.com<\/a><\/u><\/p>\n<p><strong>Suppleanter:<\/strong><\/p>\n<p>Per Edespong<br \/>\nSk\u00e4llinge<br \/>\n0703-39 65 24<br \/>\n<u><a href=\"mailto:pere@live.se\">pere@live.se<\/a><\/u><\/p>\n<p>Sebastian Andersson<br \/>\nGrimeton<br \/>\n0705-47\u00a0151<br \/>\n<u><a href=\"mailto:sebbes82@gmail.com\">sebbes82@gmail.com<\/a><\/u><\/p>\n<p>Emma Larsson<br \/>\nVeddige<br \/>\n0703-21 90 04<br \/>\n<a href=\"mailto:emma.a.larsson@hotmail.com\">emma.a.larsson@hotmail.com<\/a><\/p>\n<p>&nbsp;<\/p>\n","protected":false},"excerpt":{"rendered":"<p>&nbsp; &nbsp; Ordinarie ledam\u00f6ter: Ordf\u00f6rande &#8211; Jonas Andersson Vinberg 0703-89 65 42 kretsvarberg@jagareforbundethalland.se Vice Ordf\u00f6rande &#8211; Lars Kellstr\u00f6m Vare 0340-41 600,\u00a00706-89 14 24 larskellstrom@gmail.com Sekreterare &amp; media ansvarig &#8211; Alice Modelius Fj\u00e4r\u00e5s 0702-08 23 32 alice.modelius@hotmail.com Kass\u00f6r &#8211; Anders Handin Varberg 0706-37 31 02 anders@handin.se Christoffer Grimbeck Varberg 0702-86 81 83 christoffer.grimbeck@gmail.com Gert Johansson Grimmared [&hellip;]<\/p>\n","protected":false},"author":28,"featured_media":0,"parent":0,"menu_order":20,"comment_status":"open","ping_status":"closed","template":"","meta":{"footnotes":""},"class_list":["post-108","page","type-page","status-publish","hentry"],"_links":{"self":[{"href":"https:\/\/krets.jagareforbundet.se\/varberg\/wp-json\/wp\/v2\/pages\/108","targetHints":{"allow":["GET"]}}],"collection":[{"href":"https:\/\/krets.jagareforbundet.se\/varberg\/wp-json\/wp\/v2\/pages"}],"about":[{"href":"https:\/\/krets.jagareforbundet.se\/varberg\/wp-json\/wp\/v2\/types\/page"}],"author":[{"embeddable":true,"href":"https:\/\/krets.jagareforbundet.se\/varberg\/wp-json\/wp\/v2\/users\/28"}],"replies":[{"embeddable":true,"href":"https:\/\/krets.jagareforbundet.se\/varberg\/wp-json\/wp\/v2\/comments?post=108"}],"version-history":[{"count":3,"href":"https:\/\/krets.jagareforbundet.se\/varberg\/wp-json\/wp\/v2\/pages\/108\/revisions"}],"predecessor-version":[{"id":1369,"href":"https:\/\/krets.jagareforbundet.se\/varberg\/wp-json\/wp\/v2\/pages\/108\/revisions\/1369"}],"wp:attachment":[{"href":"https:\/\/krets.jagareforbundet.se\/varberg\/wp-json\/wp\/v2\/media?parent=108"}],"curies":[{"name":"wp","href":"https:\/\/api.w.org\/{rel}","templated":true}]}}