{"id":290,"date":"2013-06-19T00:20:42","date_gmt":"2013-06-18T22:20:42","guid":{"rendered":"https:\/\/krets.jagareforbundet.se\/varberg\/?page_id=290"},"modified":"2023-04-26T19:36:39","modified_gmt":"2023-04-26T17:36:39","slug":"rovdjur","status":"publish","type":"page","link":"https:\/\/krets.jagareforbundet.se\/varberg\/rovdjur\/","title":{"rendered":"Rovdjur"},"content":{"rendered":"<p><span style=\"font-family: Verdana, Arial;font-size: small\"><strong>Uppt\u00e4cker ni sp\u00e5r efter rovdjur (Varg &#8211; Lo &#8211; Bj\u00f6rn)<\/strong><\/span><\/p>\n<h5><span style=\"font-family: Verdana, Arial;font-size: small\"><span style=\"color: #ff0000\">Ring!<\/span><br \/>\n<\/span><span style=\"font-family: Verdana, Arial;font-size: small\"><strong>Anm\u00e4lan g\u00f6rs till\u00a0L\u00e4nsstyrelsens rovdjurstelefon: <span style=\"color: #000000\"><u>010-224 34 00<\/u><\/span><\/strong><\/span><\/h5>\n<p><span style=\"font-family: Verdana, Arial;font-size: small\">F\u00f6r\u00a0att l\u00e4sa mer om hur L\u00e4nsstyrelsen arbetar med Rovdjur i Halland<br \/>\nKlicka p\u00e5 l\u00e4nken:<span style=\"color: #0000ff\"> <a style=\"color: #0000ff\" title=\"Rovdjur\" href=\"http:\/\/www.lansstyrelsen.se\/halland\/Sv\/djur-och-natur\/rovdjur\/rapportering-och-inventering\/Pages\/default.aspx\" target=\"_blank\" rel=\"noopener\">Rovdjur<\/a><\/span><\/span><\/p>\n","protected":false},"excerpt":{"rendered":"<p>Uppt\u00e4cker ni sp\u00e5r efter rovdjur (Varg &#8211; Lo &#8211; Bj\u00f6rn) Ring! Anm\u00e4lan g\u00f6rs till\u00a0L\u00e4nsstyrelsens rovdjurstelefon: 010-224 34 00 F\u00f6r\u00a0att l\u00e4sa mer om hur L\u00e4nsstyrelsen arbetar med Rovdjur i Halland Klicka p\u00e5 l\u00e4nken: Rovdjur<\/p>\n","protected":false},"author":28,"featured_media":0,"parent":0,"menu_order":80,"comment_status":"open","ping_status":"closed","template":"","meta":{"footnotes":""},"class_list":["post-290","page","type-page","status-publish","hentry"],"_links":{"self":[{"href":"https:\/\/krets.jagareforbundet.se\/varberg\/wp-json\/wp\/v2\/pages\/290","targetHints":{"allow":["GET"]}}],"collection":[{"href":"https:\/\/krets.jagareforbundet.se\/varberg\/wp-json\/wp\/v2\/pages"}],"about":[{"href":"https:\/\/krets.jagareforbundet.se\/varberg\/wp-json\/wp\/v2\/types\/page"}],"author":[{"embeddable":true,"href":"https:\/\/krets.jagareforbundet.se\/varberg\/wp-json\/wp\/v2\/users\/28"}],"replies":[{"embeddable":true,"href":"https:\/\/krets.jagareforbundet.se\/varberg\/wp-json\/wp\/v2\/comments?post=290"}],"version-history":[{"count":3,"href":"https:\/\/krets.jagareforbundet.se\/varberg\/wp-json\/wp\/v2\/pages\/290\/revisions"}],"predecessor-version":[{"id":1023,"href":"https:\/\/krets.jagareforbundet.se\/varberg\/wp-json\/wp\/v2\/pages\/290\/revisions\/1023"}],"wp:attachment":[{"href":"https:\/\/krets.jagareforbundet.se\/varberg\/wp-json\/wp\/v2\/media?parent=290"}],"curies":[{"name":"wp","href":"https:\/\/api.w.org\/{rel}","templated":true}]}}