{"id":302,"date":"2013-06-19T18:10:33","date_gmt":"2013-06-19T16:10:33","guid":{"rendered":"https:\/\/krets.jagareforbundet.se\/varberg\/?page_id=302"},"modified":"2023-05-30T09:20:59","modified_gmt":"2023-05-30T07:20:59","slug":"jaqt","status":"publish","type":"page","link":"https:\/\/krets.jagareforbundet.se\/varberg\/jaqt\/","title":{"rendered":"JAQT"},"content":{"rendered":"<p><strong>JAQT \u00e4r Svenska J\u00e4garef\u00f6rbundets\u00a0plattform f\u00f6r kvinnor som jagar, som \u00e4r intresserade av skytte, jakt och viltv\u00e5rd och som vill ha kontakt med likasinnade. Vi \u00e4r m\u00e5nga kvinnor som jagar men fortfarande f\u00e5 som m\u00f6ts p\u00e5 jakter eller skyttetr\u00e4ning.<\/strong><\/p>\n<p><em>Vill du ha mer information om vad JAQT kan g\u00f6ra f\u00f6r dig, s\u00e5 g\u00e5 med i\u00a0<a href=\"https:\/\/www.facebook.com\/JAQTHalland\/\">JAQT Hallands Facebook<\/a>sida<\/em><\/p>\n<p><em>Vill du vara med och engagera dig i v\u00e5rt arbete, skicka ett mail till sjfhall.jaqt@gmail.com\u00a0<\/em><\/p>\n<p>M\u00e5ls\u00e4ttningen med JAQT Halland \u00e4r att skapa kontakter, tillf\u00e4llen f\u00f6r att tr\u00e4ffas samt erbjuda jakt- och utbildningstillf\u00e4llen. Aktiviteterna riktar sig till kv<span class=\"text_exposed_show\">innor som \u00e4r medlemmar i Svenska J\u00e4garef\u00f6rbundet. Syftet \u00e4r att: vara st\u00f6d och hj\u00e4lp f\u00f6r nya kvinnliga j\u00e4gare, dela med sig av erfarenheter, tipsa om jakter och ordna gemensamma jakttillf\u00e4llen. Mixade jakter f\u00f6r b\u00e5de m\u00e4n och kvinnor och jakter enbart f\u00f6r kvinnor, att dela tips och info om skytteaktiviteter\/utbildning samt verka f\u00f6r gott samarbete och god st\u00e4mning mellan kvinnor och m\u00e4n som jagar.<\/span><\/p>\n<p>&nbsp;<\/p>\n<h3><span style=\"color: #008080\">Skyttekv\u00e4llar under sommaren 2023<\/span><\/h3>\n<p><img loading=\"lazy\" decoding=\"async\" class=\"aligncenter wp-image-1038 size-full\" src=\"https:\/\/krets.jagareforbundet.se\/varberg\/files\/2023\/05\/Screenshot_20230530_091206_OneDrive.jpg\" alt=\"\" width=\"1010\" height=\"1504\" srcset=\"https:\/\/krets.jagareforbundet.se\/varberg\/files\/2023\/05\/Screenshot_20230530_091206_OneDrive.jpg 1010w, https:\/\/krets.jagareforbundet.se\/varberg\/files\/2023\/05\/Screenshot_20230530_091206_OneDrive-201x300.jpg 201w, https:\/\/krets.jagareforbundet.se\/varberg\/files\/2023\/05\/Screenshot_20230530_091206_OneDrive-688x1024.jpg 688w, https:\/\/krets.jagareforbundet.se\/varberg\/files\/2023\/05\/Screenshot_20230530_091206_OneDrive-768x1144.jpg 768w\" sizes=\"auto, (max-width: 1010px) 100vw, 1010px\" \/><\/p>\n","protected":false},"excerpt":{"rendered":"<p>JAQT \u00e4r Svenska J\u00e4garef\u00f6rbundets\u00a0plattform f\u00f6r kvinnor som jagar, som \u00e4r intresserade av skytte, jakt och viltv\u00e5rd och som vill ha kontakt med likasinnade. Vi \u00e4r m\u00e5nga kvinnor som jagar men fortfarande f\u00e5 som m\u00f6ts p\u00e5 jakter eller skyttetr\u00e4ning. Vill du ha mer information om vad JAQT kan g\u00f6ra f\u00f6r dig, s\u00e5 g\u00e5 med i\u00a0JAQT Hallands [&hellip;]<\/p>\n","protected":false},"author":28,"featured_media":0,"parent":0,"menu_order":90,"comment_status":"open","ping_status":"closed","template":"","meta":{"footnotes":""},"class_list":["post-302","page","type-page","status-publish","hentry"],"_links":{"self":[{"href":"https:\/\/krets.jagareforbundet.se\/varberg\/wp-json\/wp\/v2\/pages\/302","targetHints":{"allow":["GET"]}}],"collection":[{"href":"https:\/\/krets.jagareforbundet.se\/varberg\/wp-json\/wp\/v2\/pages"}],"about":[{"href":"https:\/\/krets.jagareforbundet.se\/varberg\/wp-json\/wp\/v2\/types\/page"}],"author":[{"embeddable":true,"href":"https:\/\/krets.jagareforbundet.se\/varberg\/wp-json\/wp\/v2\/users\/28"}],"replies":[{"embeddable":true,"href":"https:\/\/krets.jagareforbundet.se\/varberg\/wp-json\/wp\/v2\/comments?post=302"}],"version-history":[{"count":3,"href":"https:\/\/krets.jagareforbundet.se\/varberg\/wp-json\/wp\/v2\/pages\/302\/revisions"}],"predecessor-version":[{"id":1039,"href":"https:\/\/krets.jagareforbundet.se\/varberg\/wp-json\/wp\/v2\/pages\/302\/revisions\/1039"}],"wp:attachment":[{"href":"https:\/\/krets.jagareforbundet.se\/varberg\/wp-json\/wp\/v2\/media?parent=302"}],"curies":[{"name":"wp","href":"https:\/\/api.w.org\/{rel}","templated":true}]}}