{"id":378,"date":"2013-07-23T11:47:50","date_gmt":"2013-07-23T09:47:50","guid":{"rendered":"https:\/\/krets.jagareforbundet.se\/varberg\/?page_id=378"},"modified":"2025-03-31T19:41:27","modified_gmt":"2025-03-31T17:41:27","slug":"skjutbanor","status":"publish","type":"page","link":"https:\/\/krets.jagareforbundet.se\/varberg\/skjutbanor\/","title":{"rendered":"Skjutbanor"},"content":{"rendered":"<p><span style=\"color: #3366ff\"><a style=\"color: #3366ff\" href=\"https:\/\/www.svenskalag.se\/skallingeskytteforening?fbclid=IwAR1DsNDhikd9LvyoZsDE_XdZSgG46XC5ZKVda7W2FPNPqJQ48zXtzAwTSV8\">Sk\u00e4llinge SKF<\/a><\/span>, Varberg<\/p>\n<p><span style=\"color: #3366ff\"><a style=\"color: #3366ff\" href=\"http:\/\/www.jarlov.se\">J\u00e4rl\u00f6vs skjutskola och jaktskyttebana<\/a><\/span>, Varberg\u00a0<a href=\"https:\/\/maps.app.goo.gl\/uXe6e4MXxjqPprtk6\" target=\"_blank\" rel=\"noopener\">(V\u00e4gbeskrivning)<\/a><\/p>\n<p><span style=\"color: #0000ff\"><span style=\"color: #0000ff\"><span style=\"color: #000000\"><a href=\"https:\/\/www.facebook.com\/GunnarsjoJSK\"><span style=\"color: #3366ff\">Gunnarsj\u00f6 JSK<\/span><\/a>,\u00a0Varberg<\/span> (<\/span><\/span><a href=\"https:\/\/maps.app.goo.gl\/vfQqSisoY1Du5EzQ6\" target=\"_blank\" rel=\"noopener\">V\u00e4gbeskrivning)<\/a><\/p>\n<p><a href=\"http:\/\/www.idalaskjutbana.se\"><span style=\"color: #3366ff\">Idala Skjutbana<\/span><\/a>, Kungsbacka\u00a0<a href=\"https:\/\/maps.app.goo.gl\/oJFsVd2nt6Kzc6GJ9\" target=\"_blank\" rel=\"noopener\">(V\u00e4gbeskrivning)<\/a><\/p>\n<p><span style=\"color: #3366ff\"><a style=\"color: #3366ff\" href=\"http:\/\/www.mittiprick.org\">Str\u00e5valla Skjuttunnel<\/a><\/span>, Kungsbacka\u00a0<a href=\"https:\/\/maps.app.goo.gl\/kAZdAvwbatSmHs7Y9\" target=\"_blank\" rel=\"noopener\">(V\u00e4gbeskrivning)<\/a><\/p>\n<p>&nbsp;<\/p>\n<p><a href=\"https:\/\/krets.jagareforbundet.se\/varberg\/files\/2023\/05\/received_263813416051885.jpeg\">Program \u00e4lgbanan T\u00e5garp,\u00a0 Sk\u00e4llinge 2023<\/a><\/p>\n","protected":false},"excerpt":{"rendered":"<p>Sk\u00e4llinge SKF, Varberg J\u00e4rl\u00f6vs skjutskola och jaktskyttebana, Varberg\u00a0(V\u00e4gbeskrivning) Gunnarsj\u00f6 JSK,\u00a0Varberg (V\u00e4gbeskrivning) Idala Skjutbana, Kungsbacka\u00a0(V\u00e4gbeskrivning) Str\u00e5valla Skjuttunnel, Kungsbacka\u00a0(V\u00e4gbeskrivning) &nbsp; Program \u00e4lgbanan T\u00e5garp,\u00a0 Sk\u00e4llinge 2023<\/p>\n","protected":false},"author":28,"featured_media":0,"parent":0,"menu_order":40,"comment_status":"open","ping_status":"closed","template":"","meta":{"footnotes":""},"class_list":["post-378","page","type-page","status-publish","hentry"],"_links":{"self":[{"href":"https:\/\/krets.jagareforbundet.se\/varberg\/wp-json\/wp\/v2\/pages\/378","targetHints":{"allow":["GET"]}}],"collection":[{"href":"https:\/\/krets.jagareforbundet.se\/varberg\/wp-json\/wp\/v2\/pages"}],"about":[{"href":"https:\/\/krets.jagareforbundet.se\/varberg\/wp-json\/wp\/v2\/types\/page"}],"author":[{"embeddable":true,"href":"https:\/\/krets.jagareforbundet.se\/varberg\/wp-json\/wp\/v2\/users\/28"}],"replies":[{"embeddable":true,"href":"https:\/\/krets.jagareforbundet.se\/varberg\/wp-json\/wp\/v2\/comments?post=378"}],"version-history":[{"count":3,"href":"https:\/\/krets.jagareforbundet.se\/varberg\/wp-json\/wp\/v2\/pages\/378\/revisions"}],"predecessor-version":[{"id":1371,"href":"https:\/\/krets.jagareforbundet.se\/varberg\/wp-json\/wp\/v2\/pages\/378\/revisions\/1371"}],"wp:attachment":[{"href":"https:\/\/krets.jagareforbundet.se\/varberg\/wp-json\/wp\/v2\/media?parent=378"}],"curies":[{"name":"wp","href":"https:\/\/api.w.org\/{rel}","templated":true}]}}