{"id":645,"date":"2015-02-27T18:26:16","date_gmt":"2015-02-27T17:26:16","guid":{"rendered":"https:\/\/krets.jagareforbundet.se\/varberg\/?page_id=645"},"modified":"2023-04-26T18:56:24","modified_gmt":"2023-04-26T16:56:24","slug":"sjofageljakt","status":"publish","type":"page","link":"https:\/\/krets.jagareforbundet.se\/varberg\/sjofageljakt\/","title":{"rendered":"Sj\u00f6f\u00e5geljakt"},"content":{"rendered":"<p><a href=\"https:\/\/krets.jagareforbundet.se\/varberg\/files\/2015\/02\/PICT0382.jpg\"><img loading=\"lazy\" decoding=\"async\" class=\"alignnone size-medium wp-image-624\" src=\"https:\/\/krets.jagareforbundet.se\/varberg\/files\/2015\/02\/PICT0382-300x222.jpg\" alt=\"PICT0382\" width=\"300\" height=\"222\" srcset=\"https:\/\/krets.jagareforbundet.se\/varberg\/files\/2015\/02\/PICT0382-300x222.jpg 300w, https:\/\/krets.jagareforbundet.se\/varberg\/files\/2015\/02\/PICT0382-1024x757.jpg 1024w\" sizes=\"auto, (max-width: 300px) 100vw, 300px\" \/><\/a><\/p>\n<p>&nbsp;<\/p>\n<p>Kustjakt f\u00e5r man numer bedriva utmed Hallandskusten.<\/p>\n<p>L\u00e4s p\u00e5 l\u00e4nken hur man g\u00e5r tillv\u00e4ga: <span style=\"color: #0000ff\"><a style=\"color: #0000ff\" title=\"Kustjakt\" href=\"http:\/\/jagareforbundet.se\/syd\/hallands-lan\/jagareforbundet-halland\/jakt\/kustjakt\/\" target=\"_blank\" rel=\"noopener\">Jakt utmed Hallandskusten<\/a><\/span><\/p>\n<p>&nbsp;<\/p>\n","protected":false},"excerpt":{"rendered":"<p>&nbsp; Kustjakt f\u00e5r man numer bedriva utmed Hallandskusten. L\u00e4s p\u00e5 l\u00e4nken hur man g\u00e5r tillv\u00e4ga: Jakt utmed Hallandskusten &nbsp;<\/p>\n","protected":false},"author":28,"featured_media":0,"parent":0,"menu_order":70,"comment_status":"open","ping_status":"closed","template":"","meta":{"footnotes":""},"class_list":["post-645","page","type-page","status-publish","hentry"],"_links":{"self":[{"href":"https:\/\/krets.jagareforbundet.se\/varberg\/wp-json\/wp\/v2\/pages\/645","targetHints":{"allow":["GET"]}}],"collection":[{"href":"https:\/\/krets.jagareforbundet.se\/varberg\/wp-json\/wp\/v2\/pages"}],"about":[{"href":"https:\/\/krets.jagareforbundet.se\/varberg\/wp-json\/wp\/v2\/types\/page"}],"author":[{"embeddable":true,"href":"https:\/\/krets.jagareforbundet.se\/varberg\/wp-json\/wp\/v2\/users\/28"}],"replies":[{"embeddable":true,"href":"https:\/\/krets.jagareforbundet.se\/varberg\/wp-json\/wp\/v2\/comments?post=645"}],"version-history":[{"count":2,"href":"https:\/\/krets.jagareforbundet.se\/varberg\/wp-json\/wp\/v2\/pages\/645\/revisions"}],"predecessor-version":[{"id":1016,"href":"https:\/\/krets.jagareforbundet.se\/varberg\/wp-json\/wp\/v2\/pages\/645\/revisions\/1016"}],"wp:attachment":[{"href":"https:\/\/krets.jagareforbundet.se\/varberg\/wp-json\/wp\/v2\/media?parent=645"}],"curies":[{"name":"wp","href":"https:\/\/api.w.org\/{rel}","templated":true}]}}