{"id":147,"date":"2019-01-07T16:01:32","date_gmt":"2019-01-07T15:01:32","guid":{"rendered":"https:\/\/krets.jagareforbundet.se\/varnamo\/?page_id=147"},"modified":"2026-03-10T07:58:24","modified_gmt":"2026-03-10T06:58:24","slug":"utbildning","status":"publish","type":"page","link":"https:\/\/krets.jagareforbundet.se\/varnamo\/utbildning\/","title":{"rendered":"Utbildning"},"content":{"rendered":"<p>Klicka p\u00e5 l\u00e4nkarna till respektive utbildning ni \u00e4r intresserade av.<\/p>\n<p>&nbsp;<\/p>\n","protected":false},"excerpt":{"rendered":"<p>Klicka p\u00e5 l\u00e4nkarna till respektive utbildning ni \u00e4r intresserade av. &nbsp;<\/p>\n","protected":false},"author":279,"featured_media":0,"parent":0,"menu_order":0,"comment_status":"closed","ping_status":"closed","template":"","meta":{"footnotes":""},"class_list":["post-147","page","type-page","status-publish","hentry"],"_links":{"self":[{"href":"https:\/\/krets.jagareforbundet.se\/varnamo\/wp-json\/wp\/v2\/pages\/147","targetHints":{"allow":["GET"]}}],"collection":[{"href":"https:\/\/krets.jagareforbundet.se\/varnamo\/wp-json\/wp\/v2\/pages"}],"about":[{"href":"https:\/\/krets.jagareforbundet.se\/varnamo\/wp-json\/wp\/v2\/types\/page"}],"author":[{"embeddable":true,"href":"https:\/\/krets.jagareforbundet.se\/varnamo\/wp-json\/wp\/v2\/users\/279"}],"replies":[{"embeddable":true,"href":"https:\/\/krets.jagareforbundet.se\/varnamo\/wp-json\/wp\/v2\/comments?post=147"}],"version-history":[{"count":4,"href":"https:\/\/krets.jagareforbundet.se\/varnamo\/wp-json\/wp\/v2\/pages\/147\/revisions"}],"predecessor-version":[{"id":599,"href":"https:\/\/krets.jagareforbundet.se\/varnamo\/wp-json\/wp\/v2\/pages\/147\/revisions\/599"}],"wp:attachment":[{"href":"https:\/\/krets.jagareforbundet.se\/varnamo\/wp-json\/wp\/v2\/media?parent=147"}],"curies":[{"name":"wp","href":"https:\/\/api.w.org\/{rel}","templated":true}]}}