{"id":159,"date":"2019-01-23T20:00:44","date_gmt":"2019-01-23T19:00:44","guid":{"rendered":"https:\/\/krets.jagareforbundet.se\/varnamo\/?page_id=159"},"modified":"2026-03-10T08:01:18","modified_gmt":"2026-03-10T07:01:18","slug":"jaqt","status":"publish","type":"page","link":"https:\/\/krets.jagareforbundet.se\/varnamo\/jaqt\/","title":{"rendered":"JAQT"},"content":{"rendered":"<p class=\"intro\">JAQT \u00e4r ett gratis n\u00e4tverk f\u00f6r alla kvinnliga medlemmar inom Svenska J\u00e4garef\u00f6rbundet.<\/p>\n<div>\n<div><em>JAQT st\u00e5r f\u00f6r Jagande Aktiva Qvinnor i Tiden.<\/em><\/div>\n<div>Det f\u00f6rsta JAQT-n\u00e4tverket bildades i Kronobergs l\u00e4n 1996. D\u00e4refter har m\u00e5nga fler n\u00e4tverk f\u00f6r kvinnor startats, ibland p\u00e5 kretsniv\u00e5, ibland p\u00e5 l\u00e4nsniv\u00e5. Sedan JAQT-n\u00e4tverken drog ig\u00e5ng har antalet kvinnliga i Svenska J\u00e4garef\u00f6rbundet \u00f6kat med drygt 5000 st.<br \/>\nN\u00e4tverket bygger p\u00e5 JAQT-verksamhet i l\u00e4nsf\u00f6rening eller jaktv\u00e5rdskrets. Tillsammans formar alla l\u00e4n det nationella n\u00e4tverket. N\u00e4stan alla l\u00e4nsf\u00f6reningar har aktiva JAQT-n\u00e4tverk.<\/div>\n<div>\n<p><strong>Syftet med JAQT:<\/strong><\/p>\n<ul>\n<li>\u00d6ka antalet kvinnliga medlemmar i Svenska J\u00e4garef\u00f6rbundet.<\/li>\n<li>G\u00f6ra det m\u00f6jligt f\u00f6r kvinnor att knyta nya jaktliga kontakter och st\u00e4rka det jaktliga sj\u00e4lvf\u00f6rtroendet.<\/li>\n<li>L\u00e4ra sig mer om jakt, skytte, djur, natur och friluftsliv i form av m\u00f6ten, kurser, seminarier och jakt.<\/li>\n<li>Vara ett st\u00f6d f\u00f6r varandra, aktiva som \u00e4nnu inte aktiva j\u00e4gare.<\/li>\n<\/ul>\n<\/div>\n<div><strong>Fakta kvinnliga j\u00e4gare:<\/strong>\u00a0I Sverige finns det cirka 20 000 kvinnliga j\u00e4gare och de \u00f6kar f\u00f6r varje \u00e5r. Var femte som tar j\u00e4garexamen \u00e4r idag en kvinna. Av hela j\u00e4gark\u00e5ren (ca 300 000) utg\u00f6r kvinnorna 7 procent.<\/div>\n<\/div>\n<p>&nbsp;<\/p>\n<h3>Ni beh\u00f6ver inte ha j\u00e4garexamen f\u00f6r att ta del av de flesta av v\u00e5ra aktiviteter, g\u00e5 med i v\u00e5r grupp p\u00e5 Facebook d\u00e4r alla aktiviteter utannonseras! Alla \u00e4r v\u00e4lkomna, oavsett kunskapsniv\u00e5 eller \u00e5lder! \ud83d\ude42<\/h3>\n<p><a href=\"https:\/\/www.facebook.com\/groups\/175409682635407\/\">JAQT J\u00f6nk\u00f6pings L\u00e4n Facebook-grupp<\/a><\/p>\n<p>&nbsp;<\/p>\n<p>Eller kontakta JAQT-ansvarig: Annisett Lundberg<\/p>\n<p>E-mail: annisett@hirschfanger.se<\/p>\n<p>&nbsp;<\/p>\n<p>&nbsp;<\/p>\n","protected":false},"excerpt":{"rendered":"<p>JAQT \u00e4r ett gratis n\u00e4tverk f\u00f6r alla kvinnliga medlemmar inom Svenska J\u00e4garef\u00f6rbundet. JAQT st\u00e5r f\u00f6r Jagande Aktiva Qvinnor i Tiden. Det f\u00f6rsta JAQT-n\u00e4tverket bildades i Kronobergs l\u00e4n 1996. D\u00e4refter har m\u00e5nga fler n\u00e4tverk f\u00f6r kvinnor startats, ibland p\u00e5 kretsniv\u00e5, ibland p\u00e5 l\u00e4nsniv\u00e5. Sedan JAQT-n\u00e4tverken drog ig\u00e5ng har antalet kvinnliga i Svenska J\u00e4garef\u00f6rbundet \u00f6kat med drygt [&hellip;]<\/p>\n","protected":false},"author":279,"featured_media":0,"parent":0,"menu_order":0,"comment_status":"closed","ping_status":"closed","template":"","meta":{"footnotes":""},"class_list":["post-159","page","type-page","status-publish","hentry"],"_links":{"self":[{"href":"https:\/\/krets.jagareforbundet.se\/varnamo\/wp-json\/wp\/v2\/pages\/159","targetHints":{"allow":["GET"]}}],"collection":[{"href":"https:\/\/krets.jagareforbundet.se\/varnamo\/wp-json\/wp\/v2\/pages"}],"about":[{"href":"https:\/\/krets.jagareforbundet.se\/varnamo\/wp-json\/wp\/v2\/types\/page"}],"author":[{"embeddable":true,"href":"https:\/\/krets.jagareforbundet.se\/varnamo\/wp-json\/wp\/v2\/users\/279"}],"replies":[{"embeddable":true,"href":"https:\/\/krets.jagareforbundet.se\/varnamo\/wp-json\/wp\/v2\/comments?post=159"}],"version-history":[{"count":3,"href":"https:\/\/krets.jagareforbundet.se\/varnamo\/wp-json\/wp\/v2\/pages\/159\/revisions"}],"predecessor-version":[{"id":601,"href":"https:\/\/krets.jagareforbundet.se\/varnamo\/wp-json\/wp\/v2\/pages\/159\/revisions\/601"}],"wp:attachment":[{"href":"https:\/\/krets.jagareforbundet.se\/varnamo\/wp-json\/wp\/v2\/media?parent=159"}],"curies":[{"name":"wp","href":"https:\/\/api.w.org\/{rel}","templated":true}]}}