{"id":301,"date":"2022-03-14T09:16:29","date_gmt":"2022-03-14T08:16:29","guid":{"rendered":"https:\/\/krets.jagareforbundet.se\/varnamo\/?page_id=301"},"modified":"2023-03-13T16:40:37","modified_gmt":"2023-03-13T15:40:37","slug":"stadgar-samt-arsmotesprotokoll","status":"publish","type":"page","link":"https:\/\/krets.jagareforbundet.se\/varnamo\/styrelsen\/stadgar-samt-arsmotesprotokoll\/","title":{"rendered":"Stadgar samt \u00c5rsm\u00f6tesprotokoll"},"content":{"rendered":"<p><a href=\"https:\/\/krets.jagareforbundet.se\/varnamo\/files\/2023\/03\/Arsmotesprotokoll.docx\">\u00c5rsm\u00f6te 2023<\/a><\/p>\n<p><a href=\"https:\/\/krets.jagareforbundet.se\/varnamo\/files\/2022\/03\/Arsmote-2022.pdf\">\u00c5rsm\u00f6te 2022<\/a><\/p>\n<p><a href=\"https:\/\/krets.jagareforbundet.se\/varnamo\/files\/2022\/03\/Stadgar-2022.pdf\">Stadgar 2022<\/a><\/p>\n","protected":false},"excerpt":{"rendered":"<p>\u00c5rsm\u00f6te 2023 \u00c5rsm\u00f6te 2022 Stadgar 2022<\/p>\n","protected":false},"author":279,"featured_media":0,"parent":142,"menu_order":0,"comment_status":"closed","ping_status":"closed","template":"","meta":{"footnotes":""},"class_list":["post-301","page","type-page","status-publish","hentry"],"_links":{"self":[{"href":"https:\/\/krets.jagareforbundet.se\/varnamo\/wp-json\/wp\/v2\/pages\/301","targetHints":{"allow":["GET"]}}],"collection":[{"href":"https:\/\/krets.jagareforbundet.se\/varnamo\/wp-json\/wp\/v2\/pages"}],"about":[{"href":"https:\/\/krets.jagareforbundet.se\/varnamo\/wp-json\/wp\/v2\/types\/page"}],"author":[{"embeddable":true,"href":"https:\/\/krets.jagareforbundet.se\/varnamo\/wp-json\/wp\/v2\/users\/279"}],"replies":[{"embeddable":true,"href":"https:\/\/krets.jagareforbundet.se\/varnamo\/wp-json\/wp\/v2\/comments?post=301"}],"version-history":[{"count":3,"href":"https:\/\/krets.jagareforbundet.se\/varnamo\/wp-json\/wp\/v2\/pages\/301\/revisions"}],"predecessor-version":[{"id":477,"href":"https:\/\/krets.jagareforbundet.se\/varnamo\/wp-json\/wp\/v2\/pages\/301\/revisions\/477"}],"up":[{"embeddable":true,"href":"https:\/\/krets.jagareforbundet.se\/varnamo\/wp-json\/wp\/v2\/pages\/142"}],"wp:attachment":[{"href":"https:\/\/krets.jagareforbundet.se\/varnamo\/wp-json\/wp\/v2\/media?parent=301"}],"curies":[{"name":"wp","href":"https:\/\/api.w.org\/{rel}","templated":true}]}}