{"id":334,"date":"2022-03-15T13:57:55","date_gmt":"2022-03-15T12:57:55","guid":{"rendered":"https:\/\/krets.jagareforbundet.se\/varnamo\/?page_id=334"},"modified":"2022-03-15T13:57:55","modified_gmt":"2022-03-15T12:57:55","slug":"kretsmasterskap-eftersok-2019","status":"publish","type":"page","link":"https:\/\/krets.jagareforbundet.se\/varnamo\/arkiv\/kretsmasterskap-eftersok-2019\/","title":{"rendered":"Kretsm\u00e4sterskap efters\u00f6k 2019"},"content":{"rendered":"<p>L\u00f6rdagen den 18 maj genomf\u00f6rdes kretsm\u00e4sterskap i efters\u00f6k med Toni Lindroth med hunden bj\u00f6rnj\u00e4garens Ara Thor (Roczen) som segrare. Tv\u00e5 blev Bj\u00f6rn Bergen med hunden sp\u00e5rarnas Arrox (Hoffa) och trea blev Fredrik Svensson med skogsr\u00e5as Rammstein (Ramse) Hundar och f\u00f6rare testades. F\u00f6rst ett \u00f6ppenklass sp\u00e5r efter det var det blandat med s\u00f6krutor, skytte, lydnad och fr\u00e5gor. I v\u00e4ntan p\u00e5 po\u00e4ngst\u00e4llningen s\u00e5 bj\u00f6d kretsen p\u00e5 korv med br\u00f6d. V\u00e4rnamos jvk vill tacka dagens domare som var Fredrik Andersson och alla andra som hj\u00e4lpte till och gjorde dagen v\u00e4ldigt lyckad. \u00c4ven ett stort tack till Sordin sponsrade med h\u00f6rselskydd till vinnaren.<\/p>\n<p><a href=\"https:\/\/krets.jagareforbundet.se\/varnamo\/files\/2019\/05\/60361551_397024254220272_1723766239278399488_n.jpg\"><img loading=\"lazy\" decoding=\"async\" class=\"alignnone size-medium wp-image-178\" src=\"https:\/\/krets.jagareforbundet.se\/varnamo\/files\/2019\/05\/60361551_397024254220272_1723766239278399488_n-300x169.jpg\" alt=\"\" width=\"300\" height=\"169\" srcset=\"https:\/\/krets.jagareforbundet.se\/varnamo\/files\/2019\/05\/60361551_397024254220272_1723766239278399488_n-300x169.jpg 300w, https:\/\/krets.jagareforbundet.se\/varnamo\/files\/2019\/05\/60361551_397024254220272_1723766239278399488_n-768x432.jpg 768w, https:\/\/krets.jagareforbundet.se\/varnamo\/files\/2019\/05\/60361551_397024254220272_1723766239278399488_n-1024x576.jpg 1024w\" sizes=\"auto, (max-width: 300px) 100vw, 300px\" \/><\/a><\/p>\n","protected":false},"excerpt":{"rendered":"<p>L\u00f6rdagen den 18 maj genomf\u00f6rdes kretsm\u00e4sterskap i efters\u00f6k med Toni Lindroth med hunden bj\u00f6rnj\u00e4garens Ara Thor (Roczen) som segrare. Tv\u00e5 blev Bj\u00f6rn Bergen med hunden sp\u00e5rarnas Arrox (Hoffa) och trea blev Fredrik Svensson med skogsr\u00e5as Rammstein (Ramse) Hundar och f\u00f6rare testades. F\u00f6rst ett \u00f6ppenklass sp\u00e5r efter det var det blandat med s\u00f6krutor, skytte, lydnad och [&hellip;]<\/p>\n","protected":false},"author":279,"featured_media":0,"parent":41,"menu_order":0,"comment_status":"closed","ping_status":"closed","template":"","meta":{"footnotes":""},"class_list":["post-334","page","type-page","status-publish","hentry"],"_links":{"self":[{"href":"https:\/\/krets.jagareforbundet.se\/varnamo\/wp-json\/wp\/v2\/pages\/334","targetHints":{"allow":["GET"]}}],"collection":[{"href":"https:\/\/krets.jagareforbundet.se\/varnamo\/wp-json\/wp\/v2\/pages"}],"about":[{"href":"https:\/\/krets.jagareforbundet.se\/varnamo\/wp-json\/wp\/v2\/types\/page"}],"author":[{"embeddable":true,"href":"https:\/\/krets.jagareforbundet.se\/varnamo\/wp-json\/wp\/v2\/users\/279"}],"replies":[{"embeddable":true,"href":"https:\/\/krets.jagareforbundet.se\/varnamo\/wp-json\/wp\/v2\/comments?post=334"}],"version-history":[{"count":2,"href":"https:\/\/krets.jagareforbundet.se\/varnamo\/wp-json\/wp\/v2\/pages\/334\/revisions"}],"predecessor-version":[{"id":336,"href":"https:\/\/krets.jagareforbundet.se\/varnamo\/wp-json\/wp\/v2\/pages\/334\/revisions\/336"}],"up":[{"embeddable":true,"href":"https:\/\/krets.jagareforbundet.se\/varnamo\/wp-json\/wp\/v2\/pages\/41"}],"wp:attachment":[{"href":"https:\/\/krets.jagareforbundet.se\/varnamo\/wp-json\/wp\/v2\/media?parent=334"}],"curies":[{"name":"wp","href":"https:\/\/api.w.org\/{rel}","templated":true}]}}