{"id":459,"date":"2022-11-01T14:05:55","date_gmt":"2022-11-01T13:05:55","guid":{"rendered":"https:\/\/krets.jagareforbundet.se\/varnamo\/?page_id=459"},"modified":"2023-12-14T11:36:40","modified_gmt":"2023-12-14T10:36:40","slug":"aktiviteter-kommande","status":"publish","type":"page","link":"https:\/\/krets.jagareforbundet.se\/varnamo\/aktiviteter-kommande\/","title":{"rendered":"Aktiviteter kommande"},"content":{"rendered":"<p>Just nu p\u00e5g\u00e5r inventering av de stora rovdjuren och d\u00e4r beh\u00f6vs er hj\u00e4lp med att f\u00e5 in rapporter.<\/p>\n<p>Inga rapporterade vilt inneb\u00e4r att det inte finns n\u00e5gra av den arten i kommunen.<\/p>\n","protected":false},"excerpt":{"rendered":"<p>Just nu p\u00e5g\u00e5r inventering av de stora rovdjuren och d\u00e4r beh\u00f6vs er hj\u00e4lp med att f\u00e5 in rapporter. Inga rapporterade vilt inneb\u00e4r att det inte finns n\u00e5gra av den arten i kommunen.<\/p>\n","protected":false},"author":279,"featured_media":0,"parent":0,"menu_order":0,"comment_status":"closed","ping_status":"closed","template":"","meta":{"footnotes":""},"class_list":["post-459","page","type-page","status-publish","hentry"],"_links":{"self":[{"href":"https:\/\/krets.jagareforbundet.se\/varnamo\/wp-json\/wp\/v2\/pages\/459","targetHints":{"allow":["GET"]}}],"collection":[{"href":"https:\/\/krets.jagareforbundet.se\/varnamo\/wp-json\/wp\/v2\/pages"}],"about":[{"href":"https:\/\/krets.jagareforbundet.se\/varnamo\/wp-json\/wp\/v2\/types\/page"}],"author":[{"embeddable":true,"href":"https:\/\/krets.jagareforbundet.se\/varnamo\/wp-json\/wp\/v2\/users\/279"}],"replies":[{"embeddable":true,"href":"https:\/\/krets.jagareforbundet.se\/varnamo\/wp-json\/wp\/v2\/comments?post=459"}],"version-history":[{"count":4,"href":"https:\/\/krets.jagareforbundet.se\/varnamo\/wp-json\/wp\/v2\/pages\/459\/revisions"}],"predecessor-version":[{"id":535,"href":"https:\/\/krets.jagareforbundet.se\/varnamo\/wp-json\/wp\/v2\/pages\/459\/revisions\/535"}],"wp:attachment":[{"href":"https:\/\/krets.jagareforbundet.se\/varnamo\/wp-json\/wp\/v2\/media?parent=459"}],"curies":[{"name":"wp","href":"https:\/\/api.w.org\/{rel}","templated":true}]}}