{"id":597,"date":"2026-03-10T07:57:42","date_gmt":"2026-03-10T06:57:42","guid":{"rendered":"https:\/\/krets.jagareforbundet.se\/varnamo\/?page_id=597"},"modified":"2026-03-10T07:57:42","modified_gmt":"2026-03-10T06:57:42","slug":"jagarexamen","status":"publish","type":"page","link":"https:\/\/krets.jagareforbundet.se\/varnamo\/utbildning\/jagarexamen\/","title":{"rendered":"J\u00e4garexamen"},"content":{"rendered":"<p>J\u00e4garexamen bedrivs bland annat i Bor , anm\u00e4lan via Studiefr\u00e4mjandet<\/p>\n<p>Vid fr\u00e5gor, kontakta Tomas p\u00e5 Berntsson p\u00e5: 0706650447<\/p>\n","protected":false},"excerpt":{"rendered":"<p>J\u00e4garexamen bedrivs bland annat i Bor , anm\u00e4lan via Studiefr\u00e4mjandet Vid fr\u00e5gor, kontakta Tomas p\u00e5 Berntsson p\u00e5: 0706650447<\/p>\n","protected":false},"author":279,"featured_media":0,"parent":147,"menu_order":0,"comment_status":"closed","ping_status":"closed","template":"","meta":{"footnotes":""},"class_list":["post-597","page","type-page","status-publish","hentry"],"_links":{"self":[{"href":"https:\/\/krets.jagareforbundet.se\/varnamo\/wp-json\/wp\/v2\/pages\/597","targetHints":{"allow":["GET"]}}],"collection":[{"href":"https:\/\/krets.jagareforbundet.se\/varnamo\/wp-json\/wp\/v2\/pages"}],"about":[{"href":"https:\/\/krets.jagareforbundet.se\/varnamo\/wp-json\/wp\/v2\/types\/page"}],"author":[{"embeddable":true,"href":"https:\/\/krets.jagareforbundet.se\/varnamo\/wp-json\/wp\/v2\/users\/279"}],"replies":[{"embeddable":true,"href":"https:\/\/krets.jagareforbundet.se\/varnamo\/wp-json\/wp\/v2\/comments?post=597"}],"version-history":[{"count":1,"href":"https:\/\/krets.jagareforbundet.se\/varnamo\/wp-json\/wp\/v2\/pages\/597\/revisions"}],"predecessor-version":[{"id":598,"href":"https:\/\/krets.jagareforbundet.se\/varnamo\/wp-json\/wp\/v2\/pages\/597\/revisions\/598"}],"up":[{"embeddable":true,"href":"https:\/\/krets.jagareforbundet.se\/varnamo\/wp-json\/wp\/v2\/pages\/147"}],"wp:attachment":[{"href":"https:\/\/krets.jagareforbundet.se\/varnamo\/wp-json\/wp\/v2\/media?parent=597"}],"curies":[{"name":"wp","href":"https:\/\/api.w.org\/{rel}","templated":true}]}}