{"id":163,"date":"2022-03-08T19:25:27","date_gmt":"2022-03-08T18:25:27","guid":{"rendered":"https:\/\/krets.jagareforbundet.se\/vasterbergslagen\/?page_id=163"},"modified":"2026-01-22T19:11:03","modified_gmt":"2026-01-22T18:11:03","slug":"medlemsformaner","status":"publish","type":"page","link":"https:\/\/krets.jagareforbundet.se\/vasterbergslagen\/medlemsformaner\/","title":{"rendered":"Medlem"},"content":{"rendered":"<p>Svenska J\u00e4garef\u00f6rbundet \u00e4r en medlemsorganisation. Den \u00e4r uppbyggd av jaktv\u00e5rdskretsar och l\u00e4nsjaktv\u00e5rdsf\u00f6reningar. F\u00f6rbundets roll \u00e4r att utifr\u00e5n ett helhetsperspektiv p\u00e5 naturen och samh\u00e4llet leda och utveckla jakten i Sverige.<\/p>\n<p>F\u00f6rbundets st\u00e4llningstaganden i viltf\u00f6rvaltningsfr\u00e5gor baseras p\u00e5 forskning och fakta.<\/p>\n<p>M\u00e5let f\u00f6r Svenska J\u00e4garef\u00f6rbundet \u00e4r att arbeta f\u00f6r en s\u00e5 bra, h\u00e5llbar och klok viltf\u00f6rvaltning som m\u00f6jligt som tar h\u00e4nsyn till samh\u00e4llets och allm\u00e4nhetens \u00f6nskem\u00e5l och krav.<\/p>\n<p>Snabbfakta (2022):<\/p>\n<ul>\n<li>Ca 150 000 medlemmar i J\u00e4garef\u00f6rbundet.<\/li>\n<li>Ca 7200 medlemmar i J\u00e4garef\u00f6rbundet Dalarna.<\/li>\n<li>Ca 700 medlemmar i V\u00e4sterbergslagens JVK (januari 2026).<\/li>\n<li>5000 f\u00f6rtroende valda<\/li>\n<li>110 anst\u00e4llda<\/li>\n<\/ul>\n<p>Vad f\u00e5r man som medlem i J\u00e4garef\u00f6rbundet:<\/p>\n<ul>\n<li>11 nummer av Svensk Jakt\/\u00e5r (ett dubbelnummer)<\/li>\n<li>Ansvars- och olycksfallsf\u00f6rs\u00e4kring<\/li>\n<li>Efters\u00f6ks- och rovdjursf\u00f6rs\u00e4kring om din hund r\u00e5kar illa ut<\/li>\n<li>Fina medlemsrabatter (<a href=\"https:\/\/jagareforbundet.se\/medlem\/medlemsrabatter\/\">https:\/\/jagareforbundet.se\/medlem\/medlemsrabatter\/<\/a>)<\/li>\n<li>Vi st\u00f6ttar j\u00e4garnas r\u00f6st med och mot politikerna \u2013 remisser och bollplank<\/li>\n<li>Lokala medlemsf\u00f6rm\u00e5ner i Ludvika och Smedjebackens kommun.<\/li>\n<li>Vi arbetar f\u00f6r en sund rovdjursf\u00f6rvaltning.<\/li>\n<li>Vi arbetar med skogsbruksfr\u00e5gor.<\/li>\n<li>Vi arbetar med viltf\u00f6rvaltningsdelegationen<\/li>\n<li>Vi arbetar mot Invasiva arter och viltsjukdomar<\/li>\n<li>Vi arbetar med efters\u00f6k och hj\u00e4lper nationella viltolycksr\u00e5det (NVR) med v\u00e5rt j\u00e4garn\u00e4tverk.<\/li>\n<li>Vi erbjuder medlemsaktiviteter.<\/li>\n<li>Vi erbjuder aktuella utbildningar och fortbildningar.<\/li>\n<li>N\u00e4tverka och tr\u00e4ffa likasinnade j\u00e4gare.<\/li>\n<\/ul>\n<p><strong>Viktigt!<\/strong> Vi f\u00f6rs\u00f6ker samla in e-postadresser till v\u00e5ra medlemmar i kretsen, s\u00e5 be g\u00e4rna medlemmar som inte f\u00e5r v\u00e5ra utskick att skicka ett mail med medlemsnummer och aktuell e-postadress till <a href=\"mailto:medlem@jagareforbundet.se\">medlem@jagareforbundet.se<\/a> eller kontakta dem via telefonnummer 020-22 00 10.<\/p>\n<p>Vill man byta till V\u00e4sterbergslagens JVK s\u00e5 kan man skicka ett mail med medlemsnummer, aktuell e-postadress och att man vill tillh\u00f6ra krets: V\u00e4sterbergslagens JVK till <a href=\"mailto:medlem@jagareforbundet.se\">medlem@jagareforbundet.se<\/a> eller kontakta dem via telefonnummer 020-22 00 10.<\/p>\n<h1 style=\"text-align: center\"><a href=\"https:\/\/jagareforbundet.se\/medlem\/\" target=\"_blank\" rel=\"noopener noreferrer\"><strong>Klicka h\u00e4r f\u00f6r att bli medlem<\/strong><\/a><strong>.<\/strong><\/h1>\n<p style=\"text-align: center\">F\u00f6r att bli medlem m\u00e5ste du v\u00e4lja tillh\u00f6righet till l\u00e4nsf\u00f6rening och jaktv\u00e5rdskrets. Du kan v\u00e4lja fritt mellan t.ex. d\u00e4r du bor eller jagar. Din tillh\u00f6righet styr vart du f\u00e5r information ifr\u00e5n och vart du kan delta p\u00e5 aktiviteter.<\/p>\n","protected":false},"excerpt":{"rendered":"<p>Svenska J\u00e4garef\u00f6rbundet \u00e4r en medlemsorganisation. Den \u00e4r uppbyggd av jaktv\u00e5rdskretsar och l\u00e4nsjaktv\u00e5rdsf\u00f6reningar. F\u00f6rbundets roll \u00e4r att utifr\u00e5n ett helhetsperspektiv p\u00e5 naturen och samh\u00e4llet leda och utveckla jakten i Sverige. F\u00f6rbundets st\u00e4llningstaganden i viltf\u00f6rvaltningsfr\u00e5gor baseras p\u00e5 forskning och fakta. M\u00e5let f\u00f6r Svenska J\u00e4garef\u00f6rbundet \u00e4r att arbeta f\u00f6r en s\u00e5 bra, h\u00e5llbar och klok viltf\u00f6rvaltning som m\u00f6jligt [&hellip;]<\/p>\n","protected":false},"author":290,"featured_media":0,"parent":0,"menu_order":0,"comment_status":"closed","ping_status":"closed","template":"","meta":{"footnotes":""},"class_list":["post-163","page","type-page","status-publish","hentry"],"_links":{"self":[{"href":"https:\/\/krets.jagareforbundet.se\/vasterbergslagen\/wp-json\/wp\/v2\/pages\/163","targetHints":{"allow":["GET"]}}],"collection":[{"href":"https:\/\/krets.jagareforbundet.se\/vasterbergslagen\/wp-json\/wp\/v2\/pages"}],"about":[{"href":"https:\/\/krets.jagareforbundet.se\/vasterbergslagen\/wp-json\/wp\/v2\/types\/page"}],"author":[{"embeddable":true,"href":"https:\/\/krets.jagareforbundet.se\/vasterbergslagen\/wp-json\/wp\/v2\/users\/290"}],"replies":[{"embeddable":true,"href":"https:\/\/krets.jagareforbundet.se\/vasterbergslagen\/wp-json\/wp\/v2\/comments?post=163"}],"version-history":[{"count":3,"href":"https:\/\/krets.jagareforbundet.se\/vasterbergslagen\/wp-json\/wp\/v2\/pages\/163\/revisions"}],"predecessor-version":[{"id":1147,"href":"https:\/\/krets.jagareforbundet.se\/vasterbergslagen\/wp-json\/wp\/v2\/pages\/163\/revisions\/1147"}],"wp:attachment":[{"href":"https:\/\/krets.jagareforbundet.se\/vasterbergslagen\/wp-json\/wp\/v2\/media?parent=163"}],"curies":[{"name":"wp","href":"https:\/\/api.w.org\/{rel}","templated":true}]}}