{"id":200,"date":"2021-04-26T16:52:23","date_gmt":"2021-04-26T14:52:23","guid":{"rendered":"https:\/\/krets.jagareforbundet.se\/vasterbergslagen\/?page_id=200"},"modified":"2026-01-22T18:26:25","modified_gmt":"2026-01-22T17:26:25","slug":"om-kretsen","status":"publish","type":"page","link":"https:\/\/krets.jagareforbundet.se\/vasterbergslagen\/om-kretsen\/","title":{"rendered":"Om Kretsen"},"content":{"rendered":"<h1>V\u00e4sterbergslagens JVK<\/h1>\n<p>Med lokalt engagemang, aktiviteter, f\u00f6rm\u00e5ner, \u00f6ppenhet, respekt och ansvar f\u00f6rvaltar vi och utvecklar jakt och viltv\u00e5rd i Ludvika och Smedjebackens kommun. De gamla kretsarna Ludvika JVK, Smedjebacken JVK och S\u00f6derb\u00e4rke JVK slogs ihop under 2018 och sedan dess har \u00e4ven Grang\u00e4rde JVK g\u00e5tt in under namnet V\u00e4sterbergslagens JVK. Kretsen \u00e4r nu 211 600 hektar och str\u00e4cker sig ifr\u00e5n Malingsbo i s\u00f6der, Ulriksberg i v\u00e4st, Gyllbergen i norr samt Kolpebo i \u00f6ster.<\/p>\n<p><a href=\"https:\/\/krets.jagareforbundet.se\/vasterbergslagen\/files\/2026\/01\/Kretskarta-2023.jpg\"><img loading=\"lazy\" decoding=\"async\" class=\"wp-image-1140  aligncenter\" src=\"https:\/\/krets.jagareforbundet.se\/vasterbergslagen\/files\/2026\/01\/Kretskarta-2023-300x169.jpg\" alt=\"\" width=\"511\" height=\"288\" srcset=\"https:\/\/krets.jagareforbundet.se\/vasterbergslagen\/files\/2026\/01\/Kretskarta-2023-300x169.jpg 300w, https:\/\/krets.jagareforbundet.se\/vasterbergslagen\/files\/2026\/01\/Kretskarta-2023-1024x576.jpg 1024w, https:\/\/krets.jagareforbundet.se\/vasterbergslagen\/files\/2026\/01\/Kretskarta-2023-768x432.jpg 768w, https:\/\/krets.jagareforbundet.se\/vasterbergslagen\/files\/2026\/01\/Kretskarta-2023.jpg 1280w\" sizes=\"auto, (max-width: 511px) 100vw, 511px\" \/><\/a><\/p>\n<p>Kretsen innefattar idag \u00e5tta viltv\u00e5rdsomr\u00e5den, \u00e5tta \u00e4lgsk\u00f6tselomr\u00e5den och fyra \u00e4lgsf\u00f6rvaltningsomr\u00e5den Kretsen har idag runt 700 medlemmar (januari 2026).<\/p>\n<p>V\u00e4sterbergslagens JVK och Svenska J\u00e4garef\u00f6rbundet \u00e4r \u00f6ppet f\u00f6r alla. Vi v\u00e4rdes\u00e4tter nya id\u00e9er och konstruktiv kritik som en viktig del i demokratin och f\u00f6r utvecklingen av f\u00f6rbundet. Vi vill att fler ska f\u00e5 uppleva jakt och viltv\u00e5rd, p\u00e5 s\u00e5 s\u00e4tt \u00f6kar vi omv\u00e4rldens kunskap om samspelet mellan vilt, m\u00e4nniska och samh\u00e4lle. Vi \u00e4r stolta j\u00e4gare och stolta \u00f6ver att f\u00f6retr\u00e4da f\u00f6rbundet i allt det vi g\u00f6r och st\u00e5r f\u00f6r.<\/p>\n<p>Vi har respekt f\u00f6r viltet, m\u00e4nniskan och naturen samt har klara jaktetiska rikt-linjer. Vi arbetar f\u00f6r att bevara och utveckla den svenska jakten och viltv\u00e5rden, nu och f\u00f6r kommande generationer. Genom kunskap, erfarenhet och tydlighet skapar vi f\u00f6rtroende i v\u00e5r omgivning vilket \u00e4r avg\u00f6rande f\u00f6r den svenska jaktens framtid. Vi respekterar och st\u00f6djer varandra f\u00f6r f\u00f6rbundets b\u00e4sta.<\/p>\n<p>Vi tar gemensamt ansvar f\u00f6r utvecklingen av Svenska J\u00e4garef\u00f6rbundet. Vi tar ansvar f\u00f6r v\u00e5r organisation genom att vara lyh\u00f6rda och f\u00f6rankra v\u00e5ra beslut och vi tar samh\u00e4llsansvar genom att sakligt framf\u00f6ra fakta. V\u00e5rt eget ansvar \u00e4r grund\u00adl\u00e4ggande, men som individer tar vi ocks\u00e5 ansvar f\u00f6r helheten s\u00e5 att vision, m\u00e5l och medel h\u00e4nger ihop.<\/p>\n<table width=\"616\">\n<tbody>\n<tr>\n<td width=\"\">Organisationsnummer<\/td>\n<td width=\"\">802515-6392<\/td>\n<\/tr>\n<tr>\n<td width=\"\">Bankgiro<\/td>\n<td width=\"\">544-7974<\/td>\n<\/tr>\n<tr>\n<td width=\"\">Swish<\/td>\n<td width=\"\">123\u00a0541 4412<\/td>\n<\/tr>\n<tr>\n<td width=\"\">Fakturaadress<\/p>\n<p>&nbsp;<\/p>\n<p>&nbsp;<\/td>\n<td width=\"\">V\u00e4sterbergslagens JVK<br \/>\nAtt: Olle L\u00e5ngberg<br \/>\nDalagatan 37<br \/>\n777 31 SMEDJEBACKEN<br \/>\nTel. 070 &#8211; 394 65 42<\/td>\n<\/tr>\n<tr>\n<td width=\"\"><\/td>\n<td width=\"\"><\/td>\n<\/tr>\n<\/tbody>\n<\/table>\n<p>&nbsp;<\/p>\n","protected":false},"excerpt":{"rendered":"<p>V\u00e4sterbergslagens JVK Med lokalt engagemang, aktiviteter, f\u00f6rm\u00e5ner, \u00f6ppenhet, respekt och ansvar f\u00f6rvaltar vi och utvecklar jakt och viltv\u00e5rd i Ludvika och Smedjebackens kommun. De gamla kretsarna Ludvika JVK, Smedjebacken JVK och S\u00f6derb\u00e4rke JVK slogs ihop under 2018 och sedan dess har \u00e4ven Grang\u00e4rde JVK g\u00e5tt in under namnet V\u00e4sterbergslagens JVK. Kretsen \u00e4r nu 211 600 [&hellip;]<\/p>\n","protected":false},"author":290,"featured_media":0,"parent":0,"menu_order":0,"comment_status":"closed","ping_status":"closed","template":"","meta":{"footnotes":""},"class_list":["post-200","page","type-page","status-publish","hentry"],"_links":{"self":[{"href":"https:\/\/krets.jagareforbundet.se\/vasterbergslagen\/wp-json\/wp\/v2\/pages\/200","targetHints":{"allow":["GET"]}}],"collection":[{"href":"https:\/\/krets.jagareforbundet.se\/vasterbergslagen\/wp-json\/wp\/v2\/pages"}],"about":[{"href":"https:\/\/krets.jagareforbundet.se\/vasterbergslagen\/wp-json\/wp\/v2\/types\/page"}],"author":[{"embeddable":true,"href":"https:\/\/krets.jagareforbundet.se\/vasterbergslagen\/wp-json\/wp\/v2\/users\/290"}],"replies":[{"embeddable":true,"href":"https:\/\/krets.jagareforbundet.se\/vasterbergslagen\/wp-json\/wp\/v2\/comments?post=200"}],"version-history":[{"count":3,"href":"https:\/\/krets.jagareforbundet.se\/vasterbergslagen\/wp-json\/wp\/v2\/pages\/200\/revisions"}],"predecessor-version":[{"id":1141,"href":"https:\/\/krets.jagareforbundet.se\/vasterbergslagen\/wp-json\/wp\/v2\/pages\/200\/revisions\/1141"}],"wp:attachment":[{"href":"https:\/\/krets.jagareforbundet.se\/vasterbergslagen\/wp-json\/wp\/v2\/media?parent=200"}],"curies":[{"name":"wp","href":"https:\/\/api.w.org\/{rel}","templated":true}]}}