{"id":212,"date":"2019-08-27T20:07:25","date_gmt":"2019-08-27T18:07:25","guid":{"rendered":"https:\/\/krets.jagareforbundet.se\/vasterbergslagen\/?page_id=212"},"modified":"2026-01-29T15:29:09","modified_gmt":"2026-01-29T14:29:09","slug":"ovriga-dokument","status":"publish","type":"page","link":"https:\/\/krets.jagareforbundet.se\/vasterbergslagen\/ovriga-dokument\/","title":{"rendered":"\u00d6vriga dokument"},"content":{"rendered":"<p><a href=\"https:\/\/krets.jagareforbundet.se\/vasterbergslagen\/files\/2026\/01\/Dagordning-arsmote-2026.pdf\">Dagordning \u00e5rsm\u00f6te 2026<\/a><br \/>\n<a href=\"https:\/\/krets.jagareforbundet.se\/vasterbergslagen\/files\/2026\/01\/Verksamhetsplan-2026-Vasterbergslagens-Jaktvardskrets.pdf\">Verksamhetsplan 2026 V\u00e4sterbergslagens Jaktv\u00e5rdskrets<\/a><br \/>\n<a href=\"https:\/\/krets.jagareforbundet.se\/vasterbergslagen\/files\/2026\/01\/arsredovisning_2025.pdf\">\u00e5rsredovisning_2025<\/a><\/p>\n<div class=\"docuList\">\n<div class=\"document hover\">\n<h3><a href=\"https:\/\/jagareforbundet.se\/globalassets\/documents\/stadgar\/stadgar-for-svenska-jagareforbundet-2016_pdf.pdf\" target=\"_blank\" rel=\"noopener noreferrer\">Stadgar f\u00f6r Svenska J\u00e4garef\u00f6rbundet (2016)<\/a><\/h3>\n<\/div>\n<div class=\"document\">\n<h3><a href=\"https:\/\/jagareforbundet.se\/globalassets\/documents\/stadgar\/stadgar_lansforening_slutversion2012.pdf\" target=\"_blank\" rel=\"noopener noreferrer\">Stadgar f\u00f6r L\u00e4nsjaktv\u00e5rdsf\u00f6rening 2012<\/a><\/h3>\n<\/div>\n<div class=\"document\">\n<h3><a href=\"https:\/\/jagareforbundet.se\/globalassets\/documents\/stadgar\/stadgar_jaktvardskrets_slutversion2012.pdf\" target=\"_blank\" rel=\"noopener noreferrer\">Stadgar f\u00f6r Jaktv\u00e5rdskrets 2012<\/a><\/h3>\n<\/div>\n<div class=\"document\">\n<h3><a href=\"https:\/\/jagareforbundet.se\/globalassets\/documents\/stadgar\/stadgar_lansforening_slutversion2012.doc\" target=\"_blank\" rel=\"noopener noreferrer\">Stadgar f\u00f6r L\u00e4nsjaktv\u00e5rdsf\u00f6rening<\/a><\/h3>\n<\/div>\n<div class=\"document\">\n<h3><a href=\"https:\/\/jagareforbundet.se\/globalassets\/documents\/stadgar\/stadgar_jaktvardskrets_slutversion2012.doc\" target=\"_blank\" rel=\"noopener noreferrer\">Stadgar f\u00f6r Jaktv\u00e5rdskrets<\/a><\/h3>\n<\/div>\n<div class=\"document\">\n<h3><a href=\"https:\/\/jagareforbundet.se\/globalassets\/documents\/stadgar\/normalstadgar_viltvardsomradesforening.pdf\" target=\"_blank\" rel=\"noopener noreferrer\">Normalstadgar f\u00f6r viltv\u00e5rdsomr\u00e5desf\u00f6rening<\/a><\/h3>\n<\/div>\n<div class=\"document\">\n<h3><a href=\"https:\/\/jagareforbundet.se\/globalassets\/documents\/stadgar\/normalstadgar_jaktklubb.pdf\" target=\"_blank\" rel=\"noopener noreferrer\">Normalstadgar f\u00f6r jaktklubb<\/a><\/h3>\n<\/div>\n<div class=\"document\">\n<h3><a href=\"https:\/\/jagareforbundet.se\/globalassets\/documents\/stadgar\/mallstadgar_algskotselomraden_2012_sjf.pdf\" target=\"_blank\" rel=\"noopener noreferrer\">Mall normalstadgar f\u00f6r \u00e4lgsk\u00f6tselomr\u00e5de<\/a><\/h3>\n<\/div>\n<div class=\"document\">\n<h3><a href=\"https:\/\/jagareforbundet.se\/globalassets\/documents\/stadgar\/mallstadgar_algskotselomraden_2012_sjf.doc\" target=\"_blank\" rel=\"noopener noreferrer\">Mall normalstadgar f\u00f6r \u00e4lgsk\u00f6tselomr\u00e5de<\/a><\/h3>\n<\/div>\n<\/div>\n<p><a href=\"https:\/\/jagareforbundet.se\/var-verksamhet\/blanketter-avtal\/\" target=\"_blank\" rel=\"noopener noreferrer\">Klicka h\u00e4r<\/a> f\u00f6r andra inskjutningstavlor, stadgar, mallar, dokument, ans\u00f6kningar, avtal, jaktr\u00e4ttsavtal och blanketter att ladda ned och skriva ut.<\/p>\n","protected":false},"excerpt":{"rendered":"<p>Dagordning \u00e5rsm\u00f6te 2026 Verksamhetsplan 2026 V\u00e4sterbergslagens Jaktv\u00e5rdskrets \u00e5rsredovisning_2025 Stadgar f\u00f6r Svenska J\u00e4garef\u00f6rbundet (2016) Stadgar f\u00f6r L\u00e4nsjaktv\u00e5rdsf\u00f6rening 2012 Stadgar f\u00f6r Jaktv\u00e5rdskrets 2012 Stadgar f\u00f6r L\u00e4nsjaktv\u00e5rdsf\u00f6rening Stadgar f\u00f6r Jaktv\u00e5rdskrets Normalstadgar f\u00f6r viltv\u00e5rdsomr\u00e5desf\u00f6rening Normalstadgar f\u00f6r jaktklubb Mall normalstadgar f\u00f6r \u00e4lgsk\u00f6tselomr\u00e5de Mall normalstadgar f\u00f6r \u00e4lgsk\u00f6tselomr\u00e5de Klicka h\u00e4r f\u00f6r andra inskjutningstavlor, stadgar, mallar, dokument, ans\u00f6kningar, avtal, jaktr\u00e4ttsavtal och blanketter att [&hellip;]<\/p>\n","protected":false},"author":290,"featured_media":0,"parent":0,"menu_order":3,"comment_status":"closed","ping_status":"closed","template":"","meta":{"footnotes":""},"class_list":["post-212","page","type-page","status-publish","hentry"],"_links":{"self":[{"href":"https:\/\/krets.jagareforbundet.se\/vasterbergslagen\/wp-json\/wp\/v2\/pages\/212","targetHints":{"allow":["GET"]}}],"collection":[{"href":"https:\/\/krets.jagareforbundet.se\/vasterbergslagen\/wp-json\/wp\/v2\/pages"}],"about":[{"href":"https:\/\/krets.jagareforbundet.se\/vasterbergslagen\/wp-json\/wp\/v2\/types\/page"}],"author":[{"embeddable":true,"href":"https:\/\/krets.jagareforbundet.se\/vasterbergslagen\/wp-json\/wp\/v2\/users\/290"}],"replies":[{"embeddable":true,"href":"https:\/\/krets.jagareforbundet.se\/vasterbergslagen\/wp-json\/wp\/v2\/comments?post=212"}],"version-history":[{"count":3,"href":"https:\/\/krets.jagareforbundet.se\/vasterbergslagen\/wp-json\/wp\/v2\/pages\/212\/revisions"}],"predecessor-version":[{"id":1167,"href":"https:\/\/krets.jagareforbundet.se\/vasterbergslagen\/wp-json\/wp\/v2\/pages\/212\/revisions\/1167"}],"wp:attachment":[{"href":"https:\/\/krets.jagareforbundet.se\/vasterbergslagen\/wp-json\/wp\/v2\/media?parent=212"}],"curies":[{"name":"wp","href":"https:\/\/api.w.org\/{rel}","templated":true}]}}