{"id":218,"date":"2019-08-27T20:18:20","date_gmt":"2019-08-27T18:18:20","guid":{"rendered":"https:\/\/krets.jagareforbundet.se\/vasterbergslagen\/?page_id=218"},"modified":"2019-08-28T10:55:30","modified_gmt":"2019-08-28T08:55:30","slug":"paverka","status":"publish","type":"page","link":"https:\/\/krets.jagareforbundet.se\/vasterbergslagen\/paverka\/","title":{"rendered":"P\u00e5verka J\u00e4garef\u00f6rbundet"},"content":{"rendered":"<h2>Motion till jaktv\u00e5rdskrets V\u00e4sterbergslagens JVK<\/h2>\n<p>Medlem i jaktv\u00e5rdskrets har r\u00e4tt att l\u00e4gga f\u00f6rslag &#8211; motion till kretsens \u00e5rsm\u00f6te. <strong>Motionen ska vara kretsstyrelsen tillhanda senast 31 december<\/strong>. Det \u00e4r av yttersta vikt att motioner hanteras korrekt, men samtidigt ska de inom ramen f\u00f6r vad som \u00e4r rimligt behandlas med v\u00e4lvilja. Om motionen inneh\u00e5ller formella fel eller om inneh\u00e5llet \u00e4r oklart b\u00f6r motion\u00e4ren ges tillf\u00e4lle att \u00e5tg\u00e4rda bristerna.<\/p>\n<p>Det finns inga formella krav p\u00e5 utformning av motion men f\u00f6ljande ska vara tydligt:<\/p>\n<ul>\n<li>Mottagare &#8211; Motionen m\u00e5ste vara st\u00e4lld till jaktv\u00e5rdskrets eller l\u00e4nsf\u00f6rening, beroende p\u00e5 f\u00f6rslagets \u201dm\u00e5lgrupp\u201d (motionen kan ej st\u00e4llas till SJF eftersom endast l\u00e4nsf\u00f6rening har motionsr\u00e4tt till f\u00f6rbundets \u00e5rsst\u00e4mma).<\/li>\n<li>\u00d6verskrift\/rubrik.<\/li>\n<li>Bakgrund &#8211; L\u00e4tt att f\u00f6rst\u00e5. Nul\u00e4ge och framtid om motionen bifalls.<\/li>\n<li>Yrkande\/hemst\u00e4llan &#8211; Ska anges s\u00e5 klart och kortfattat som m\u00f6jligt. Enklast genom en eller flera \u201datt-satser\u201d. (Yrkandet ska vara st\u00e4llt till jaktv\u00e5rdskretsen eller l\u00e4nsf\u00f6reningen, dvs. motion\u00e4ren yrkar att jaktv\u00e5rdskrets eller l\u00e4nsf\u00f6reningen ska verka f\u00f6r att f\u00f6rslaget genomf\u00f6rs).<\/li>\n<li>Underskrift &#8211; Ska vara f\u00f6rsedd med motion\u00e4rens underskrift. Motion fr\u00e5n lokal jaktv\u00e5rdsorganisation undertecknas av beh\u00f6rig f\u00f6retr\u00e4dare.<\/li>\n<\/ul>\n<p>Vidare i processen s\u00e5 ska kretsstyrelsen avge yttrande- (till- eller avstyrkande) \u00f6ver medlems motion inf\u00f6r \u00e5rsm\u00f6tet. Sedan finns det lite olika resultat kring beslutet vid kretsens \u00e5rsm\u00f6te:<\/p>\n<ul>\n<li>Avslag \u2013 ingen vidare \u00e5tg\u00e4rd.<\/li>\n<li>Bifall \u2013 kretsen utf\u00f6r f\u00f6reslagen \u00e5tg\u00e4rd.<\/li>\n<\/ul>\n<h2>Motion till l\u00e4nsjaktv\u00e5rsf\u00f6reningen Dalarna<\/h2>\n<p>Motionen \u00f6verl\u00e4mnas med kretsens yttrande till l\u00e4nsjaktv\u00e5rdsf\u00f6reningen senast den 6 mars. Annan organisation med r\u00f6str\u00e4tt p\u00e5 l\u00e4nsf\u00f6reningsst\u00e4mman kan senast den 6 mars v\u00e4cka motion direkt hos l\u00e4nsjaktv\u00e5rdsf\u00f6reningen. Det \u00e5ligger l\u00e4nsjaktv\u00e5rdsf\u00f6reningens styrelse att till l\u00e4nsf\u00f6reningsst\u00e4mman avge yttrande \u00f6ver inkomna motioner. Detta g\u00e4ller inte av styrelsen sj\u00e4lva f\u00f6rfattade motioner (s\u00e5 kallade propositioner). L\u00e4nsjaktv\u00e5rdsf\u00f6reningens styrelse kan f\u00f6resl\u00e5 f\u00f6r\u00e4ndring i inkommen motion i sitt yttrande. L\u00e4nsst\u00e4mman beslutar om att anta den ursprungliga motionen eller enligt styrelsens f\u00f6rslag, alternativt avsl\u00e5r motionen. L\u00e4nsst\u00e4mman avg\u00f6r om motion ist\u00e4llet ska g\u00e5 vidare som skrivelse som d\u00e5 st\u00e4lls till f\u00f6rbundsstyrelsen. Detta g\u00e4ller ALLTID vid motioner om jakttider (enligt tidigare st\u00e4mmobeslut).<\/p>\n<h2>Svenska J\u00e4garef\u00f6rbundets \u00e5rsst\u00e4mma<\/h2>\n<p>Medlems eller jaktv\u00e5rdskrets motion ska st\u00e4llas till l\u00e4nsjaktv\u00e5rdsf\u00f6rening som beslutar om motionen ska f\u00f6ras vidare till J\u00e4garef\u00f6rbundets \u00e5rsst\u00e4mma. Motion till ordinarie \u00e5rsst\u00e4mma kan ocks\u00e5 v\u00e4ckas av l\u00e4nsjaktv\u00e5rdsf\u00f6rening (proposition fr\u00e5n l\u00e4nsjaktv\u00e5rdsf\u00f6reningens styrelse antas p\u00e5 l\u00e4nsf\u00f6reningsst\u00e4mma). L\u00e4nsjaktv\u00e5rdf\u00f6reningen \u00e4r ALLTID motion\u00e4r till f\u00f6rbundsst\u00e4mma. Motion ska senast fem dagar efter l\u00e4nsf\u00f6reningsst\u00e4mman \u00f6verl\u00e4mnas till J\u00e4garef\u00f6rbundet.<\/p>\n","protected":false},"excerpt":{"rendered":"<p>Motion till jaktv\u00e5rdskrets V\u00e4sterbergslagens JVK Medlem i jaktv\u00e5rdskrets har r\u00e4tt att l\u00e4gga f\u00f6rslag &#8211; motion till kretsens \u00e5rsm\u00f6te. Motionen ska vara kretsstyrelsen tillhanda senast 31 december. Det \u00e4r av yttersta vikt att motioner hanteras korrekt, men samtidigt ska de inom ramen f\u00f6r vad som \u00e4r rimligt behandlas med v\u00e4lvilja. Om motionen inneh\u00e5ller formella fel eller [&hellip;]<\/p>\n","protected":false},"author":290,"featured_media":0,"parent":0,"menu_order":0,"comment_status":"closed","ping_status":"closed","template":"","meta":{"footnotes":""},"class_list":["post-218","page","type-page","status-publish","hentry"],"_links":{"self":[{"href":"https:\/\/krets.jagareforbundet.se\/vasterbergslagen\/wp-json\/wp\/v2\/pages\/218","targetHints":{"allow":["GET"]}}],"collection":[{"href":"https:\/\/krets.jagareforbundet.se\/vasterbergslagen\/wp-json\/wp\/v2\/pages"}],"about":[{"href":"https:\/\/krets.jagareforbundet.se\/vasterbergslagen\/wp-json\/wp\/v2\/types\/page"}],"author":[{"embeddable":true,"href":"https:\/\/krets.jagareforbundet.se\/vasterbergslagen\/wp-json\/wp\/v2\/users\/290"}],"replies":[{"embeddable":true,"href":"https:\/\/krets.jagareforbundet.se\/vasterbergslagen\/wp-json\/wp\/v2\/comments?post=218"}],"version-history":[{"count":3,"href":"https:\/\/krets.jagareforbundet.se\/vasterbergslagen\/wp-json\/wp\/v2\/pages\/218\/revisions"}],"predecessor-version":[{"id":298,"href":"https:\/\/krets.jagareforbundet.se\/vasterbergslagen\/wp-json\/wp\/v2\/pages\/218\/revisions\/298"}],"wp:attachment":[{"href":"https:\/\/krets.jagareforbundet.se\/vasterbergslagen\/wp-json\/wp\/v2\/media?parent=218"}],"curies":[{"name":"wp","href":"https:\/\/api.w.org\/{rel}","templated":true}]}}