{"id":240,"date":"2019-08-28T08:58:40","date_gmt":"2019-08-28T06:58:40","guid":{"rendered":"https:\/\/krets.jagareforbundet.se\/vasterbergslagen\/?page_id=240"},"modified":"2026-01-22T19:45:07","modified_gmt":"2026-01-22T18:45:07","slug":"medlemsservice","status":"publish","type":"page","link":"https:\/\/krets.jagareforbundet.se\/vasterbergslagen\/medlemsformaner\/medlemsservice\/","title":{"rendered":"Medlemsservice"},"content":{"rendered":"<p class=\"intro\">Medlemsservice finns till f\u00f6r att st\u00f6dja dig som medlem och f\u00f6r att hj\u00e4lpa dig att ta del av dina f\u00f6rm\u00e5ner.<\/p>\n<div>\n<p>Medlemsservice svarar bland annat p\u00e5 fr\u00e5gor som ber\u00f6r medlemsavgifter, avier, f\u00f6rs\u00e4kringsintyg och inloggning till\u00a0<a href=\"https:\/\/jagareforbundet.upright.se\/#password\">Mina sidor<\/a>.<\/p>\n<p>Har du fr\u00e5gor om jakt och vilt? Kontakta din\u00a0<a href=\"https:\/\/jagareforbundet.se\/kontakt\/medlemsservice\/personal-i-landet\/\">n\u00e4rmaste jaktv\u00e5rdskonsulent<\/a>!\u00a0Eller ring v\u00e5r v\u00e4xel p\u00e5 077-18 30\u00a0300.<\/p>\n<p><a href=\"https:\/\/jagareforbundet.se\/medlem\/fragor-och-svar\/\">H\u00e4r hittar du fr\u00e5gor och svar<\/a>\u00a0p\u00e5 de vanligaste fr\u00e5gorna som kommer till Medlemsservice. Ta g\u00e4rna en titt d\u00e4r! Sj\u00e4lvklart kan du alltid kontakta oss direkt. Det g\u00f6r du enklast genom att anv\u00e4nda formul\u00e4ret nedan, ringa eller e-posta.\u00a0Obs! vid mejlkontakt uppge alltid medlemsnr eller personnr.<\/p>\n<h3>Kontakta oss p\u00e5 medlemsservice<\/h3>\n<ul>\n<li>Telefon 020-22 00 10<\/li>\n<li>E-post medlem@jagareforbundet.se<\/li>\n<li>Postadress: \u00d6ster Malma, 611 91 Nyk\u00f6ping<\/li>\n<\/ul>\n<p>Du n\u00e5r medlemsservice p\u00e5 telefon m\u00e5ndag \u2013 fredag klockan 08.30 \u2013 16.00. Lunchst\u00e4ngt 12.00-13.00.<\/p>\n<p><a href=\"https:\/\/jagareforbundet.se\/medlem\/medlemsservice1\/\" target=\"_blank\" rel=\"noopener noreferrer\">Vill du l\u00e4sa mer om medlemsservice klicka h\u00e4r.<\/a><\/p>\n<\/div>\n","protected":false},"excerpt":{"rendered":"<p>Medlemsservice finns till f\u00f6r att st\u00f6dja dig som medlem och f\u00f6r att hj\u00e4lpa dig att ta del av dina f\u00f6rm\u00e5ner. Medlemsservice svarar bland annat p\u00e5 fr\u00e5gor som ber\u00f6r medlemsavgifter, avier, f\u00f6rs\u00e4kringsintyg och inloggning till\u00a0Mina sidor. Har du fr\u00e5gor om jakt och vilt? Kontakta din\u00a0n\u00e4rmaste jaktv\u00e5rdskonsulent!\u00a0Eller ring v\u00e5r v\u00e4xel p\u00e5 077-18 30\u00a0300. H\u00e4r hittar du fr\u00e5gor [&hellip;]<\/p>\n","protected":false},"author":290,"featured_media":0,"parent":163,"menu_order":2,"comment_status":"closed","ping_status":"closed","template":"","meta":{"footnotes":""},"class_list":["post-240","page","type-page","status-publish","hentry"],"_links":{"self":[{"href":"https:\/\/krets.jagareforbundet.se\/vasterbergslagen\/wp-json\/wp\/v2\/pages\/240","targetHints":{"allow":["GET"]}}],"collection":[{"href":"https:\/\/krets.jagareforbundet.se\/vasterbergslagen\/wp-json\/wp\/v2\/pages"}],"about":[{"href":"https:\/\/krets.jagareforbundet.se\/vasterbergslagen\/wp-json\/wp\/v2\/types\/page"}],"author":[{"embeddable":true,"href":"https:\/\/krets.jagareforbundet.se\/vasterbergslagen\/wp-json\/wp\/v2\/users\/290"}],"replies":[{"embeddable":true,"href":"https:\/\/krets.jagareforbundet.se\/vasterbergslagen\/wp-json\/wp\/v2\/comments?post=240"}],"version-history":[{"count":2,"href":"https:\/\/krets.jagareforbundet.se\/vasterbergslagen\/wp-json\/wp\/v2\/pages\/240\/revisions"}],"predecessor-version":[{"id":1152,"href":"https:\/\/krets.jagareforbundet.se\/vasterbergslagen\/wp-json\/wp\/v2\/pages\/240\/revisions\/1152"}],"up":[{"embeddable":true,"href":"https:\/\/krets.jagareforbundet.se\/vasterbergslagen\/wp-json\/wp\/v2\/pages\/163"}],"wp:attachment":[{"href":"https:\/\/krets.jagareforbundet.se\/vasterbergslagen\/wp-json\/wp\/v2\/media?parent=240"}],"curies":[{"name":"wp","href":"https:\/\/api.w.org\/{rel}","templated":true}]}}