{"id":28,"date":"2011-09-09T08:06:13","date_gmt":"2011-09-09T08:06:13","guid":{"rendered":"https:\/\/krets.jagareforbundet.se\/template\/?page_id=28"},"modified":"2023-10-24T16:48:11","modified_gmt":"2023-10-24T14:48:11","slug":"kontakta-oss","status":"publish","type":"page","link":"https:\/\/krets.jagareforbundet.se\/vasterbergslagen\/kontakta-oss\/","title":{"rendered":"Kontakta oss"},"content":{"rendered":"<p>Vi vill h\u00e4r tacka LG IT f\u00f6r ett gott samarbete runt Jaktv\u00e5rdskretsens It och mail.<\/p>\n<p>Kontakta oss via mail genom att klicka h\u00e4r nedan:<br \/>\n<a href=\"mailto:vasterbergslagensjvk@lgmail.se\" data-linkindex=\"0\">vasterbergslagensjvk@lgmail.se<\/a><\/p>\n<p>&nbsp;<\/p>\n<p>&nbsp;<\/p>\n","protected":false},"excerpt":{"rendered":"<p>Vi vill h\u00e4r tacka LG IT f\u00f6r ett gott samarbete runt Jaktv\u00e5rdskretsens It och mail. Kontakta oss via mail genom att klicka h\u00e4r nedan: vasterbergslagensjvk@lgmail.se &nbsp; &nbsp;<\/p>\n","protected":false},"author":3,"featured_media":1089,"parent":0,"menu_order":0,"comment_status":"open","ping_status":"open","template":"","meta":{"footnotes":""},"class_list":["post-28","page","type-page","status-publish","has-post-thumbnail","hentry"],"_links":{"self":[{"href":"https:\/\/krets.jagareforbundet.se\/vasterbergslagen\/wp-json\/wp\/v2\/pages\/28","targetHints":{"allow":["GET"]}}],"collection":[{"href":"https:\/\/krets.jagareforbundet.se\/vasterbergslagen\/wp-json\/wp\/v2\/pages"}],"about":[{"href":"https:\/\/krets.jagareforbundet.se\/vasterbergslagen\/wp-json\/wp\/v2\/types\/page"}],"author":[{"embeddable":true,"href":"https:\/\/krets.jagareforbundet.se\/vasterbergslagen\/wp-json\/wp\/v2\/users\/3"}],"replies":[{"embeddable":true,"href":"https:\/\/krets.jagareforbundet.se\/vasterbergslagen\/wp-json\/wp\/v2\/comments?post=28"}],"version-history":[{"count":3,"href":"https:\/\/krets.jagareforbundet.se\/vasterbergslagen\/wp-json\/wp\/v2\/pages\/28\/revisions"}],"predecessor-version":[{"id":1090,"href":"https:\/\/krets.jagareforbundet.se\/vasterbergslagen\/wp-json\/wp\/v2\/pages\/28\/revisions\/1090"}],"wp:featuredmedia":[{"embeddable":true,"href":"https:\/\/krets.jagareforbundet.se\/vasterbergslagen\/wp-json\/wp\/v2\/media\/1089"}],"wp:attachment":[{"href":"https:\/\/krets.jagareforbundet.se\/vasterbergslagen\/wp-json\/wp\/v2\/media?parent=28"}],"curies":[{"name":"wp","href":"https:\/\/api.w.org\/{rel}","templated":true}]}}