{"id":316,"date":"2019-08-28T12:19:04","date_gmt":"2019-08-28T10:19:04","guid":{"rendered":"https:\/\/krets.jagareforbundet.se\/vasterbergslagen\/?page_id=316"},"modified":"2026-01-22T18:53:08","modified_gmt":"2026-01-22T17:53:08","slug":"verksamhet","status":"publish","type":"page","link":"https:\/\/krets.jagareforbundet.se\/vasterbergslagen\/om-kretsen\/verksamhet\/","title":{"rendered":"Verksamheten"},"content":{"rendered":"<p class=\"intro\">V\u00e5r uppgift \u00e4r att tillvarata medlemmarnas intressen i olika fr\u00e5gor samt att vara en l\u00e4nk fr\u00e5n jaktv\u00e5rdskretsen till och J\u00e4garef\u00f6rbundet. J\u00e4garef\u00f6rbundet Dalarna best\u00e5r av 19 jaktv\u00e5rdskretsar och har massor av verksamhet.<\/p>\n<h2><strong>Aktuella aktiviteter f\u00f6r kretsen<\/strong><\/h2>\n<p>Vi genomf\u00f6r ett antal aktuella aktiviteter under \u00e5ret. Vi arrangerar intressanta f\u00f6rel\u00e4sningar om vildsvin, viltefters\u00f6k med Per &#8221;Bula&#8221; Kristoffersson och andra aktuella \u00e4mnen. Har ni tankar och id\u00e9er om vad vi kan g\u00f6ra f\u00f6r aktiviteter s\u00e5 \u00e4r ni v\u00e4lkomna att h\u00f6ra av er.<\/p>\n<h2><strong>JAQT &#8211; kvinnligt n\u00e4tverk<\/strong><\/h2>\n<p><iframe loading=\"lazy\" title=\"JAQT - J\u00e4garef\u00f6rbundets n\u00e4tverk f\u00f6r jagande kvinnor\" width=\"500\" height=\"281\" src=\"https:\/\/www.youtube.com\/embed\/cCoxU1vLA0w?feature=oembed\" frameborder=\"0\" allow=\"accelerometer; autoplay; clipboard-write; encrypted-media; gyroscope; picture-in-picture; web-share\" referrerpolicy=\"strict-origin-when-cross-origin\" allowfullscreen><\/iframe><\/p>\n<p>Svenska J\u00e4garef\u00f6rbundets n\u00e4tverk f\u00f6r jaktintresserade kvinnor. <a href=\"https:\/\/jagareforbundet.se\/jakt\/jaqt\/\" target=\"_blank\" rel=\"noopener noreferrer\">L\u00e4s mer om n\u00e4tverket f\u00f6r kvinnor<\/a>.<\/p>\n<p>F\u00f6r fr\u00e5gor om v\u00e5r verksamhet eller om ni vill engagera er f\u00f6r att g\u00f6ra mer aktiviteter inom JAQT-n\u00e4tverket, var v\u00e4nlig och kontakta Karin Ahlb\u00e4ck, 073 &#8211; 061 65 71 eller e-post kperols@hotmail.com.<\/p>\n<h2>Ungdom<\/h2>\n<p>Vi i Svenska J\u00e4garef\u00f6rbundet vill att du som \u00e4r ung och jaktintresserad ska f\u00e5 m\u00f6jlighet att utvecklas som j\u00e4gare. Vi vill hj\u00e4lpa dig att skaffa dig mer kunskap om jakt, skytte, natur och viltv\u00e5rd. D\u00e4rf\u00f6r satsar vi p\u00e5 att ha en aktiv ungdomsverksamhet i hela landet. <a href=\"https:\/\/jagareforbundet.se\/jakt\/unga-jagare\" target=\"_blank\" rel=\"noopener noreferrer\">L\u00e4s mer: ungdomsverksamheten<\/a>.<\/p>\n<p>Ungdomsansvarig Mattias Strandberg\u00a0 e-post\u00a0<a href=\"mailto:mattiasstrandberg@hotmail.com\">mattiasstrandberg@hotmail.com<\/a><\/p>\n<h2>Skytte<\/h2>\n<p>H\u00e4r finner du jaktskyttet\u00e4vlingar och uttagningar till bland annat EM, l\u00e4nkar till jaktskytteklubbar och simulatorskytte samt hur du tar jaktskyttem\u00e4rken. <a href=\"https:\/\/jagareforbundet.se\/jakt\/skytte\/\" target=\"_blank\" rel=\"noopener noreferrer\">L\u00e4s mer om skytte<\/a>.<\/p>\n<p>Skytteansvarig Olle L\u00e5ngberg, olof.langberg@telia.com.<\/p>\n<h2>Utbildningar<\/h2>\n<p>J\u00e4garef\u00f6rbundet bjuder p\u00e5 ett stort urval av kurser inom omr\u00e5dena jakt, hund och natur! Titta n\u00e4rmare bland alla v\u00e5ra kurser via genom att <a href=\"https:\/\/jagareforbundet.se\/utbildning\/\" target=\"_blank\" rel=\"noopener noreferrer\">klicka h\u00e4r<\/a>.<\/p>\n<h2>Hund<\/h2>\n<p>J\u00e4garef\u00f6rbundet erbjuder aktiviteter, t\u00e4vlingar, utbildningar och n\u00e4tverk f\u00f6r hundf\u00f6rare som vill utvecklas som efters\u00f6ksj\u00e4gare.<\/p>\n<p>Hundansvarig Karin Ahlb\u00e4ck.<\/p>\n<a href=\"https:\/\/krets.jagareforbundet.se\/vasterbergslagen\/kontakta-oss\/\" class=\"woo-sc-button  custom\" style=\"background:;border-color:\"><span class=\"woo-\">Kontakta oss<\/span><\/a>\n","protected":false},"excerpt":{"rendered":"<p>V\u00e5r uppgift \u00e4r att tillvarata medlemmarnas intressen i olika fr\u00e5gor samt att vara en l\u00e4nk fr\u00e5n jaktv\u00e5rdskretsen till och J\u00e4garef\u00f6rbundet. J\u00e4garef\u00f6rbundet Dalarna best\u00e5r av 19 jaktv\u00e5rdskretsar och har massor av verksamhet. Aktuella aktiviteter f\u00f6r kretsen Vi genomf\u00f6r ett antal aktuella aktiviteter under \u00e5ret. Vi arrangerar intressanta f\u00f6rel\u00e4sningar om vildsvin, viltefters\u00f6k med Per &#8221;Bula&#8221; Kristoffersson och [&hellip;]<\/p>\n","protected":false},"author":290,"featured_media":0,"parent":200,"menu_order":0,"comment_status":"closed","ping_status":"closed","template":"","meta":{"footnotes":""},"class_list":["post-316","page","type-page","status-publish","hentry"],"_links":{"self":[{"href":"https:\/\/krets.jagareforbundet.se\/vasterbergslagen\/wp-json\/wp\/v2\/pages\/316","targetHints":{"allow":["GET"]}}],"collection":[{"href":"https:\/\/krets.jagareforbundet.se\/vasterbergslagen\/wp-json\/wp\/v2\/pages"}],"about":[{"href":"https:\/\/krets.jagareforbundet.se\/vasterbergslagen\/wp-json\/wp\/v2\/types\/page"}],"author":[{"embeddable":true,"href":"https:\/\/krets.jagareforbundet.se\/vasterbergslagen\/wp-json\/wp\/v2\/users\/290"}],"replies":[{"embeddable":true,"href":"https:\/\/krets.jagareforbundet.se\/vasterbergslagen\/wp-json\/wp\/v2\/comments?post=316"}],"version-history":[{"count":3,"href":"https:\/\/krets.jagareforbundet.se\/vasterbergslagen\/wp-json\/wp\/v2\/pages\/316\/revisions"}],"predecessor-version":[{"id":1145,"href":"https:\/\/krets.jagareforbundet.se\/vasterbergslagen\/wp-json\/wp\/v2\/pages\/316\/revisions\/1145"}],"up":[{"embeddable":true,"href":"https:\/\/krets.jagareforbundet.se\/vasterbergslagen\/wp-json\/wp\/v2\/pages\/200"}],"wp:attachment":[{"href":"https:\/\/krets.jagareforbundet.se\/vasterbergslagen\/wp-json\/wp\/v2\/media?parent=316"}],"curies":[{"name":"wp","href":"https:\/\/api.w.org\/{rel}","templated":true}]}}