{"id":336,"date":"2019-09-03T20:39:21","date_gmt":"2019-09-03T18:39:21","guid":{"rendered":"https:\/\/krets.jagareforbundet.se\/vasterbergslagen\/?page_id=336"},"modified":"2026-01-22T20:04:17","modified_gmt":"2026-01-22T19:04:17","slug":"utbildning","status":"publish","type":"page","link":"https:\/\/krets.jagareforbundet.se\/vasterbergslagen\/utbildning\/","title":{"rendered":"Utbildning"},"content":{"rendered":"<h2>Svenska J\u00e4garef\u00f6rbundets utbildningar och kurser<\/h2>\n<div>\n<p>J\u00e4garef\u00f6rbundet bjuder p\u00e5 ett stort urval av kurser inom de omr\u00e5dena inom jakt, hund och natur! Titta n\u00e4rmare bland alla v\u00e5ra kurser! Det finns \u00e4ven m\u00f6jlighet att g\u00e5 kostnadsfria e-utbildningar.<\/p>\n<a target=\"_blank\" href=\"https:\/\/jagareforbundet.se\/utbildning\/\" class=\"woo-sc-button  custom\" style=\"background:;border-color:\"><span class=\"woo-\">Utbildningar och kurser<\/span><\/a>\n<\/div>\n<h2>V\u00e4sterbergslagens JVKs utbildningar och aktiviteter<\/h2>\n<p>Kretsen arrangerar l\u00f6pande utbildningar tillsammans med Svenska J\u00e4garef\u00f6rbundet och andra samarbetspartners. Har ni \u00f6nskem\u00e5l om utbildningar och aktiviteter ta kontakt med oss genom att maila p\u00e5 vbjvk@lgmail.se.<\/p>\n","protected":false},"excerpt":{"rendered":"<p>Svenska J\u00e4garef\u00f6rbundets utbildningar och kurser J\u00e4garef\u00f6rbundet bjuder p\u00e5 ett stort urval av kurser inom de omr\u00e5dena inom jakt, hund och natur! Titta n\u00e4rmare bland alla v\u00e5ra kurser! Det finns \u00e4ven m\u00f6jlighet att g\u00e5 kostnadsfria e-utbildningar. V\u00e4sterbergslagens JVKs utbildningar och aktiviteter Kretsen arrangerar l\u00f6pande utbildningar tillsammans med Svenska J\u00e4garef\u00f6rbundet och andra samarbetspartners. Har ni \u00f6nskem\u00e5l om [&hellip;]<\/p>\n","protected":false},"author":290,"featured_media":0,"parent":0,"menu_order":0,"comment_status":"closed","ping_status":"closed","template":"","meta":{"footnotes":""},"class_list":["post-336","page","type-page","status-publish","hentry"],"_links":{"self":[{"href":"https:\/\/krets.jagareforbundet.se\/vasterbergslagen\/wp-json\/wp\/v2\/pages\/336","targetHints":{"allow":["GET"]}}],"collection":[{"href":"https:\/\/krets.jagareforbundet.se\/vasterbergslagen\/wp-json\/wp\/v2\/pages"}],"about":[{"href":"https:\/\/krets.jagareforbundet.se\/vasterbergslagen\/wp-json\/wp\/v2\/types\/page"}],"author":[{"embeddable":true,"href":"https:\/\/krets.jagareforbundet.se\/vasterbergslagen\/wp-json\/wp\/v2\/users\/290"}],"replies":[{"embeddable":true,"href":"https:\/\/krets.jagareforbundet.se\/vasterbergslagen\/wp-json\/wp\/v2\/comments?post=336"}],"version-history":[{"count":3,"href":"https:\/\/krets.jagareforbundet.se\/vasterbergslagen\/wp-json\/wp\/v2\/pages\/336\/revisions"}],"predecessor-version":[{"id":1157,"href":"https:\/\/krets.jagareforbundet.se\/vasterbergslagen\/wp-json\/wp\/v2\/pages\/336\/revisions\/1157"}],"wp:attachment":[{"href":"https:\/\/krets.jagareforbundet.se\/vasterbergslagen\/wp-json\/wp\/v2\/media?parent=336"}],"curies":[{"name":"wp","href":"https:\/\/api.w.org\/{rel}","templated":true}]}}