{"id":451,"date":"2019-09-12T22:55:38","date_gmt":"2019-09-12T20:55:38","guid":{"rendered":"https:\/\/krets.jagareforbundet.se\/vasterbergslagen\/?page_id=451"},"modified":"2026-01-22T19:59:54","modified_gmt":"2026-01-22T18:59:54","slug":"rovdjur","status":"publish","type":"page","link":"https:\/\/krets.jagareforbundet.se\/vasterbergslagen\/rovdjur\/","title":{"rendered":"Rovdjur"},"content":{"rendered":"<p>De stora rovdjur som f\u00f6rekommer i Sverige ska regleras genom jakt s\u00e5 att numer\u00e4r och utbredning regionalt h\u00e5lls p\u00e5 en niv\u00e5 som \u00e4r <strong>acceptabel f\u00f6r lokalbefolkningen, viltv\u00e5rden och den nordiska jakttraditionen<\/strong>. Nedan finner\u00a0 du delar ur Svenska J\u00e4garef\u00f6rbundets vision f\u00f6r rovdjursf\u00f6rvaltningen i Sverige.<\/p>\n<div>\n<p><strong>Antalet rovdjur i landet<\/strong> ska utg\u00e5 fr\u00e5n bland annat biologiska f\u00f6ruts\u00e4ttningar, samh\u00e4llets beslut, socio-ekonomiska faktorer, m\u00e4nniskans behov och rovdjurens p\u00e5verkan p\u00e5 lokalsamh\u00e4llet.<\/p>\n<p>F\u00f6rvaltningen av rovdjuren ska vara tydlig, l\u00e5ngsiktig och f\u00f6ruts\u00e4gbar. Beskattningsbara populationer ska begr\u00e4nsas med licensjakt eller allm\u00e4n jakt inom biologiskt korrekta jakttidsramar. Problemindivider ska avlivas via skyddsjakt, efter snabb handl\u00e4ggning. S\u00e5 m\u00e5nga beslut som m\u00f6jligt som r\u00f6r rovdjuren ska fattas lokalt. Antalet rovdjur f\u00e5r aldrig bli s\u00e5 stort att det inte finns utrymme f\u00f6r meningsfull jakt p\u00e5 \u00f6vrigt vilt inom rovdjurens utbredningsomr\u00e5de. H\u00e4nsyn m\u00e5ste alltid tas till det samlade rovdjurstrycket.<\/p>\n<p><img decoding=\"async\" src=\"https:\/\/jagareforbundet.se\/contentassets\/93f0d10e87154bdb82ee46b22135ff2e\/varg_bak_trad.jpg\" alt=\"\" width=\"100%\" \/><br \/>\n<span class=\"copy\">Varg. Foto: Madeleine Lewander<\/span><\/p>\n<p><strong>Vargf\u00f6rvaltningen<\/strong>\u00a0kr\u00e4ver extra h\u00e4nsyn till de n\u00e4ringar och m\u00e4nniskor som drabbas. Vargstammen ska vara frisk och livskraftig, men inneh\u00e5lla s\u00e5 f\u00e5 individer som m\u00f6jligt (maximalt 150 som inte \u00e4r koncentrerade till n\u00e5gra f\u00e5 l\u00e4n).<br \/>\n<a href=\"https:\/\/jagareforbundet.se\/var-verksamhet\/sa-tycker-jagareforbundet\/rovdjur\/vargen-sa-har-tycker-jagareforbundet\/\">L\u00e4s mer!<\/a><\/p>\n<p><strong><img decoding=\"async\" src=\"https:\/\/jagareforbundet.se\/contentassets\/93f0d10e87154bdb82ee46b22135ff2e\/15390162-lynx-in-the-snow-background-while-looking-at-you.jpg\" alt=\"\" width=\"100%\" \/><br \/>\n<\/strong><span class=\"copy\">Lodjur. Foto: Mostphotos<\/span><\/p>\n<p><strong>Lodjuren<\/strong>\u00a0kr\u00e4ver en aktiv f\u00f6rvaltning d\u00e4r lodjurens predation p\u00e5 framf\u00f6r allt r\u00e5djur utg\u00f6r grund f\u00f6r f\u00f6rvaltningen. I ingen del av Sverige ska stammen till\u00e5tas vara s\u00e5 stor att jaktintressena eller n\u00e4ringar p\u00e5verkas i orimlig omfattning.<\/p>\n<p><img decoding=\"async\" src=\"https:\/\/jagareforbundet.se\/contentassets\/93f0d10e87154bdb82ee46b22135ff2e\/15190845-brown-bear-ursus-arctos-in-winter-forest.jpg\" alt=\"\" width=\"100%\" \/><br \/>\n<span class=\"copy\">Bj\u00f6rn. Foto: Mostphotos<\/span><\/p>\n<p><strong>Bj\u00f6rnstammen<\/strong>\u00a0ligger idag l\u00e5ngt \u00f6ver sin miniminiv\u00e5. Bj\u00f6rnen \u00e4r i sig en viktig jaktlig resurs, men stammen b\u00f6r inte till\u00e5tas att bli s\u00e5 stor att jakt p\u00e5 \u00e4lg \u00e4ventyras eller n\u00e4ringar hotas. En \u00e5rlig best\u00e5ndsreglerande licensjakt, tillsammans med skyddsjakt \u00e4r en bra f\u00f6rvaltningsmodell f\u00f6r att h\u00e5lla stammen p\u00e5 de niv\u00e5er man beslutat om regionalt.<\/p>\n<p><a href=\"https:\/\/www.skandobs.se\/\" target=\"_blank\" rel=\"noopener noreferrer\">Rapportera rovdjur i Skandobs<\/a><\/p>\n<\/div>\n","protected":false},"excerpt":{"rendered":"<p>De stora rovdjur som f\u00f6rekommer i Sverige ska regleras genom jakt s\u00e5 att numer\u00e4r och utbredning regionalt h\u00e5lls p\u00e5 en niv\u00e5 som \u00e4r acceptabel f\u00f6r lokalbefolkningen, viltv\u00e5rden och den nordiska jakttraditionen. Nedan finner\u00a0 du delar ur Svenska J\u00e4garef\u00f6rbundets vision f\u00f6r rovdjursf\u00f6rvaltningen i Sverige. Antalet rovdjur i landet ska utg\u00e5 fr\u00e5n bland annat biologiska f\u00f6ruts\u00e4ttningar, samh\u00e4llets [&hellip;]<\/p>\n","protected":false},"author":290,"featured_media":0,"parent":0,"menu_order":0,"comment_status":"closed","ping_status":"closed","template":"","meta":{"footnotes":""},"class_list":["post-451","page","type-page","status-publish","hentry"],"_links":{"self":[{"href":"https:\/\/krets.jagareforbundet.se\/vasterbergslagen\/wp-json\/wp\/v2\/pages\/451","targetHints":{"allow":["GET"]}}],"collection":[{"href":"https:\/\/krets.jagareforbundet.se\/vasterbergslagen\/wp-json\/wp\/v2\/pages"}],"about":[{"href":"https:\/\/krets.jagareforbundet.se\/vasterbergslagen\/wp-json\/wp\/v2\/types\/page"}],"author":[{"embeddable":true,"href":"https:\/\/krets.jagareforbundet.se\/vasterbergslagen\/wp-json\/wp\/v2\/users\/290"}],"replies":[{"embeddable":true,"href":"https:\/\/krets.jagareforbundet.se\/vasterbergslagen\/wp-json\/wp\/v2\/comments?post=451"}],"version-history":[{"count":3,"href":"https:\/\/krets.jagareforbundet.se\/vasterbergslagen\/wp-json\/wp\/v2\/pages\/451\/revisions"}],"predecessor-version":[{"id":1155,"href":"https:\/\/krets.jagareforbundet.se\/vasterbergslagen\/wp-json\/wp\/v2\/pages\/451\/revisions\/1155"}],"wp:attachment":[{"href":"https:\/\/krets.jagareforbundet.se\/vasterbergslagen\/wp-json\/wp\/v2\/media?parent=451"}],"curies":[{"name":"wp","href":"https:\/\/api.w.org\/{rel}","templated":true}]}}