{"id":461,"date":"2019-09-12T23:07:32","date_gmt":"2019-09-12T21:07:32","guid":{"rendered":"https:\/\/krets.jagareforbundet.se\/vasterbergslagen\/?page_id=461"},"modified":"2026-01-22T20:10:48","modified_gmt":"2026-01-22T19:10:48","slug":"viltolyckor-2","status":"publish","type":"page","link":"https:\/\/krets.jagareforbundet.se\/vasterbergslagen\/viltolyckor-2\/","title":{"rendered":"Viltolyckor"},"content":{"rendered":"<p>Alla viltolyckor enligt nedan <strong>skall anm\u00e4las<\/strong> till SOS p\u00e5 telefon 112, alla olyckor med tamdjur anm\u00e4ls till Polisens telefon 114 14.<\/p>\n<p>Det vilt som vid viltolycka skall anm\u00e4las till SOS 112 \u00e4r enl. jaktf\u00f6rordningen \u00a7 40 bj\u00f6rn, varg, j\u00e4rv, lodjur, \u00e4lg, hjort, r\u00e5djur, utter, vildsvin, mufflonf\u00e5r och \u00f6rn. \u00d6vriga vilt tas fr\u00e5n v\u00e4gen s\u00e5 de ej orsakar ny viltolycka eller st\u00f6r trafiken.<\/p>\n<h1 style=\"text-align: center\">&#8221;Nationella Viltolycksr\u00e5det, NVR, \u00e4r ett nationellt samarbetsorgan som arbetar med fr\u00e5gor inom viltolycksproblematik&#8221;<\/h1>\n<p>2007-01-01 fick Rikspolisstyrelsen av regeringen i uppdrag att ansvara f\u00f6r r\u00e5det vars huvudinriktning \u00e4r att organisera en nationell viltolycksorganisation f\u00f6r efters\u00f6k av trafikskadat vilt och verka f\u00f6r att organisationen nyttjas, underh\u00e5lls och utvecklas.<\/p>\n<p>Inom ramen f\u00f6r sitt allm\u00e4nna uppdrag svarar Svenska J\u00e4garef\u00f6rbundet f\u00f6r att tillsammans med J\u00e4garnas Riksf\u00f6rbund tillhandah\u00e5lla efters\u00f6ksj\u00e4gare med sp\u00e5rhundar och kontaktpersoner f\u00f6r viltolycksorganisationen.\u00a0Trafikverket har ansvaret f\u00f6r den del i r\u00e5det som avser viltolycksf\u00f6rebyggande \u00e5tg\u00e4rder.<\/p>\n<p>Nationella Viltolycksr\u00e5det har varit banbrytande bl.a. genom uppbyggnaden av ett nationellt samarbete i viltolycksfr\u00e5gor med ett flertal olika organisationer medverkande. Cirka 5 500 j\u00e4gare \u00e4r engagerade i efters\u00f6k av trafikskadat vilt och under \u00e5ren har tusentals efters\u00f6k genomf\u00f6rts, helgdag och vardag, dag som natt och i alla f\u00f6rekommande v\u00e4derleksf\u00f6rh\u00e5llanden f\u00f6r att f\u00f6rkorta lidandet hos trafikskadat vilt.<\/p>\n<p>I Nationella Viltolycksr\u00e5dets verksamhet \u00e4r samtliga 21 l\u00e4n i Sverige engagerade och i varje l\u00e4n finns en l\u00e4nsansvarig fr\u00e5n j\u00e4garorganisation och en fr\u00e5n Polismyndigheten.<\/p>\n<p><a href=\"https:\/\/statistik.viltolycka.se\/statistik\/har-hander-viltolyckorna-dar-du-bor\/\">H\u00e4r h\u00e4nder viltolyckorna i din kommun &#8211; Nationella Viltolycksr\u00e5det<\/a><\/p>\n","protected":false},"excerpt":{"rendered":"<p>Alla viltolyckor enligt nedan skall anm\u00e4las till SOS p\u00e5 telefon 112, alla olyckor med tamdjur anm\u00e4ls till Polisens telefon 114 14. Det vilt som vid viltolycka skall anm\u00e4las till SOS 112 \u00e4r enl. jaktf\u00f6rordningen \u00a7 40 bj\u00f6rn, varg, j\u00e4rv, lodjur, \u00e4lg, hjort, r\u00e5djur, utter, vildsvin, mufflonf\u00e5r och \u00f6rn. \u00d6vriga vilt tas fr\u00e5n v\u00e4gen s\u00e5 de [&hellip;]<\/p>\n","protected":false},"author":290,"featured_media":0,"parent":0,"menu_order":0,"comment_status":"closed","ping_status":"closed","template":"","meta":{"footnotes":""},"class_list":["post-461","page","type-page","status-publish","hentry"],"_links":{"self":[{"href":"https:\/\/krets.jagareforbundet.se\/vasterbergslagen\/wp-json\/wp\/v2\/pages\/461","targetHints":{"allow":["GET"]}}],"collection":[{"href":"https:\/\/krets.jagareforbundet.se\/vasterbergslagen\/wp-json\/wp\/v2\/pages"}],"about":[{"href":"https:\/\/krets.jagareforbundet.se\/vasterbergslagen\/wp-json\/wp\/v2\/types\/page"}],"author":[{"embeddable":true,"href":"https:\/\/krets.jagareforbundet.se\/vasterbergslagen\/wp-json\/wp\/v2\/users\/290"}],"replies":[{"embeddable":true,"href":"https:\/\/krets.jagareforbundet.se\/vasterbergslagen\/wp-json\/wp\/v2\/comments?post=461"}],"version-history":[{"count":3,"href":"https:\/\/krets.jagareforbundet.se\/vasterbergslagen\/wp-json\/wp\/v2\/pages\/461\/revisions"}],"predecessor-version":[{"id":1159,"href":"https:\/\/krets.jagareforbundet.se\/vasterbergslagen\/wp-json\/wp\/v2\/pages\/461\/revisions\/1159"}],"wp:attachment":[{"href":"https:\/\/krets.jagareforbundet.se\/vasterbergslagen\/wp-json\/wp\/v2\/media?parent=461"}],"curies":[{"name":"wp","href":"https:\/\/api.w.org\/{rel}","templated":true}]}}