{"id":594,"date":"2020-04-26T14:00:25","date_gmt":"2020-04-26T12:00:25","guid":{"rendered":"https:\/\/krets.jagareforbundet.se\/vasterbergslagen\/?page_id=594"},"modified":"2026-01-29T16:07:12","modified_gmt":"2026-01-29T15:07:12","slug":"arsmote","status":"publish","type":"page","link":"https:\/\/krets.jagareforbundet.se\/vasterbergslagen\/medlemsformaner\/arsmote\/","title":{"rendered":"\u00c5rsm\u00f6te"},"content":{"rendered":"<p><strong>\u00c5rsm\u00f6te 11 februari 2026, F\u00f6rsamlingsg\u00e5rden Ludvika, tid: 18.00<\/strong><\/p>\n<p>Vid m\u00f6tet bjuder vi p\u00e5 kaffe\/te och sm\u00f6rg\u00e5s. Fredrik Perols fr\u00e5n L\u00e4nsstyrelsen Dalarna g\u00e5r igenom r\u00e5dande rovdjursl\u00e4ge.  Missa heller inte v\u00e5r utlottning av biljetter till jakt och fiskem\u00e4ssan i Smedjebacken!<\/p>\n<p>H\u00e4r nedan kommer ni att finna de handlingar som behandlas under\u00a0 m\u00f6tet.<\/p>\n<p>1. <a href=\"https:\/\/krets.jagareforbundet.se\/vasterbergslagen\/files\/2026\/01\/Dagordning-arsmote-2026.pdf\">Dagordning \u00e5rsm\u00f6te 2026<\/a><\/p>\n<p>2. <a href=\"https:\/\/krets.jagareforbundet.se\/vasterbergslagen\/files\/2026\/01\/arsredovisning_2025.pdf\">\u00e5rsredovisning_2025<\/a><\/p>\n<p>3.\u00a0 \u00c5rsm\u00f6te<\/p>\n<p>4. Motioner &#8211; inga inkomna motioner<\/p>\n<p>5. Styrelsens yttrande till motioner<\/p>\n<p>6. <a href=\"https:\/\/krets.jagareforbundet.se\/vasterbergslagen\/files\/2026\/01\/Verksamhetsplan-2026-Vasterbergslagens-Jaktvardskrets.pdf\">Verksamhetsplan 2026 V\u00e4sterbergslagens Jaktv\u00e5rdskrets<\/a><\/p>\n<p>&nbsp;<\/p>\n<p><strong>\u00d6vriga \u00e5rsm\u00f6tesrelaterade dokument<\/strong><\/p>\n<ul>\n<li><a href=\"https:\/\/krets.jagareforbundet.se\/vasterbergslagen\/files\/2026\/01\/Stadgar-Jagareforbundet-Vasterbergslagens-Jaktvardskrets-2022.pdf\" target=\"_blank\" rel=\"noopener\">Stadgedokument V\u00e4sterbergslagens JVK<\/a><\/li>\n<\/ul>\n<hr \/>\n<p>&nbsp;<\/p>\n<p>Saknar ni n\u00e5gon information? Kontakta g\u00e4rna ordf\u00f6rande Torbj\u00f6rn Andersson via telefon 070 &#8211; 604 31 46<\/p>\n","protected":false},"excerpt":{"rendered":"<p>\u00c5rsm\u00f6te 11 februari 2026, F\u00f6rsamlingsg\u00e5rden Ludvika, tid: 18.00 Vid m\u00f6tet bjuder vi p\u00e5 kaffe\/te och sm\u00f6rg\u00e5s. Fredrik Perols fr\u00e5n L\u00e4nsstyrelsen Dalarna g\u00e5r igenom r\u00e5dande rovdjursl\u00e4ge. Missa heller inte v\u00e5r utlottning av biljetter till jakt och fiskem\u00e4ssan i Smedjebacken! H\u00e4r nedan kommer ni att finna de handlingar som behandlas under\u00a0 m\u00f6tet. 1. Dagordning \u00e5rsm\u00f6te 2026 2. [&hellip;]<\/p>\n","protected":false},"author":290,"featured_media":0,"parent":163,"menu_order":0,"comment_status":"closed","ping_status":"closed","template":"","meta":{"footnotes":""},"class_list":["post-594","page","type-page","status-publish","hentry"],"_links":{"self":[{"href":"https:\/\/krets.jagareforbundet.se\/vasterbergslagen\/wp-json\/wp\/v2\/pages\/594","targetHints":{"allow":["GET"]}}],"collection":[{"href":"https:\/\/krets.jagareforbundet.se\/vasterbergslagen\/wp-json\/wp\/v2\/pages"}],"about":[{"href":"https:\/\/krets.jagareforbundet.se\/vasterbergslagen\/wp-json\/wp\/v2\/types\/page"}],"author":[{"embeddable":true,"href":"https:\/\/krets.jagareforbundet.se\/vasterbergslagen\/wp-json\/wp\/v2\/users\/290"}],"replies":[{"embeddable":true,"href":"https:\/\/krets.jagareforbundet.se\/vasterbergslagen\/wp-json\/wp\/v2\/comments?post=594"}],"version-history":[{"count":3,"href":"https:\/\/krets.jagareforbundet.se\/vasterbergslagen\/wp-json\/wp\/v2\/pages\/594\/revisions"}],"predecessor-version":[{"id":1174,"href":"https:\/\/krets.jagareforbundet.se\/vasterbergslagen\/wp-json\/wp\/v2\/pages\/594\/revisions\/1174"}],"up":[{"embeddable":true,"href":"https:\/\/krets.jagareforbundet.se\/vasterbergslagen\/wp-json\/wp\/v2\/pages\/163"}],"wp:attachment":[{"href":"https:\/\/krets.jagareforbundet.se\/vasterbergslagen\/wp-json\/wp\/v2\/media?parent=594"}],"curies":[{"name":"wp","href":"https:\/\/api.w.org\/{rel}","templated":true}]}}