{"id":757,"date":"2020-10-22T17:22:54","date_gmt":"2020-10-22T15:22:54","guid":{"rendered":"https:\/\/krets.jagareforbundet.se\/vasterbergslagen\/?page_id=757"},"modified":"2021-04-26T15:48:55","modified_gmt":"2021-04-26T13:48:55","slug":"rovdjurskoll-0240","status":"publish","type":"page","link":"https:\/\/krets.jagareforbundet.se\/vasterbergslagen\/rovdjur\/rovdjurskoll-0240\/","title":{"rendered":"Rovdjurskoll 0240"},"content":{"rendered":"<p>Under de senaste \u00e5ren har vargn\u00e4rvaron \u00f6kat i kommunerna och n\u00e5gra enstaka vargangrepp p\u00e5 tamboskap anm\u00e4ls \u00e5rligen \u00e4n s\u00e5 l\u00e4nge. D\u00e4rf\u00f6r skapar LRF Barkenbygden och Svenska J\u00e4garef\u00f6rbundets krets V\u00e4sterbergslagens JVK en SMS-grupp f\u00f6r intresserade mark\u00e4gare och tamboskaps\u00e4gare.<\/p>\n<p>Syftet med SMS-gruppen \u00e4r att varna de intresserade kring eventuella observationer kring vargar och andra fynd, s\u00e5 att de kan flytta tamboskapen om det beh\u00f6vs i tid f\u00f6r att jobba f\u00f6rebyggande f\u00f6r att minimera angreppen i omr\u00e5det. Liknande SMS-grupp finns f\u00f6r jaktledarna\/j\u00e4garna inom vargomr\u00e5dena, vi vill med detta initiativ g\u00f6ra det m\u00f6jligt f\u00f6r andra intressenter att ta del och dela med sig av information.<\/p>\n<p><strong>Hur g\u00f6r jag f\u00f6r att anm\u00e4la mig till SMS-gruppen?<\/strong><\/p>\n<p>Skicka ett sms eller ett e-post till Torbj\u00f6rn Andersson, s\u00e5 l\u00e4gger vi till er i SMS-gruppen och ni f\u00e5r l\u00f6pande info. \u00c4r ni med i tidigare varggrupper f\u00f6r j\u00e4gare och jaktledare s\u00e5 kommer ni inte kunna anm\u00e4la er till denna SMS-grupp eftersom det finns begr\u00e4nsat antal medlemmar i varje grupp och att det \u00e4r samma information som sprider sig f\u00f6r aktuellt omr\u00e5de. Gruppen heter \u201dRovdjurskoll 0240\u201d och det \u00e4r kostnadsfritt men vi ser g\u00e4rna att ni \u00e4r medlem i antingen V\u00e4sterbergslagens JVK eller LRF Barkenbygden, eller b\u00e5de och. T\u00e4nk p\u00e5 vad ni skriver i grupperna eftersom informationen g\u00e5r ut till alla som \u00e4r med p\u00e5 s\u00e4ndlistan.<\/p>\n<p><strong>\u00a0<\/strong><\/p>\n<p><strong>Genom j\u00e4gare SMS-grupperna s\u00e5 t\u00e4cker vi av f\u00f6ljande vargomr\u00e5de:<\/strong><\/p>\n<p>G\u00e5smyren, Norrb\u00e4rke och Ludvika S\u00f6dra.<\/p>\n<p>&nbsp;<\/p>\n<p><strong>Ansvarig V\u00e4sterbergslagens JVK<\/strong><br \/>\nTorbj\u00f6rn Andersson<br \/>\n070 \u2013 60 43 146<br \/>\n<a href=\"mailto:torbjorn.andersson74@telia.com\">torbjorn.andersson74@telia.com<\/a><\/p>\n<p><strong>Ansvarig LRF Barkenbygden<\/strong><br \/>\nJohan Persson<br \/>\n073 \u2013 09 63 534<br \/>\n<a href=\"mailto:bondenjohan@gmail.com\">bondenjohan@gmail.com<\/a><\/p>\n","protected":false},"excerpt":{"rendered":"<p>Under de senaste \u00e5ren har vargn\u00e4rvaron \u00f6kat i kommunerna och n\u00e5gra enstaka vargangrepp p\u00e5 tamboskap anm\u00e4ls \u00e5rligen \u00e4n s\u00e5 l\u00e4nge. D\u00e4rf\u00f6r skapar LRF Barkenbygden och Svenska J\u00e4garef\u00f6rbundets krets V\u00e4sterbergslagens JVK en SMS-grupp f\u00f6r intresserade mark\u00e4gare och tamboskaps\u00e4gare. Syftet med SMS-gruppen \u00e4r att varna de intresserade kring eventuella observationer kring vargar och andra fynd, s\u00e5 att [&hellip;]<\/p>\n","protected":false},"author":290,"featured_media":0,"parent":451,"menu_order":0,"comment_status":"closed","ping_status":"closed","template":"","meta":{"footnotes":""},"class_list":["post-757","page","type-page","status-publish","hentry"],"_links":{"self":[{"href":"https:\/\/krets.jagareforbundet.se\/vasterbergslagen\/wp-json\/wp\/v2\/pages\/757","targetHints":{"allow":["GET"]}}],"collection":[{"href":"https:\/\/krets.jagareforbundet.se\/vasterbergslagen\/wp-json\/wp\/v2\/pages"}],"about":[{"href":"https:\/\/krets.jagareforbundet.se\/vasterbergslagen\/wp-json\/wp\/v2\/types\/page"}],"author":[{"embeddable":true,"href":"https:\/\/krets.jagareforbundet.se\/vasterbergslagen\/wp-json\/wp\/v2\/users\/290"}],"replies":[{"embeddable":true,"href":"https:\/\/krets.jagareforbundet.se\/vasterbergslagen\/wp-json\/wp\/v2\/comments?post=757"}],"version-history":[{"count":3,"href":"https:\/\/krets.jagareforbundet.se\/vasterbergslagen\/wp-json\/wp\/v2\/pages\/757\/revisions"}],"predecessor-version":[{"id":906,"href":"https:\/\/krets.jagareforbundet.se\/vasterbergslagen\/wp-json\/wp\/v2\/pages\/757\/revisions\/906"}],"up":[{"embeddable":true,"href":"https:\/\/krets.jagareforbundet.se\/vasterbergslagen\/wp-json\/wp\/v2\/pages\/451"}],"wp:attachment":[{"href":"https:\/\/krets.jagareforbundet.se\/vasterbergslagen\/wp-json\/wp\/v2\/media?parent=757"}],"curies":[{"name":"wp","href":"https:\/\/api.w.org\/{rel}","templated":true}]}}