{"id":126,"date":"2014-02-09T12:50:27","date_gmt":"2014-02-09T11:50:27","guid":{"rendered":"https:\/\/krets.jagareforbundet.se\/vasterviksnorra\/?page_id=126"},"modified":"2026-03-13T09:24:12","modified_gmt":"2026-03-13T08:24:12","slug":"vnjk-styrelse","status":"publish","type":"page","link":"https:\/\/krets.jagareforbundet.se\/vasterviksnorra\/vnjk-styrelse\/","title":{"rendered":"Styrelse, funktion\u00e4rer och ombud i V\u00e4stervik Norra"},"content":{"rendered":"<h3>Styrelse<\/h3>\n<p><strong>Ordf\u00f6rande<\/strong><br \/>\nPelle Frisell<br \/>\nTelnr: 070-5521090<br \/>\nE-post:pelle.frisell@gmail.com<\/p>\n<p><strong>Vice ordf\u00f6rande<\/strong><br \/>\nFredric Hellner<br \/>\nE-post:fredric.hellner@hotmail.com<\/p>\n<p><strong>Sekreterare<\/strong><br \/>\nElisabet Sj\u00f6strand<br \/>\nE-post:sjostrand.elisabet@hotmail.com<\/p>\n<p><strong>Kass\u00f6r<\/strong><br \/>\nAndreas Rosell<br \/>\nE-post:andreas.rosell80@gmail.com<\/p>\n<p><strong>Ledam\u00f6ter<\/strong>: Christer Carlsson, Joakim Karlsson, H\u00e5kan Svensson<br \/>\n<strong>Suppleanter<\/strong>: Per Sj\u00f6strand, Linnea Hagelin<\/p>\n<h3>\u00d6vriga funktioner och roller<\/h3>\n<p><strong>Revisorer<\/strong>: Andreas Svensson (sammankallande), Nils Persson samt suppleant Akko Karlsson.<\/p>\n<p><strong>Valberedning<\/strong>: Svante Gustavsson (sammankallande), Bengt Andersson.<\/p>\n<p><strong>Hund- och efters\u00f6ksansvarig<\/strong><br \/>\nKarl-Johan Rydberg<br \/>\nE-post: k-j.rydberg@hotmail.com<\/p>\n<p><strong>JAQT ombud<\/strong><br \/>\nAkko Karlsson<br \/>\nE-post: <a href=\"mailto:akko.karlsson@gmail.com\">akko.karlsson@gmail.com<\/a><\/p>\n<p><strong>Ungdomsombud<\/strong><br \/>\nAdam Stenbeck<br \/>\nE-post: adam.stenbeck@gmail.com<\/p>\n<p><strong>Studieombud<\/strong>: Mikael Johansson<\/p>\n","protected":false},"excerpt":{"rendered":"<p>Styrelse Ordf\u00f6rande Pelle Frisell Telnr: 070-5521090 E-post:pelle.frisell@gmail.com Vice ordf\u00f6rande Fredric Hellner E-post:fredric.hellner@hotmail.com Sekreterare Elisabet Sj\u00f6strand E-post:sjostrand.elisabet@hotmail.com Kass\u00f6r Andreas Rosell E-post:andreas.rosell80@gmail.com Ledam\u00f6ter: Christer Carlsson, Joakim Karlsson, H\u00e5kan Svensson Suppleanter: Per Sj\u00f6strand, Linnea Hagelin \u00d6vriga funktioner och roller Revisorer: Andreas Svensson (sammankallande), Nils Persson samt suppleant Akko Karlsson. Valberedning: Svante Gustavsson (sammankallande), Bengt Andersson. Hund- och efters\u00f6ksansvarig [&hellip;]<\/p>\n","protected":false},"author":95,"featured_media":0,"parent":0,"menu_order":0,"comment_status":"open","ping_status":"open","template":"","meta":{"footnotes":""},"class_list":["post-126","page","type-page","status-publish","hentry"],"_links":{"self":[{"href":"https:\/\/krets.jagareforbundet.se\/vasterviksnorra\/wp-json\/wp\/v2\/pages\/126","targetHints":{"allow":["GET"]}}],"collection":[{"href":"https:\/\/krets.jagareforbundet.se\/vasterviksnorra\/wp-json\/wp\/v2\/pages"}],"about":[{"href":"https:\/\/krets.jagareforbundet.se\/vasterviksnorra\/wp-json\/wp\/v2\/types\/page"}],"author":[{"embeddable":true,"href":"https:\/\/krets.jagareforbundet.se\/vasterviksnorra\/wp-json\/wp\/v2\/users\/95"}],"replies":[{"embeddable":true,"href":"https:\/\/krets.jagareforbundet.se\/vasterviksnorra\/wp-json\/wp\/v2\/comments?post=126"}],"version-history":[{"count":3,"href":"https:\/\/krets.jagareforbundet.se\/vasterviksnorra\/wp-json\/wp\/v2\/pages\/126\/revisions"}],"predecessor-version":[{"id":528,"href":"https:\/\/krets.jagareforbundet.se\/vasterviksnorra\/wp-json\/wp\/v2\/pages\/126\/revisions\/528"}],"wp:attachment":[{"href":"https:\/\/krets.jagareforbundet.se\/vasterviksnorra\/wp-json\/wp\/v2\/media?parent=126"}],"curies":[{"name":"wp","href":"https:\/\/api.w.org\/{rel}","templated":true}]}}