{"id":157,"date":"2014-03-18T19:45:49","date_gmt":"2014-03-18T18:45:49","guid":{"rendered":"https:\/\/krets.jagareforbundet.se\/vasterviksnorra\/?page_id=157"},"modified":"2024-12-10T15:45:11","modified_gmt":"2024-12-10T14:45:11","slug":"eftersoksgruppen","status":"publish","type":"page","link":"https:\/\/krets.jagareforbundet.se\/vasterviksnorra\/eftersoksgruppen\/","title":{"rendered":"Efters\u00f6ksgruppen"},"content":{"rendered":"<p>Efters\u00f6ksgruppen f\u00f6r V\u00e4sterviks norra jaktv\u00e5rdskrets sk\u00f6ts av Karl-Johan Rydberg.<\/p>\n<p>Vid behov av efters\u00f6ksekipage, kontakta Karl-Johan p\u00e5 telnr: 070-2330971<\/p>\n<p>&nbsp;<\/p>\n<p>&nbsp;<\/p>\n<p>&nbsp;<\/p>\n<p>&nbsp;<\/p>\n<p>&nbsp;<\/p>\n<p>&nbsp;<\/p>\n<p>&nbsp;<\/p>\n","protected":false},"excerpt":{"rendered":"<p>Efters\u00f6ksgruppen f\u00f6r V\u00e4sterviks norra jaktv\u00e5rdskrets sk\u00f6ts av Karl-Johan Rydberg. Vid behov av efters\u00f6ksekipage, kontakta Karl-Johan p\u00e5 telnr: 070-2330971 &nbsp; &nbsp; &nbsp; &nbsp; &nbsp; &nbsp; &nbsp;<\/p>\n","protected":false},"author":95,"featured_media":0,"parent":0,"menu_order":2,"comment_status":"open","ping_status":"open","template":"","meta":{"footnotes":""},"class_list":["post-157","page","type-page","status-publish","hentry"],"_links":{"self":[{"href":"https:\/\/krets.jagareforbundet.se\/vasterviksnorra\/wp-json\/wp\/v2\/pages\/157","targetHints":{"allow":["GET"]}}],"collection":[{"href":"https:\/\/krets.jagareforbundet.se\/vasterviksnorra\/wp-json\/wp\/v2\/pages"}],"about":[{"href":"https:\/\/krets.jagareforbundet.se\/vasterviksnorra\/wp-json\/wp\/v2\/types\/page"}],"author":[{"embeddable":true,"href":"https:\/\/krets.jagareforbundet.se\/vasterviksnorra\/wp-json\/wp\/v2\/users\/95"}],"replies":[{"embeddable":true,"href":"https:\/\/krets.jagareforbundet.se\/vasterviksnorra\/wp-json\/wp\/v2\/comments?post=157"}],"version-history":[{"count":3,"href":"https:\/\/krets.jagareforbundet.se\/vasterviksnorra\/wp-json\/wp\/v2\/pages\/157\/revisions"}],"predecessor-version":[{"id":317,"href":"https:\/\/krets.jagareforbundet.se\/vasterviksnorra\/wp-json\/wp\/v2\/pages\/157\/revisions\/317"}],"wp:attachment":[{"href":"https:\/\/krets.jagareforbundet.se\/vasterviksnorra\/wp-json\/wp\/v2\/media?parent=157"}],"curies":[{"name":"wp","href":"https:\/\/api.w.org\/{rel}","templated":true}]}}