{"id":164,"date":"2014-03-19T16:01:03","date_gmt":"2014-03-19T15:01:03","guid":{"rendered":"https:\/\/krets.jagareforbundet.se\/vasterviksnorra\/?page_id=164"},"modified":"2024-11-13T13:00:36","modified_gmt":"2024-11-13T12:00:36","slug":"rapportera-rovvilt","status":"publish","type":"page","link":"https:\/\/krets.jagareforbundet.se\/vasterviksnorra\/rapportera-rovvilt\/","title":{"rendered":"Rapportera Rovvilt"},"content":{"rendered":"<p>&nbsp;<\/p>\n<h1>Vikten av att rapportera rovdjur!<\/h1>\n<p>F\u00f6rvaltningen av stora rovdjur i Sverige bygger helt p\u00e5 antalet inventerade rovdjur. Det \u00e4r bland annat utifr\u00e5n inventeringsresultaten som l\u00e4nsstyrelserna kan fatta beslut om licensjakt.<\/p>\n<p>Inventeringarna av de stora rovdjuren genomf\u00f6rs p\u00e5 olika s\u00e4tt beroende p\u00e5 art. F\u00f6r lodjur och varg \u00e4r det familjegrupper\/fler \u00e4n en ensam individ som \u00e4r intressant f\u00f6r inventeringen. Inventeringsresultatet baseras p\u00e5 antalet familjegrupper\/f\u00f6ryngringar av varg och lodjur som s\u00e4krats under inventeringsperioden, d\u00e4rf\u00f6r \u00e4r det extra viktigt att rapportera observationer som indikerar att det finns flera individer. Rapportering av ensamma individer bidrar till en \u00f6verblick av spridningen av de stora rovdjuren och \u00e4r d\u00e4rf\u00f6r ocks\u00e5 viktig information. L\u00e4s mer p\u00e5 J\u00e4garf\u00f6rbundet h\u00e4r: <a href=\"https:\/\/jagareforbundet.se\/contentassets\/11608321712644d5bc1d866fcfc5a9a2\/rapportera-rovdjur-20240925.pdf\">rapportera-rovdjur-20240925.pdf<\/a><\/p>\n<h3><strong>Du rapporterar rovdjur i Skandobs, l\u00e4nk till sidan: <span style=\"color: #ff6600\"><a style=\"color: #ff6600\" href=\"https:\/\/www.skandobs.se\/\">Skandobs<\/a><\/span><\/strong><\/h3>\n<p>&nbsp;<\/p>\n<p>&nbsp;<\/p>\n<p><img decoding=\"async\" style=\"line-height: 1.5em\" src=\"http:\/\/jagareforbundet.se\/Global\/Vargjakt\/alfaparet_a.jpg?maxwidth=700\" alt=\"\" \/><\/p>\n","protected":false},"excerpt":{"rendered":"<p>&nbsp; Vikten av att rapportera rovdjur! F\u00f6rvaltningen av stora rovdjur i Sverige bygger helt p\u00e5 antalet inventerade rovdjur. Det \u00e4r bland annat utifr\u00e5n inventeringsresultaten som l\u00e4nsstyrelserna kan fatta beslut om licensjakt. Inventeringarna av de stora rovdjuren genomf\u00f6rs p\u00e5 olika s\u00e4tt beroende p\u00e5 art. F\u00f6r lodjur och varg \u00e4r det familjegrupper\/fler \u00e4n en ensam individ som [&hellip;]<\/p>\n","protected":false},"author":95,"featured_media":0,"parent":0,"menu_order":4,"comment_status":"open","ping_status":"open","template":"","meta":{"footnotes":""},"class_list":["post-164","page","type-page","status-publish","hentry"],"_links":{"self":[{"href":"https:\/\/krets.jagareforbundet.se\/vasterviksnorra\/wp-json\/wp\/v2\/pages\/164","targetHints":{"allow":["GET"]}}],"collection":[{"href":"https:\/\/krets.jagareforbundet.se\/vasterviksnorra\/wp-json\/wp\/v2\/pages"}],"about":[{"href":"https:\/\/krets.jagareforbundet.se\/vasterviksnorra\/wp-json\/wp\/v2\/types\/page"}],"author":[{"embeddable":true,"href":"https:\/\/krets.jagareforbundet.se\/vasterviksnorra\/wp-json\/wp\/v2\/users\/95"}],"replies":[{"embeddable":true,"href":"https:\/\/krets.jagareforbundet.se\/vasterviksnorra\/wp-json\/wp\/v2\/comments?post=164"}],"version-history":[{"count":4,"href":"https:\/\/krets.jagareforbundet.se\/vasterviksnorra\/wp-json\/wp\/v2\/pages\/164\/revisions"}],"predecessor-version":[{"id":290,"href":"https:\/\/krets.jagareforbundet.se\/vasterviksnorra\/wp-json\/wp\/v2\/pages\/164\/revisions\/290"}],"wp:attachment":[{"href":"https:\/\/krets.jagareforbundet.se\/vasterviksnorra\/wp-json\/wp\/v2\/media?parent=164"}],"curies":[{"name":"wp","href":"https:\/\/api.w.org\/{rel}","templated":true}]}}