{"id":2,"date":"2011-09-07T09:28:43","date_gmt":"2011-09-07T09:28:43","guid":{"rendered":"https:\/\/krets.jagareforbundet.se\/template\/?page_id=2"},"modified":"2026-03-04T12:12:30","modified_gmt":"2026-03-04T11:12:30","slug":"exempelsida","status":"publish","type":"page","link":"https:\/\/krets.jagareforbundet.se\/vasterviksnorra\/","title":{"rendered":"V\u00e4lkommen till V\u00e4stervik Norra Jaktv\u00e5rdskrets"},"content":{"rendered":"<p>&nbsp;<\/p>\n<p>H\u00e4r hittar du kontakter till styrelse och arbetsgrupper samt information som ber\u00f6r kretsen.<br \/>\nEvenemang och nyheter f\u00f6r att ge v\u00e5ra +400 medlemmar information om vad som h\u00e4nder<br \/>\ni V\u00e4stervik Norra jaktv\u00e5rdskrets. Under senaste nytt hittar du v\u00e5ra medlemsm\u00f6ten och andra evenemang.<\/p>\n<p>Se till s\u00e5 att du som medlem har aktuell och r\u00e4tt e-postadress i Mina sidor p\u00e5 hemsidan <span style=\"color: #3366ff\"><a style=\"color: #3366ff\" href=\"https:\/\/login.jagareforbundet.se\/Account\/Login?ReturnUrl=%2Fconnect%2Fauthorize%2Fcallback%3Fclient_id%3DMedlem%26redirect_uri%3Dhttps%253A%252F%252Fmedlem.jagareforbundet.se%252Fsignin-oidc%26response_type%3Dcode%26scope%3Dopenid%2520profile%2520email%2520roles%26code_challenge%3DIl5mc2_SHE4iW_O_s-8buiwd_Rqe08oVto1K-u6RoHw%26code_challenge_method%3DS256%26response_mode%3Dform_post%26nonce%3D638977623110077789.YzM3NzFlODgtZDI2MC00YWJiLWI1Y2QtYWVlMzZkODhlMzA2M2YyN2M2YTgtNjQ0NS00MmM3LTg2NWQtNzRkYjExOTNiN2E3%26state%3DCfDJ8JyiBih2iA9Os-Uq6VUftyJOhHOEMmYUjZpShKlDsUWz17qPG52QQR1fGeCJBar8o2Y3R3RPTmeWjr3-c37SrLm51Um4ODbLQaf8v2Zkr6KEdPcw64fiL1EoLuI_0ljVSf8FSW8OQgg7mu3AUwLE0M6DPHJZwoMPOAyJJ3UglUYq2mu90b0W6qBxyou6Spfs23oP92o25HdFix3mRUZSXF-jSFHBzDSX5oIm-tn7FVekMRsLDDO_RwZm46Zc2d3a_TSuQZhUQ4dCdl8Bn_MpN2fsHS4DiSteoETiIynqYRyw4CkMtOnGM9d8kRbk_03t1ek5V4DLcMF1XXpdNv_jjWvxb7WsvW8AHq8yKFk5x4_xpIy0Ck5-iI_noaM_4D37tQ%26x-client-SKU%3DID_NETSTANDARD2_0%26x-client-ver%3D5.5.0.0\">Mina sidor J\u00e4garf\u00f6rbundet<\/a><\/span><\/p>\n<p>Vi finns \u00e4ven p\u00e5 Facebook, gilla oss och f\u00f6lj oss \u00e4ven d\u00e4r!<br \/>\n<span style=\"color: #3366ff\"><a style=\"color: #3366ff\" href=\"https:\/\/www.facebook.com\/profile.php?id=100067441373422\">Facebook V\u00e4sterviks norra jaktv\u00e5rdskrets<\/a><\/span><\/p>\n<p>&nbsp;<\/p>\n<p>&nbsp;<\/p>\n<p><strong>\u00a0<\/strong><\/p>\n<p>&nbsp;<\/p>\n<p>&nbsp;<\/p>\n<p>&nbsp;<\/p>\n<p>&nbsp;<\/p>\n<p>&nbsp;<\/p>\n<p>&nbsp;<\/p>\n<p>&nbsp;<\/p>\n<p>&nbsp;<\/p>\n","protected":false},"excerpt":{"rendered":"<p>&nbsp; H\u00e4r hittar du kontakter till styrelse och arbetsgrupper samt information som ber\u00f6r kretsen. Evenemang och nyheter f\u00f6r att ge v\u00e5ra +400 medlemmar information om vad som h\u00e4nder i V\u00e4stervik Norra jaktv\u00e5rdskrets. Under senaste nytt hittar du v\u00e5ra medlemsm\u00f6ten och andra evenemang. Se till s\u00e5 att du som medlem har aktuell och r\u00e4tt e-postadress i [&hellip;]<\/p>\n","protected":false},"author":3,"featured_media":383,"parent":0,"menu_order":0,"comment_status":"open","ping_status":"open","template":"","meta":{"footnotes":""},"class_list":["post-2","page","type-page","status-publish","has-post-thumbnail","hentry"],"_links":{"self":[{"href":"https:\/\/krets.jagareforbundet.se\/vasterviksnorra\/wp-json\/wp\/v2\/pages\/2","targetHints":{"allow":["GET"]}}],"collection":[{"href":"https:\/\/krets.jagareforbundet.se\/vasterviksnorra\/wp-json\/wp\/v2\/pages"}],"about":[{"href":"https:\/\/krets.jagareforbundet.se\/vasterviksnorra\/wp-json\/wp\/v2\/types\/page"}],"author":[{"embeddable":true,"href":"https:\/\/krets.jagareforbundet.se\/vasterviksnorra\/wp-json\/wp\/v2\/users\/3"}],"replies":[{"embeddable":true,"href":"https:\/\/krets.jagareforbundet.se\/vasterviksnorra\/wp-json\/wp\/v2\/comments?post=2"}],"version-history":[{"count":4,"href":"https:\/\/krets.jagareforbundet.se\/vasterviksnorra\/wp-json\/wp\/v2\/pages\/2\/revisions"}],"predecessor-version":[{"id":524,"href":"https:\/\/krets.jagareforbundet.se\/vasterviksnorra\/wp-json\/wp\/v2\/pages\/2\/revisions\/524"}],"wp:featuredmedia":[{"embeddable":true,"href":"https:\/\/krets.jagareforbundet.se\/vasterviksnorra\/wp-json\/wp\/v2\/media\/383"}],"wp:attachment":[{"href":"https:\/\/krets.jagareforbundet.se\/vasterviksnorra\/wp-json\/wp\/v2\/media?parent=2"}],"curies":[{"name":"wp","href":"https:\/\/api.w.org\/{rel}","templated":true}]}}