{"id":151,"date":"2017-12-05T14:43:07","date_gmt":"2017-12-05T13:43:07","guid":{"rendered":"https:\/\/krets.jagareforbundet.se\/vastervikssodra\/?page_id=151"},"modified":"2017-12-08T15:55:52","modified_gmt":"2017-12-08T14:55:52","slug":"jaktskytte","status":"publish","type":"page","link":"https:\/\/krets.jagareforbundet.se\/vastervikssodra\/jaktskytte\/","title":{"rendered":"Jaktskytte"},"content":{"rendered":"<p>Svenska J\u00e4garef\u00f6rbundet rekommenderar att man regelbundet tr\u00e4nar sina f\u00e4rdigheter med b\u00f6ssan.Tumregeln \u00e4r att minst 200 skott avlossas per s\u00e4song vid \u00f6vningsskjutning.<\/p>\n<p>Skjutprov f\u00f6r \u00e4lg, r\u00e5djur, bj\u00f6rn och j\u00e4garexamen kan avl\u00e4ggas hos de flesta jaktskytteklubbarna.<\/p>\n<p>Inom v\u00e5rt omr\u00e5de finns tv\u00e5 jaktskytteklubbar dit du kan v\u00e4nda dig f\u00f6r att p\u00e5 ett enkelt och s\u00e4kert s\u00e4tt sk\u00f6ta om din skjuttr\u00e4ning. L\u00e4nkarna nedan leder till deras hemsidor, d\u00e4r de ber\u00e4ttar om sin verksamhet.<\/p>\n<p><a href=\"http:\/\/www.ajsk.se\/\" target=\"_blank\" rel=\"noopener\">Ankarsrums Jaktskytteklubb<\/a><\/p>\n<p><a href=\"https:\/\/krets.jagareforbundet.se\/vastervikssodra\/jaktskytte\/vasterviks-jaktskytteklubb\/\">V\u00e4sterviks Jaktskytteklubb<\/a><\/p>\n","protected":false},"excerpt":{"rendered":"<p>Svenska J\u00e4garef\u00f6rbundet rekommenderar att man regelbundet tr\u00e4nar sina f\u00e4rdigheter med b\u00f6ssan.Tumregeln \u00e4r att minst 200 skott avlossas per s\u00e4song vid \u00f6vningsskjutning. Skjutprov f\u00f6r \u00e4lg, r\u00e5djur, bj\u00f6rn och j\u00e4garexamen kan avl\u00e4ggas hos de flesta jaktskytteklubbarna. Inom v\u00e5rt omr\u00e5de finns tv\u00e5 jaktskytteklubbar dit du kan v\u00e4nda dig f\u00f6r att p\u00e5 ett enkelt och s\u00e4kert s\u00e4tt sk\u00f6ta om [&hellip;]<\/p>\n","protected":false},"author":226,"featured_media":154,"parent":0,"menu_order":3,"comment_status":"closed","ping_status":"closed","template":"","meta":{"jetpack_post_was_ever_published":false,"footnotes":""},"class_list":["post-151","page","type-page","status-publish","has-post-thumbnail","hentry"],"_links":{"self":[{"href":"https:\/\/krets.jagareforbundet.se\/vastervikssodra\/wp-json\/wp\/v2\/pages\/151","targetHints":{"allow":["GET"]}}],"collection":[{"href":"https:\/\/krets.jagareforbundet.se\/vastervikssodra\/wp-json\/wp\/v2\/pages"}],"about":[{"href":"https:\/\/krets.jagareforbundet.se\/vastervikssodra\/wp-json\/wp\/v2\/types\/page"}],"author":[{"embeddable":true,"href":"https:\/\/krets.jagareforbundet.se\/vastervikssodra\/wp-json\/wp\/v2\/users\/226"}],"replies":[{"embeddable":true,"href":"https:\/\/krets.jagareforbundet.se\/vastervikssodra\/wp-json\/wp\/v2\/comments?post=151"}],"version-history":[{"count":0,"href":"https:\/\/krets.jagareforbundet.se\/vastervikssodra\/wp-json\/wp\/v2\/pages\/151\/revisions"}],"wp:featuredmedia":[{"embeddable":true,"href":"https:\/\/krets.jagareforbundet.se\/vastervikssodra\/wp-json\/wp\/v2\/media\/154"}],"wp:attachment":[{"href":"https:\/\/krets.jagareforbundet.se\/vastervikssodra\/wp-json\/wp\/v2\/media?parent=151"}],"curies":[{"name":"wp","href":"https:\/\/api.w.org\/{rel}","templated":true}]}}