{"id":156,"date":"2017-12-05T14:57:45","date_gmt":"2017-12-05T13:57:45","guid":{"rendered":"https:\/\/krets.jagareforbundet.se\/vastervikssodra\/?page_id=156"},"modified":"2025-03-21T13:55:38","modified_gmt":"2025-03-21T12:55:38","slug":"vasterviks-jaktskytteklubb","status":"publish","type":"page","link":"https:\/\/krets.jagareforbundet.se\/vastervikssodra\/jaktskytte\/vasterviks-jaktskytteklubb\/","title":{"rendered":"V\u00e4sterviks jaktskytteklubb"},"content":{"rendered":"<p>&nbsp;<\/p>\n<p><strong>VERKSAMHET<\/strong><\/p>\n<p>Vi erbjuder jaktskyttetr\u00e4ning med kulvapen f\u00f6r \u00e4lg, r\u00e5djur, gris och bj\u00f6rn.<br \/>\nDessutom har vi skeet och trapskytte.<br \/>\nHos oss kan man avl\u00e4gga skjutprovet som ing\u00e5r i j\u00e4garexamen.<br \/>\n\u00c4ven skjutprov f\u00f6r bj\u00f6rnpasset.<\/p>\n<p>Koordinater till skjutbanan:<br \/>\nGPS N 57\u00ba 46,365&#8242; E 16\u00ba 29,678&#8242;<\/p>\n<p><strong>KONTAKT<\/strong><\/p>\n<p>Telefon till jaktskyttebanan 076-026 55 64<\/p>\n<p>Har du fr\u00e5gor r\u00f6rande J\u00e4garexamen kontakta Christian Holst p\u00e5 076-227 16 75<\/p>\n<p>F\u00f6r information om uppskjutning f\u00f6r Bj\u00f6rnpasset, kontakta Douglas p\u00e5 070-352 04 70<\/p>\n<p><strong>UPPLYSNINGAR<\/strong><\/p>\n<p>Medlemsavgift 250 kr\/\u00e5r betalas p\u00e5 Bankgiro 5740-0152 eller med swish till 123 365 03 97 (Uppge adress och e-post vid inbetalningen).<br \/>\nVi vill g\u00e4rna att medlemsavgiften f\u00f6r 2024 betalas in s\u00e5 snart som m\u00f6jligt, d\u00e5 vi vill alla ha en<br \/>\nv\u00e4lfungerande jaktskytteklubb.<br \/>\nMedlemskort erh\u00e5lles p\u00e5 skjutbanan (m\u00e5ste visas vid k\u00f6p av och markeringsbricka).<\/p>\n<p>Icke medlem betalar 100 kr extra per skjutkv\u00e4ll.<\/p>\n<p>Vid k\u00f6p av ammunition m\u00e5ste licens uppvisas.<\/p>\n<p>Jaktlag och liknande erbjuds att skjuta under ej schemalagd tid efter \u00f6verenskommelse med<br \/>\nPeter Svensson, 070-479 52 80 eller G\u00f6ran Svensson, 070-288 30 76.<\/p>\n<p><strong>Avgifter f\u00f6r hyra av skjutbanan:<\/strong><br \/>\n1 till 3 personer 300 kr. Ut\u00f6ver 3 personer tillkommer 50 kr per person.<br \/>\nEj medlem betalar 100 kr extra vid hyrtillf\u00e4llet.<\/p>\n<p><strong>Funktion\u00e4rskjutning<\/strong><br \/>\nDen 14 maj och 20 augusti \u00e4r det funktion\u00e4rskjutningar med korvgrillning<br \/>\nd\u00e4r funktion\u00e4rer i f\u00f6reningen \u00e4r v\u00e4lkomna att skjuta p\u00e5 f\u00f6reningens banor.<br \/>\nVi bjuder p\u00e5 markeringsavgiften. Ammunition och lerduvor ing\u00e5r inte.<\/p>\n<p><strong>SKJUTPROGRAM 2025<\/strong><\/p>\n<p><img loading=\"lazy\" decoding=\"async\" class=\"alignnone size-full wp-image-566\" src=\"https:\/\/krets.jagareforbundet.se\/vastervikssodra\/files\/2025\/03\/skjutprogram.jpg\" alt=\"\" width=\"617\" height=\"734\" srcset=\"https:\/\/krets.jagareforbundet.se\/vastervikssodra\/files\/2025\/03\/skjutprogram.jpg 617w, https:\/\/krets.jagareforbundet.se\/vastervikssodra\/files\/2025\/03\/skjutprogram-252x300.jpg 252w\" sizes=\"auto, (max-width: 617px) 100vw, 617px\" \/><\/p>\n","protected":false},"excerpt":{"rendered":"<p>&nbsp; VERKSAMHET Vi erbjuder jaktskyttetr\u00e4ning med kulvapen f\u00f6r \u00e4lg, r\u00e5djur, gris och bj\u00f6rn. Dessutom har vi skeet och trapskytte. Hos oss kan man avl\u00e4gga skjutprovet som ing\u00e5r i j\u00e4garexamen. \u00c4ven skjutprov f\u00f6r bj\u00f6rnpasset. Koordinater till skjutbanan: GPS N 57\u00ba 46,365&#8242; E 16\u00ba 29,678&#8242; KONTAKT Telefon till jaktskyttebanan 076-026 55 64 Har du fr\u00e5gor r\u00f6rande J\u00e4garexamen [&hellip;]<\/p>\n","protected":false},"author":226,"featured_media":157,"parent":151,"menu_order":0,"comment_status":"closed","ping_status":"closed","template":"","meta":{"jetpack_post_was_ever_published":false,"footnotes":""},"class_list":["post-156","page","type-page","status-publish","has-post-thumbnail","hentry"],"_links":{"self":[{"href":"https:\/\/krets.jagareforbundet.se\/vastervikssodra\/wp-json\/wp\/v2\/pages\/156","targetHints":{"allow":["GET"]}}],"collection":[{"href":"https:\/\/krets.jagareforbundet.se\/vastervikssodra\/wp-json\/wp\/v2\/pages"}],"about":[{"href":"https:\/\/krets.jagareforbundet.se\/vastervikssodra\/wp-json\/wp\/v2\/types\/page"}],"author":[{"embeddable":true,"href":"https:\/\/krets.jagareforbundet.se\/vastervikssodra\/wp-json\/wp\/v2\/users\/226"}],"replies":[{"embeddable":true,"href":"https:\/\/krets.jagareforbundet.se\/vastervikssodra\/wp-json\/wp\/v2\/comments?post=156"}],"version-history":[{"count":3,"href":"https:\/\/krets.jagareforbundet.se\/vastervikssodra\/wp-json\/wp\/v2\/pages\/156\/revisions"}],"predecessor-version":[{"id":361,"href":"https:\/\/krets.jagareforbundet.se\/vastervikssodra\/wp-json\/wp\/v2\/pages\/156\/revisions\/361"}],"up":[{"embeddable":true,"href":"https:\/\/krets.jagareforbundet.se\/vastervikssodra\/wp-json\/wp\/v2\/pages\/151"}],"wp:featuredmedia":[{"embeddable":true,"href":"https:\/\/krets.jagareforbundet.se\/vastervikssodra\/wp-json\/wp\/v2\/media\/157"}],"wp:attachment":[{"href":"https:\/\/krets.jagareforbundet.se\/vastervikssodra\/wp-json\/wp\/v2\/media?parent=156"}],"curies":[{"name":"wp","href":"https:\/\/api.w.org\/{rel}","templated":true}]}}