{"id":158,"date":"2017-12-08T09:02:20","date_gmt":"2017-12-08T08:02:20","guid":{"rendered":"https:\/\/krets.jagareforbundet.se\/vastervikssodra\/?page_id=158"},"modified":"2019-05-07T09:31:54","modified_gmt":"2019-05-07T07:31:54","slug":"staende-dagordning","status":"publish","type":"page","link":"https:\/\/krets.jagareforbundet.se\/vastervikssodra\/styrelse-och-funktionarer\/staende-dagordning\/","title":{"rendered":"St\u00e5ende dagordning"},"content":{"rendered":"<p><strong>ST\u00c5ENDE DAGORDNING<\/strong><\/p>\n<table border=\"1\" cellspacing=\"1\" cellpadding=\"1\">\n<tbody>\n<tr>\n<td valign=\"top\"><strong>J\u00e4garef\u00f6rbundet V\u00e4sterviks s\u00f6dra jaktv\u00e5rdskrets.<br \/>\nSt\u00e5ende agenda f\u00f6r styrelsem\u00f6tena.<br \/>\n<\/strong>1. \u00d6ppning av m\u00f6tet.<br \/>\n2. Val av protokolljusterare (1 st).<br \/>\n3. F\u00f6reg\u00e5ende protokoll<br \/>\n4. Kassarapport.<br \/>\n5. Efters\u00f6k.<br \/>\n6. Rovdjur.<br \/>\n7. Sj\u00f6f\u00e5gel.<br \/>\n8. \u00c4lgf\u00f6rvaltningsgruppen (\u00c4FG).<br \/>\n9. Ungdomsverksamhet<br \/>\n10. JAQT<br \/>\n11. Utbildning.<br \/>\n12. Medlemmar.<br \/>\n13. Rapporter\/ remisser.<br \/>\n14. \u00d6vriga fr\u00e5gor.<br \/>\n15. N\u00e4sta m\u00f6te.<br \/>\n16. Slut.<\/td>\n<\/tr>\n<\/tbody>\n<\/table>\n","protected":false},"excerpt":{"rendered":"<p>ST\u00c5ENDE DAGORDNING J\u00e4garef\u00f6rbundet V\u00e4sterviks s\u00f6dra jaktv\u00e5rdskrets. St\u00e5ende agenda f\u00f6r styrelsem\u00f6tena. 1. \u00d6ppning av m\u00f6tet. 2. Val av protokolljusterare (1 st). 3. F\u00f6reg\u00e5ende protokoll 4. Kassarapport. 5. Efters\u00f6k. 6. Rovdjur. 7. Sj\u00f6f\u00e5gel. 8. \u00c4lgf\u00f6rvaltningsgruppen (\u00c4FG). 9. Ungdomsverksamhet 10. JAQT 11. Utbildning. 12. Medlemmar. 13. Rapporter\/ remisser. 14. \u00d6vriga fr\u00e5gor. 15. N\u00e4sta m\u00f6te. 16. Slut.<\/p>\n","protected":false},"author":226,"featured_media":0,"parent":159,"menu_order":20,"comment_status":"closed","ping_status":"closed","template":"","meta":{"jetpack_post_was_ever_published":false,"footnotes":""},"class_list":["post-158","page","type-page","status-publish","hentry"],"_links":{"self":[{"href":"https:\/\/krets.jagareforbundet.se\/vastervikssodra\/wp-json\/wp\/v2\/pages\/158","targetHints":{"allow":["GET"]}}],"collection":[{"href":"https:\/\/krets.jagareforbundet.se\/vastervikssodra\/wp-json\/wp\/v2\/pages"}],"about":[{"href":"https:\/\/krets.jagareforbundet.se\/vastervikssodra\/wp-json\/wp\/v2\/types\/page"}],"author":[{"embeddable":true,"href":"https:\/\/krets.jagareforbundet.se\/vastervikssodra\/wp-json\/wp\/v2\/users\/226"}],"replies":[{"embeddable":true,"href":"https:\/\/krets.jagareforbundet.se\/vastervikssodra\/wp-json\/wp\/v2\/comments?post=158"}],"version-history":[{"count":1,"href":"https:\/\/krets.jagareforbundet.se\/vastervikssodra\/wp-json\/wp\/v2\/pages\/158\/revisions"}],"predecessor-version":[{"id":211,"href":"https:\/\/krets.jagareforbundet.se\/vastervikssodra\/wp-json\/wp\/v2\/pages\/158\/revisions\/211"}],"up":[{"embeddable":true,"href":"https:\/\/krets.jagareforbundet.se\/vastervikssodra\/wp-json\/wp\/v2\/pages\/159"}],"wp:attachment":[{"href":"https:\/\/krets.jagareforbundet.se\/vastervikssodra\/wp-json\/wp\/v2\/media?parent=158"}],"curies":[{"name":"wp","href":"https:\/\/api.w.org\/{rel}","templated":true}]}}