{"id":159,"date":"2017-12-08T09:21:18","date_gmt":"2017-12-08T08:21:18","guid":{"rendered":"https:\/\/krets.jagareforbundet.se\/vastervikssodra\/?page_id=159"},"modified":"2026-01-27T14:07:31","modified_gmt":"2026-01-27T13:07:31","slug":"styrelse-och-funktionarer","status":"publish","type":"page","link":"https:\/\/krets.jagareforbundet.se\/vastervikssodra\/styrelse-och-funktionarer\/","title":{"rendered":"Styrelse och uppdrag"},"content":{"rendered":"<div class=\"header\">\n<h3><strong>STYRELSEN<\/strong><\/h3>\n<\/div>\n<div class=\"text\">\n<table border=\"5\" width=\"690\" cellspacing=\"10\" cellpadding=\"5\">\n<tbody>\n<tr>\n<td valign=\"top\"><strong>Ordf\u00f6rande:<br \/>\n<\/strong><strong><strong>Johan Dagn\u00e4s<br \/>\n<\/strong><\/strong>Mobil: 076 763 67 36<br \/>\n<a href=\"mailto:dagnas@telia.com\">epost<\/a><\/td>\n<td valign=\"top\"><strong>Vice ordf\u00f6rande:<\/strong><br \/>\n<strong><strong>Anders Johansson<br \/>\n<\/strong><\/strong><\/td>\n<td valign=\"top\"><strong>Sekreterare:<br \/>\n<\/strong><strong>Magnus Petersson<\/strong><\/td>\n<\/tr>\n<tr>\n<td valign=\"top\"><strong>Kass\u00f6r:<br \/>\n<\/strong><strong>Thomas R\u00f6rstrand<br \/>\n<\/strong><\/td>\n<td valign=\"top\"><strong>Ledamot:<br \/>\n<\/strong><strong>Ulf Remius<br \/>\n<\/strong><\/td>\n<td valign=\"top\"><strong>Ledamot:<br \/>\n<\/strong><strong>Douglas Sj\u00f6str\u00f6m<br \/>\n<\/strong><\/td>\n<\/tr>\n<tr>\n<td valign=\"top\"><strong>Ledamot:<br \/>\n<\/strong><strong>Johan Wredberg<\/strong><\/td>\n<td valign=\"top\"><strong>Ledamot:<br \/>\n<\/strong><strong>Lisa Linde<\/strong><\/td>\n<td valign=\"top\"><strong>Ledamot\/ungdom:<br \/>\nAlbin Wernholm<br \/>\n<\/strong><strong><br \/>\n<\/strong><\/td>\n<\/tr>\n<\/tbody>\n<\/table>\n<h3><strong>UPPDRAG<\/strong><\/h3>\n<table style=\"height: 1338px\" border=\"5\" width=\"802\" cellspacing=\"10\" cellpadding=\"5\">\n<tbody>\n<tr>\n<td valign=\"top\"><strong>Revisor (sammankallande)<\/strong><\/td>\n<td valign=\"top\">J\u00f6rgen Pettersson<\/td>\n<td valign=\"top\"><\/td>\n<\/tr>\n<tr>\n<td valign=\"top\"><strong>Revisor<\/strong><\/td>\n<td valign=\"top\">Magnus Engstr\u00f6m<\/td>\n<td valign=\"top\"><\/td>\n<\/tr>\n<tr>\n<td valign=\"top\"><strong>Valberedning (sammankallande)<\/strong><\/td>\n<td valign=\"top\">Jonas Thorsson<\/td>\n<td valign=\"top\"><\/td>\n<\/tr>\n<tr>\n<td valign=\"top\"><strong>Valberedning \u00f6vrig<\/strong><\/td>\n<td valign=\"top\">Thomas Karlsson<\/td>\n<td valign=\"top\"><\/td>\n<\/tr>\n<tr>\n<td valign=\"top\"><strong>Korrespondenter<\/strong><\/td>\n<td valign=\"top\">Johan Dagn\u00e4s<br \/>\nThomas R\u00f6rstrand<\/td>\n<td valign=\"top\"><\/td>\n<\/tr>\n<tr>\n<td valign=\"top\"><strong>Vildsvinsansvarig<\/strong><\/td>\n<td valign=\"top\">Johan Dagn\u00e4s<\/td>\n<td valign=\"top\"><span style=\"font-family: inherit;font-size: inherit\">Mobil:076 763 67 36<\/span><\/td>\n<\/tr>\n<tr>\n<td valign=\"top\"><strong>Materialansvarig<\/strong><\/td>\n<td valign=\"top\">Douglas Sj\u00f6str\u00f6m<br \/>\nJohan Wredberg<\/td>\n<td valign=\"top\"><\/td>\n<\/tr>\n<tr>\n<td valign=\"top\"><strong>Utbildningsansvarig<\/strong><\/td>\n<td valign=\"top\">Douglas Sj\u00f6str\u00f6m<br \/>\nJohan Wredberg<\/td>\n<td valign=\"top\"><\/td>\n<\/tr>\n<tr>\n<td valign=\"top\"><strong>\u00c4lgkasserare<\/strong><\/td>\n<td valign=\"top\">Douglas Sj\u00f6str\u00f6m<br \/>\nUlf Remius<\/td>\n<td valign=\"top\">Mobil: 070 352 04 70<br \/>\nMobil: 070 531 50 16<\/td>\n<\/tr>\n<tr>\n<td valign=\"top\"><strong>Ansvarig NVR och Efters\u00f6k<\/strong><\/td>\n<td valign=\"top\">Douglas Sj\u00f6str\u00f6m<\/td>\n<td valign=\"top\"><\/td>\n<\/tr>\n<tr>\n<td valign=\"top\"><strong>Hundansvarig<\/strong><\/td>\n<td valign=\"top\">Thomas Karlsson<\/td>\n<td valign=\"top\"><\/td>\n<\/tr>\n<tr>\n<td valign=\"top\"><strong>Sp\u00e5rtolkansvariga<\/strong><\/td>\n<td valign=\"top\">Thomas Karlsson<br \/>\nDouglas Sj\u00f6str\u00f6m<br \/>\nJohan Dagn\u00e4s<\/td>\n<td valign=\"top\">Mobil: 076 763 67 36<\/td>\n<\/tr>\n<tr>\n<td valign=\"top\"><strong>Rapporteringsansvarig Viltdata<br \/>\n<\/strong><\/td>\n<td valign=\"top\">Johan Dagn\u00e4s<\/td>\n<td valign=\"top\">Mobil: 076 763 67 36<\/td>\n<\/tr>\n<tr>\n<td valign=\"top\"><strong>Viltprovtagningsansvariga<\/strong><\/td>\n<td valign=\"top\">Douglas Sj\u00f6str\u00f6m<br \/>\nUlf Remius<\/td>\n<td valign=\"top\"><\/td>\n<\/tr>\n<tr>\n<td valign=\"top\"><strong>Kontaktperson: J\u00e4garskolan\/J\u00e4garexamen<br \/>\nsamt Skytteklubbar<\/strong><\/td>\n<td valign=\"top\">Magnus Petersson<br \/>\nAnders Johansson<br \/>\nAlbin Wernholm<br \/>\nJohan Dagn\u00e4s<\/td>\n<td valign=\"top\"><\/td>\n<\/tr>\n<tr>\n<td valign=\"top\"><strong>Skytteansvarig Kula\/Hagel<\/strong><\/td>\n<td valign=\"top\">Douglas Sj\u00f6str\u00f6m<\/td>\n<td valign=\"top\"><\/td>\n<\/tr>\n<tr>\n<td valign=\"top\"><strong>Medlemsansvariga<br \/>\n<\/strong><\/td>\n<td valign=\"top\">Johan Dagn\u00e4s<\/td>\n<td valign=\"top\">Mobil: 076 763 67 36<\/td>\n<\/tr>\n<tr>\n<td valign=\"top\"><strong>Rovdjursansvarig<\/strong><\/td>\n<td valign=\"top\">Thomas Karlsson<\/td>\n<td valign=\"top\"><\/td>\n<\/tr>\n<tr>\n<td valign=\"top\"><strong>JAQT ansvarig<\/strong><\/td>\n<td valign=\"top\">Lisa Linde<\/td>\n<td valign=\"top\"><\/td>\n<\/tr>\n<tr>\n<td valign=\"top\"><strong>Korttidsjakt p\u00e5 sj\u00f6f\u00e5gel<\/strong><\/td>\n<td valign=\"top\">Sonja Gustafsson<br \/>\nAlbin Wernholm<\/td>\n<td valign=\"top\"><\/td>\n<\/tr>\n<tr>\n<td valign=\"top\"><strong>Ansvarig f\u00f6r kretsens hemsida<\/strong><\/td>\n<td valign=\"top\">Markus Fridell<\/td>\n<td valign=\"top\"><\/td>\n<\/tr>\n<tr>\n<td valign=\"top\"><strong>Kretsens representanter i \u00c4FG<\/strong><br \/>\n<strong>V\u00e4sterviks S\u00f6dra JVK<\/strong><\/td>\n<td valign=\"top\">Jan Ringenhag<br \/>\nThomas Karlsson<br \/>\nPer Erlandsson<\/td>\n<td valign=\"top\"><\/td>\n<\/tr>\n<\/tbody>\n<\/table>\n<\/div>\n","protected":false},"excerpt":{"rendered":"<p>STYRELSEN Ordf\u00f6rande: Johan Dagn\u00e4s Mobil: 076 763 67 36 epost Vice ordf\u00f6rande: Anders Johansson Sekreterare: Magnus Petersson Kass\u00f6r: Thomas R\u00f6rstrand Ledamot: Ulf Remius Ledamot: Douglas Sj\u00f6str\u00f6m Ledamot: Johan Wredberg Ledamot: Lisa Linde Ledamot\/ungdom: Albin Wernholm UPPDRAG Revisor (sammankallande) J\u00f6rgen Pettersson Revisor Magnus Engstr\u00f6m Valberedning (sammankallande) Jonas Thorsson Valberedning \u00f6vrig Thomas Karlsson Korrespondenter Johan Dagn\u00e4s Thomas [&hellip;]<\/p>\n","protected":false},"author":226,"featured_media":0,"parent":0,"menu_order":29,"comment_status":"closed","ping_status":"closed","template":"","meta":{"jetpack_post_was_ever_published":false,"footnotes":""},"class_list":["post-159","page","type-page","status-publish","hentry"],"_links":{"self":[{"href":"https:\/\/krets.jagareforbundet.se\/vastervikssodra\/wp-json\/wp\/v2\/pages\/159","targetHints":{"allow":["GET"]}}],"collection":[{"href":"https:\/\/krets.jagareforbundet.se\/vastervikssodra\/wp-json\/wp\/v2\/pages"}],"about":[{"href":"https:\/\/krets.jagareforbundet.se\/vastervikssodra\/wp-json\/wp\/v2\/types\/page"}],"author":[{"embeddable":true,"href":"https:\/\/krets.jagareforbundet.se\/vastervikssodra\/wp-json\/wp\/v2\/users\/226"}],"replies":[{"embeddable":true,"href":"https:\/\/krets.jagareforbundet.se\/vastervikssodra\/wp-json\/wp\/v2\/comments?post=159"}],"version-history":[{"count":3,"href":"https:\/\/krets.jagareforbundet.se\/vastervikssodra\/wp-json\/wp\/v2\/pages\/159\/revisions"}],"predecessor-version":[{"id":599,"href":"https:\/\/krets.jagareforbundet.se\/vastervikssodra\/wp-json\/wp\/v2\/pages\/159\/revisions\/599"}],"wp:attachment":[{"href":"https:\/\/krets.jagareforbundet.se\/vastervikssodra\/wp-json\/wp\/v2\/media?parent=159"}],"curies":[{"name":"wp","href":"https:\/\/api.w.org\/{rel}","templated":true}]}}