{"id":28,"date":"2011-09-09T08:06:13","date_gmt":"2011-09-09T08:06:13","guid":{"rendered":"https:\/\/krets.jagareforbundet.se\/template\/?page_id=28"},"modified":"2019-05-17T11:23:16","modified_gmt":"2019-05-17T09:23:16","slug":"kontakta-oss","status":"publish","type":"page","link":"https:\/\/krets.jagareforbundet.se\/vastervikssodra\/kontakta-oss\/","title":{"rendered":"Kontakta oss"},"content":{"rendered":"<div class=\"post contact-form\">\n<form action=\"\" id=\"contactForm\" method=\"post\">\n<fieldset class=\"forms\">\n<p><label for=\"contactName\">Name<\/label>\n<input type=\"text\" name=\"contactName\" id=\"contactName\" value=\"\" class=\"txt requiredField\" \/>\n<\/p>\n<p><label for=\"contactEmail\">Email<\/label>\n<input type=\"text\" name=\"contactEmail\" id=\"contactEmail\" value=\"\" class=\"txt requiredField email\" \/>\n<\/p>\n<p class=\"textarea\"><label for=\"contactMessage\">Message<\/label>\n<textarea name=\"contactMessage\" id=\"contactMessage\" rows=\"20\" cols=\"30\" class=\"textarea requiredField\"><\/textarea>\n<\/p>\n<p class=\"inline\"><input type=\"checkbox\" name=\"sendCopy\" id=\"sendCopy\" value=\"true\" \/><label for=\"sendCopy\">Send a copy of this email to yourself<\/label><\/p>\n<p class=\"screenReader\"><label for=\"checking\" class=\"screenReader\">If you want to submit this form, do not enter anything in this field<\/label><input type=\"text\" name=\"checking\" id=\"checking\" class=\"screenReader\" value=\"\" \/><\/p>\n<p class=\"buttons\"><input type=\"hidden\" name=\"submitted\" id=\"submitted\" value=\"true\" \/><input class=\"submit button\" type=\"submit\" value=\"Submit\" \/><\/p><\/fieldset>\n<\/form>\n<\/div><!--\/.post .contact-form-->\n<div class=\"fix\"><\/div>\n\n<p><strong>Ordf\u00f6rande och korrespondent<\/strong><br \/>\nJohan Dagn\u00e4s<br \/>\nMobil: 076 763 67 36<br \/>\n<a href=\"mailto:dagnas@telia.com\">epost<\/a><\/p>\n<p><strong>Korttidsjakt p\u00e5 sj\u00f6f\u00e5gel<\/strong><br \/>\nSonja Gustavsson<br \/>\nMobil: 070 522 01 27<br \/>\n<a href=\"mailto:sjofageljakt@telia.com\">sjofageljakt@telia.com<\/a><\/p>\n<p>&nbsp;<\/p>\n","protected":false},"excerpt":{"rendered":"<p>Ordf\u00f6rande och korrespondent Johan Dagn\u00e4s Mobil: 076 763 67 36 epost Korttidsjakt p\u00e5 sj\u00f6f\u00e5gel Sonja Gustavsson Mobil: 070 522 01 27 sjofageljakt@telia.com &nbsp;<\/p>\n","protected":false},"author":3,"featured_media":0,"parent":0,"menu_order":30,"comment_status":"open","ping_status":"open","template":"","meta":{"jetpack_post_was_ever_published":false,"footnotes":""},"class_list":["post-28","page","type-page","status-publish","hentry"],"_links":{"self":[{"href":"https:\/\/krets.jagareforbundet.se\/vastervikssodra\/wp-json\/wp\/v2\/pages\/28","targetHints":{"allow":["GET"]}}],"collection":[{"href":"https:\/\/krets.jagareforbundet.se\/vastervikssodra\/wp-json\/wp\/v2\/pages"}],"about":[{"href":"https:\/\/krets.jagareforbundet.se\/vastervikssodra\/wp-json\/wp\/v2\/types\/page"}],"author":[{"embeddable":true,"href":"https:\/\/krets.jagareforbundet.se\/vastervikssodra\/wp-json\/wp\/v2\/users\/3"}],"replies":[{"embeddable":true,"href":"https:\/\/krets.jagareforbundet.se\/vastervikssodra\/wp-json\/wp\/v2\/comments?post=28"}],"version-history":[{"count":1,"href":"https:\/\/krets.jagareforbundet.se\/vastervikssodra\/wp-json\/wp\/v2\/pages\/28\/revisions"}],"predecessor-version":[{"id":142,"href":"https:\/\/krets.jagareforbundet.se\/vastervikssodra\/wp-json\/wp\/v2\/pages\/28\/revisions\/142"}],"wp:attachment":[{"href":"https:\/\/krets.jagareforbundet.se\/vastervikssodra\/wp-json\/wp\/v2\/media?parent=28"}],"curies":[{"name":"wp","href":"https:\/\/api.w.org\/{rel}","templated":true}]}}