{"id":346,"date":"2021-02-10T08:24:34","date_gmt":"2021-02-10T07:24:34","guid":{"rendered":"https:\/\/krets.jagareforbundet.se\/vastervikssodra\/?page_id=346"},"modified":"2021-02-10T08:25:46","modified_gmt":"2021-02-10T07:25:46","slug":"etiska-riktlinjer-for-jakt-kalmar-lan","status":"publish","type":"page","link":"https:\/\/krets.jagareforbundet.se\/vastervikssodra\/etiska-riktlinjer-for-jakt-kalmar-lan\/","title":{"rendered":"Etiska Riktlinjer f\u00f6r jakt &#8211; Kalmar l\u00e4n"},"content":{"rendered":"<p><img loading=\"lazy\" decoding=\"async\" class=\"alignnone size-full wp-image-353\" src=\"https:\/\/krets.jagareforbundet.se\/vastervikssodra\/files\/2021\/02\/etik.jpg\" alt=\"\" width=\"996\" height=\"500\" srcset=\"https:\/\/krets.jagareforbundet.se\/vastervikssodra\/files\/2021\/02\/etik.jpg 996w, https:\/\/krets.jagareforbundet.se\/vastervikssodra\/files\/2021\/02\/etik-300x151.jpg 300w, https:\/\/krets.jagareforbundet.se\/vastervikssodra\/files\/2021\/02\/etik-768x386.jpg 768w\" sizes=\"auto, (max-width: 996px) 100vw, 996px\" \/><\/p>\n<p>Vi har ett gemensamt ansvar f\u00f6r jakten. De svenska j\u00e4garna har idag stor frihet under ansvar och det \u00e4r viktigt att vi v\u00e5rdar det f\u00f6rtroendet v\u00e4l.<\/p>\n<p>Vi har alla ett stort ansvar f\u00f6r att f\u00f6rvalta det f\u00f6rtroende vi jagar under idag.<\/p>\n<p>Vi j\u00e4gare m\u00e5ste handla p\u00e5 ett etiskt riktigt s\u00e4tt \u2013 gentemot viltet, hundarna, andra j\u00e4gare och samh\u00e4llet runtomkring \u2013 f\u00f6r att kunna forts\u00e4tta jaga som vi g\u00f6r idag.<\/p>\n<p>L\u00e4s igenom dokumentet\u00a0 <a href=\"https:\/\/krets.jagareforbundet.se\/vastervikssodra\/files\/2021\/02\/Etiska-riktlinjer-Jagarforbundet-Kalmar-lan-2020.pdf\" target=\"_blank\" rel=\"noopener\">Etiska riktlinjer J\u00e4garf\u00f6rbundet Kalmar l\u00e4n 2020<\/a><\/p>\n","protected":false},"excerpt":{"rendered":"<p>Vi har ett gemensamt ansvar f\u00f6r jakten. De svenska j\u00e4garna har idag stor frihet under ansvar och det \u00e4r viktigt att vi v\u00e5rdar det f\u00f6rtroendet v\u00e4l. Vi har alla ett stort ansvar f\u00f6r att f\u00f6rvalta det f\u00f6rtroende vi jagar under idag. Vi j\u00e4gare m\u00e5ste handla p\u00e5 ett etiskt riktigt s\u00e4tt \u2013 gentemot viltet, hundarna, andra [&hellip;]<\/p>\n","protected":false},"author":226,"featured_media":0,"parent":0,"menu_order":0,"comment_status":"closed","ping_status":"closed","template":"","meta":{"jetpack_post_was_ever_published":false,"footnotes":""},"class_list":["post-346","page","type-page","status-publish","hentry"],"_links":{"self":[{"href":"https:\/\/krets.jagareforbundet.se\/vastervikssodra\/wp-json\/wp\/v2\/pages\/346","targetHints":{"allow":["GET"]}}],"collection":[{"href":"https:\/\/krets.jagareforbundet.se\/vastervikssodra\/wp-json\/wp\/v2\/pages"}],"about":[{"href":"https:\/\/krets.jagareforbundet.se\/vastervikssodra\/wp-json\/wp\/v2\/types\/page"}],"author":[{"embeddable":true,"href":"https:\/\/krets.jagareforbundet.se\/vastervikssodra\/wp-json\/wp\/v2\/users\/226"}],"replies":[{"embeddable":true,"href":"https:\/\/krets.jagareforbundet.se\/vastervikssodra\/wp-json\/wp\/v2\/comments?post=346"}],"version-history":[{"count":3,"href":"https:\/\/krets.jagareforbundet.se\/vastervikssodra\/wp-json\/wp\/v2\/pages\/346\/revisions"}],"predecessor-version":[{"id":354,"href":"https:\/\/krets.jagareforbundet.se\/vastervikssodra\/wp-json\/wp\/v2\/pages\/346\/revisions\/354"}],"wp:attachment":[{"href":"https:\/\/krets.jagareforbundet.se\/vastervikssodra\/wp-json\/wp\/v2\/media?parent=346"}],"curies":[{"name":"wp","href":"https:\/\/api.w.org\/{rel}","templated":true}]}}