{"id":127,"date":"2014-01-23T13:23:44","date_gmt":"2014-01-23T12:23:44","guid":{"rendered":"https:\/\/krets.jagareforbundet.se\/vattholma\/?page_id=127"},"modified":"2019-02-23T16:55:12","modified_gmt":"2019-02-23T15:55:12","slug":"kronhjorts-skotselomradet","status":"publish","type":"page","link":"https:\/\/krets.jagareforbundet.se\/vattholma\/vattholma-viltskotselomrade\/kronhjorts-skotselomradet\/","title":{"rendered":"fd Kronhjorts sk\u00f6tselomr\u00e5det Vattholma"},"content":{"rendered":"<p>Kronhjortarna har under senare \u00e5r \u00f6kat relativt kraftigt i de v\u00e4stra delarna av Vattholma Storlicens och betesskador p\u00e5 ungskog har noterats i Fjuckby-omr\u00e5det. Hjortarna finns framf\u00f6rallt i \u00c4rentuna &#8211; Fjuckby och v\u00e4ster om den nya E4:an. De verkar \u00e4ven relativt obehindrat passera E4:an p\u00e5 befintliga broar och underg\u00e5ngar, varf\u00f6r en del av stammen \u00e4ven finns p\u00e5 \u00f6stra sidan av E4:an. Kapitala hjortar har observerats p\u00e5 b\u00e5da sidor och sommarobservationerna \u00e4r huvudsakligen utefter E4:an upp till Fasma och f\u00e4lten ut mot Viksta. Under h\u00f6sten-vintern r\u00f6r sig en del hjortar \u00f6sterut och har observerats i omr\u00e5dena mot H\u00e5nsta och Uggelsta samt \u00e4ven tillf\u00e4lligt \u00e4ven \u00f6ster om Vendel\u00e5n i Tensta och \u00f6ster om Fyris\u00e5n vid \u00c4ngeby \u2013 Lillvreta.<\/p>\n<h4>Bildning av Kronhjortssk\u00f6tselomr\u00e5det.<\/h4>\n<p>Ett sk\u00f6tselomr\u00e5de f\u00f6r kronhjort bildades enklast utifr\u00e5n Vattholma Storlicens, varf\u00f6r jaktledare och mark\u00e4gare kallades till ett initieringsm\u00f6te h\u00f6sten 2009. En sk\u00f6tselplan diskuterades och utarbetades f\u00f6r att sedan s\u00e4ndas till L\u00e4nsstyrelsen med en anh\u00e5llan om att f\u00e5 bilda Vattholma Kronhjortssk\u00f6tselomr\u00e5de. Beslut och registrering av Kronhjortssk\u00f6tselomr\u00e5det med registreringsnummer K-80-23-064 erh\u00f6lls sedan i juni 2010. Kronhjortssk\u00f6tselomr\u00e5dets omfattning \u00e4ndrades sedan under 2012 till att \u00f6verensst\u00e4mma med det nybildade Vattholma \u00c4lgsk\u00f6tselomr\u00e5de\/Viltsk\u00f6tselomr\u00e5de och utg\u00f6r nu 2016, 11 806\u00a0ha.<\/p>\n<h3>Vinterstam<\/h3>\n<p>Vinterstammen\u00a02012\/2013 uppskattades till ca 65 individer f\u00f6rdelade p\u00e5 24% hjort, 52% hind och 24% kalv. Uppskattningen av Vinterstammen 2015\/2016 hamnade p\u00e5 samma antal, ca 65,\u00a0individer men nu f\u00f6rdelat p\u00e5 15% hjort, 59% hind och 26% kalv.<\/p>\n<h3>Sk\u00f6tselplan.<\/h3>\n<p>En ny\u00a0tredje sk\u00f6tselplan f\u00f6r \u00e5ren 2016-2018 har uppr\u00e4ttats och godk\u00e4nts av L\u00e4nsstyrelsen. <a href=\"https:\/\/krets.jagareforbundet.se\/vattholma\/files\/2016\/08\/beslut-vattholma-kso-16-18.pdf\">Beslut Vattholma KSO 16-18<\/a><\/p>\n<h3>Inriktning av kronviltstammens sk\u00f6tsel och avskjutning.<\/h3>\n<p>Kapitala och \u00e4ldre hjortar skall sparas. \u00c4ldre hindar sparas \u00e4ven, om inte skyddsavskjutning beh\u00f6vs. Kalvar, spetshjortar,\u00a0gaffelhjortar (upp till 5 taggar) samt smaldjur ing\u00e5r fr\u00e4mst i beskattningen. Stammen\u00a0b\u00f6r inte\u00a0f\u00e5 tillv\u00e4xa\u00a0 och lokalt t\u00e4ta stammar b\u00f6r\u00a0undvikas, enligt senaste Samr\u00e5det och den nya Sk\u00f6tselplanen. En\u00a0 avskjutning beskattning p\u00e5 kalvar, gaffelhjortar samt smaldjur motsvarande ca 20% av stammen skall ske f\u00f6r att motverka en tillv\u00e4xt av stammen.<\/p>\n<h3>Planerad avskjutning.<\/h3>\n<table border=\"1\" width=\"100%\" cellpadding=\"0\">\n<tbody>\n<tr>\n<td><\/td>\n<td>\n<p align=\"center\">2016\/2017<\/p>\n<\/td>\n<td>\n<p align=\"center\">2017\/2018<\/p>\n<\/td>\n<td>\n<p align=\"center\">2018\/2019<\/p>\n<\/td>\n<\/tr>\n<tr>\n<td>Hjort (antal)<\/td>\n<td>\n<p align=\"center\">3<\/p>\n<\/td>\n<td>\n<p align=\"center\">3<\/p>\n<\/td>\n<td>\n<p align=\"center\">3<\/p>\n<\/td>\n<\/tr>\n<tr>\n<td>Hind (antal)<\/td>\n<td>\n<p align=\"center\">3<\/p>\n<\/td>\n<td>\n<p align=\"center\">3<\/p>\n<\/td>\n<td>\n<p align=\"center\">3<\/p>\n<\/td>\n<\/tr>\n<tr>\n<td>Kalv (antal)<\/td>\n<td>\n<p align=\"center\">6<\/p>\n<\/td>\n<td>\n<p align=\"center\">6<\/p>\n<\/td>\n<td>\n<p align=\"center\">6<\/p>\n<\/td>\n<\/tr>\n<tr>\n<td>Totalt (antal)<\/td>\n<td>\n<p align=\"center\">12<\/p>\n<\/td>\n<td>\n<p align=\"center\">12<\/p>\n<\/td>\n<td>\n<p align=\"center\">12<\/p>\n<\/td>\n<\/tr>\n<\/tbody>\n<\/table>\n<p>Jakten bedrivs i form av avlysningsjakt och b\u00f6r ske fr\u00e4mst i omr\u00e5dena med relativt h\u00f6g t\u00e4thet.<\/p>\n<h3><\/h3>\n<h2><span style=\"color: #000000\"><strong>Avskjutning 2017\/2018<\/strong><\/span><\/h2>\n<p>&nbsp;<\/p>\n<table>\n<tbody>\n<tr>\n<td width=\"154\">\n<h3>Djur<\/h3>\n<\/td>\n<td width=\"154\">\n<h3 style=\"text-align: center\">Tilldelning<\/h3>\n<\/td>\n<td width=\"154\">\n<h3 style=\"text-align: center\">Avskjutning<\/h3>\n<\/td>\n<td width=\"154\">\n<h3 style=\"text-align: center\">\u00c5terst\u00e5r<\/h3>\n<\/td>\n<\/tr>\n<tr>\n<td width=\"154\">Kronkalv<\/td>\n<td width=\"154\">\n<p style=\"text-align: center\">6<\/p>\n<\/td>\n<td width=\"154\">\n<p style=\"text-align: center\"><span style=\"color: #ff0000\">2<\/span><\/p>\n<\/td>\n<td width=\"154\">\n<p style=\"text-align: center\">4<\/p>\n<\/td>\n<\/tr>\n<tr>\n<td width=\"154\">Kronhind<\/td>\n<td width=\"154\">\n<p style=\"text-align: center\">3<\/p>\n<\/td>\n<td width=\"154\">\n<p style=\"text-align: center\"><span style=\"color: #ff0000\"><span style=\"color: #b08500\">3<\/span><\/span><\/p>\n<\/td>\n<td width=\"154\">\n<p style=\"text-align: center\">0<\/p>\n<\/td>\n<\/tr>\n<tr>\n<td width=\"154\">Gaffelhjort<\/td>\n<td width=\"154\">\n<p style=\"text-align: center\">3<\/p>\n<\/td>\n<td width=\"154\">\n<p style=\"text-align: center\"><span style=\"color: #ff0000\">0<\/span><\/p>\n<\/td>\n<td width=\"154\">\n<p style=\"text-align: center\">3<\/p>\n<\/td>\n<\/tr>\n<\/tbody>\n<\/table>\n<p>&nbsp;<\/p>\n<p>&nbsp;<\/p>\n<p>De f\u00f6rsta kronhjortarna f\u00f6r \u00e5ret sk\u00f6ts f\u00f6rst den 10\/10, d\u00e5 en hind och en kvigkalv sk\u00f6ts vid Flot\u00e4-Onslunda, p\u00e5 v\u00e4stra sidan av E4:an.<\/p>\n<p>Den 21\/10 sk\u00f6ts ytterligare en kvigkalv vid Onslunda.<\/p>\n<p>Den 25\/10 sk\u00f6ts en smaldjurs hind vid Flot\u00e4-Onslunda<\/p>\n<p>Den 10\/12 sk\u00f6ts en kronvind vid Lena-Husby, Fjuckby<\/p>\n<p>&nbsp;<\/p>\n<p>&nbsp;<\/p>\n<p>&nbsp;<\/p>\n","protected":false},"excerpt":{"rendered":"<p>Kronhjortarna har under senare \u00e5r \u00f6kat relativt kraftigt i de v\u00e4stra delarna av Vattholma Storlicens och betesskador p\u00e5 ungskog har noterats i Fjuckby-omr\u00e5det. Hjortarna finns framf\u00f6rallt i \u00c4rentuna &#8211; Fjuckby och v\u00e4ster om den nya E4:an. De verkar \u00e4ven relativt obehindrat passera E4:an p\u00e5 befintliga broar och underg\u00e5ngar, varf\u00f6r en del av stammen \u00e4ven finns [&hellip;]<\/p>\n","protected":false},"author":160,"featured_media":0,"parent":126,"menu_order":0,"comment_status":"open","ping_status":"open","template":"","meta":{"footnotes":""},"class_list":["post-127","page","type-page","status-publish","hentry"],"_links":{"self":[{"href":"https:\/\/krets.jagareforbundet.se\/vattholma\/wp-json\/wp\/v2\/pages\/127","targetHints":{"allow":["GET"]}}],"collection":[{"href":"https:\/\/krets.jagareforbundet.se\/vattholma\/wp-json\/wp\/v2\/pages"}],"about":[{"href":"https:\/\/krets.jagareforbundet.se\/vattholma\/wp-json\/wp\/v2\/types\/page"}],"author":[{"embeddable":true,"href":"https:\/\/krets.jagareforbundet.se\/vattholma\/wp-json\/wp\/v2\/users\/160"}],"replies":[{"embeddable":true,"href":"https:\/\/krets.jagareforbundet.se\/vattholma\/wp-json\/wp\/v2\/comments?post=127"}],"version-history":[{"count":1,"href":"https:\/\/krets.jagareforbundet.se\/vattholma\/wp-json\/wp\/v2\/pages\/127\/revisions"}],"predecessor-version":[{"id":280,"href":"https:\/\/krets.jagareforbundet.se\/vattholma\/wp-json\/wp\/v2\/pages\/127\/revisions\/280"}],"up":[{"embeddable":true,"href":"https:\/\/krets.jagareforbundet.se\/vattholma\/wp-json\/wp\/v2\/pages\/126"}],"wp:attachment":[{"href":"https:\/\/krets.jagareforbundet.se\/vattholma\/wp-json\/wp\/v2\/media?parent=127"}],"curies":[{"name":"wp","href":"https:\/\/api.w.org\/{rel}","templated":true}]}}