{"id":128,"date":"2014-01-23T13:29:55","date_gmt":"2014-01-23T12:29:55","guid":{"rendered":"https:\/\/krets.jagareforbundet.se\/vattholma\/?page_id=128"},"modified":"2024-02-28T20:02:18","modified_gmt":"2024-02-28T19:02:18","slug":"vildsvinsforvaltning","status":"publish","type":"page","link":"https:\/\/krets.jagareforbundet.se\/vattholma\/vattholma-viltskotselomrade\/vildsvinsforvaltning\/","title":{"rendered":"fd Vildsvinsf\u00f6rvaltning Vattholma"},"content":{"rendered":"<div id=\"attachment_150\" style=\"width: 310px\" class=\"wp-caption alignright\"><a href=\"https:\/\/krets.jagareforbundet.se\/vattholma\/files\/2014\/01\/Vildsvin.jpg\"><img loading=\"lazy\" decoding=\"async\" aria-describedby=\"caption-attachment-150\" class=\"wp-image-150 size-medium\" style=\"margin: 10px\" src=\"https:\/\/krets.jagareforbundet.se\/vattholma\/files\/2014\/01\/Vildsvin-300x204.jpg\" alt=\"Vildsvin\" width=\"300\" height=\"204\" srcset=\"https:\/\/krets.jagareforbundet.se\/vattholma\/files\/2014\/01\/Vildsvin-300x204.jpg 300w, https:\/\/krets.jagareforbundet.se\/vattholma\/files\/2014\/01\/Vildsvin.jpg 448w\" sizes=\"auto, (max-width: 300px) 100vw, 300px\" \/><\/a><p id=\"caption-attachment-150\" class=\"wp-caption-text\">Foto Hans Pettersson<\/p><\/div>\n<p>Vildsvinen har nu, 2013, etablerat sig inom hela Vattholma Viltsk\u00f6tselomr\u00e5de, m\u00f6jligen med undantag av markerna v\u00e4ster om E4:an. Skadorna inom jordbruket orsakade av vildsvin har d\u00e4rmed \u00e4ven \u00f6kat. Det har hittills fr\u00e4mst varit konsumtion och nedtrampning av mj\u00f6lkmogen vete samt uppb\u00f6kning av \u00e4ldre vallar. Det \u00e4r allts\u00e5 h\u00f6g tid att skapa en mer organiserad samverkan med \u00e5tg\u00e4rder f\u00f6r att motverka och minska skadorna inom jordbruket.<\/p>\n<p>En arbetsgrupp har unders\u00f6kt vad som kan rekommenderas och g\u00f6ras p\u00e5 ett lokalt plan inom Viltsk\u00f6tselomr\u00e5det och l\u00e4gger fram en prelimin\u00e4r plan f\u00f6r en lokal vildsvinsf\u00f6rvaltning.<\/p>\n<p><b>M\u00e5ls\u00e4ttning<\/b> och ambitionen f\u00f6r arbetsgruppen \u00e4r att stimulera vildsvinsavskjutningen f\u00f6r att minska vildsvinsstammens tillv\u00e4xt och s\u00e4rskilt minimera jordbruksskadorna genom \u00f6kad skyddsjakt vid k\u00e4nsliga gr\u00f6dor. Detta skall ske genom \u00f6kad samverkan mellan jaktlagen och med jordbrukarna. Skrivningen skall l\u00e4gga grunden till en lokal vildsvinsf\u00f6rvaltning, som skall pr\u00f6vas och f\u00f6rb\u00e4ttras vid n\u00e4sta \u00e5rs Medlems- och Samr\u00e5dsm\u00f6te inom Viltsk\u00f6tselomr\u00e5det.<\/p>\n<p><b>Avskjutningen <\/b>inom Viltsk\u00f6tselomr\u00e5det har det senaste \u00e5ret \u00f6kat betydligt, men har f\u00f6rmodligen fortfarande enbart liten effekt p\u00e5 vildsvinsstammens tillv\u00e4xt. I tabellen nedan anges vildsvinsavskjutningen, som rapporterats i Viltdata, under de senaste fyra \u00e5ren fr\u00e5n Vattholma Jaktv\u00e5rdskrets. V\u00e5ra jaktlag b\u00f6r retroaktivt och framledes rapportera sina vildsvinsavskjutningar till Viltsk\u00f6tselomr\u00e5det, s\u00e5 att vi kan f\u00e5 en mera tillf\u00f6rlitlig avskjutningsstatistik.<\/p>\n<p>Vildsvinsstammens tillv\u00e4xt i de etablerade omr\u00e5dena sker mycket snabbt och avskjutningen m\u00e5ste \u00f6ka inom alla jaktlag. Det g\u00e5r inte att vara f\u00f6rsiktig och spara skjutbara vildsvin f\u00f6r att \u00f6ka stammen. Den v\u00e4xer snabbare \u00e4n vad vi f\u00f6rm\u00e5r skjuta. Vildsvinen r\u00f6r sig och f\u00f6dos\u00f6ker \u00f6ver stora omr\u00e5den och flera jaktlagsmarker. \u00c4ven sm\u00e5 jaktmarker b\u00f6r skjuta vildsvin, men skall t\u00e4nka p\u00e5 att inte p\u00e5tagligt locka och maximera avskjutningen, vilket kan f\u00f6rs\u00e4mra granns\u00e4mjan. Avskjutningen skall inriktas p\u00e5 \u00e5rsgrisar och galtar. Observera att kultingf\u00f6rande suggor \u00e4r totalfredade!<\/p>\n<p><b><i>Vildsvinsavskjutningen inom Vattholma Jaktv\u00e5rdskrets och Uppsala l\u00e4n enligt Viltdata<\/i><\/b><i>.<\/i><\/p>\n<p>&nbsp;<\/p>\n<table>\n<tbody>\n<tr>\n<td style=\"text-align: center\" width=\"102\"><\/td>\n<td style=\"text-align: center\" width=\"102\"><strong>2009\/2010<\/strong><\/td>\n<td style=\"text-align: center\" width=\"102\"><strong>2010\/2011<\/strong><\/td>\n<td style=\"text-align: center\" width=\"102\"><strong>2011\/2012<\/strong><\/td>\n<td style=\"text-align: center\" width=\"102\"><strong>2012\/2013<\/strong><\/td>\n<td style=\"text-align: center\" width=\"102\"><strong>2013\/2014<\/strong><\/td>\n<\/tr>\n<tr>\n<td width=\"102\">\n<p style=\"text-align: center\">Vattholma<\/p>\n<\/td>\n<td style=\"text-align: center\" width=\"102\">19<\/td>\n<td style=\"text-align: center\" width=\"102\">22<\/td>\n<td style=\"text-align: center\" width=\"102\">9<\/td>\n<td style=\"text-align: center\" width=\"102\">46<\/td>\n<td width=\"102\">\n<p style=\"text-align: center\">63<\/p>\n<\/td>\n<\/tr>\n<tr>\n<td style=\"text-align: center\" width=\"102\">Uppsala l\u00e4n<\/td>\n<td style=\"text-align: center\" width=\"102\">635<\/td>\n<td style=\"text-align: center\" width=\"102\">957<\/td>\n<td style=\"text-align: center\" width=\"102\">1023<\/td>\n<td style=\"text-align: center\" width=\"102\">1379<\/td>\n<td width=\"102\">\n<p style=\"text-align: center\">1757<\/p>\n<\/td>\n<\/tr>\n<\/tbody>\n<\/table>\n<p>&nbsp;<\/p>\n<p><b>Utfodring<\/b> av vildsvin kan ske antingen som st\u00f6dutfodring eller avledningsutfodring och b\u00f6r h\u00e5llas p\u00e5 en l\u00e5g niv\u00e5. St\u00f6dutfodring b\u00f6r ske fr\u00e4mst vintertid och anpassas i omfattning efter vinterf\u00f6rh\u00e5llandena. Den skall bara nyttjas f\u00f6r att lindra sv\u00e4ltlidande och inte f\u00f6r att gynna vildsvinsstammens tillv\u00e4xt. Avledningsutfodring kan g\u00f6ras p\u00e5 skogen under sommaren, f\u00f6r att avleda vildsvinen fr\u00e5n f\u00e4lt med attraktiv gr\u00f6da. M\u00e4ngden foder ska anpassas efter vad vildsvinen konsumerar p\u00e5 relativt kort tid. Stora h\u00f6gar av potatis, spills\u00e4d eller avrens f\u00e5r inte l\u00e4ggas ut. Stora h\u00f6gar av framf\u00f6rallt spannm\u00e5l angrips l\u00e4tt vid uppfuktning av m\u00f6gelsvampar och bakterier och kan bli direkt skadliga f\u00f6r djuren. Djuren kan \u00e4ven under vissa f\u00f6rh\u00e5llanden f\u00f6r\u00e4ta sig p\u00e5 spannm\u00e5len. Lantbrukare, som beh\u00f6ver bli av med st\u00f6rre m\u00e4ngder spannm\u00e5l eller avrens, b\u00f6r inte tippa dem som direkt utfodring. Det \u00e4r b\u00e4ttre om spannm\u00e5len kan sk\u00e4nkas till det lokala jaktlaget eller Viltsk\u00f6tselomr\u00e5det, f\u00f6r att successivt anv\u00e4ndas vid \u00e5tling eller utfodring f\u00f6r att h\u00e5lla vildsvinen fr\u00e5n f\u00e4lten. Foder-kostnaderna blir ofta betydande f\u00f6r jaktlagen.<\/p>\n<p>S\u00e4rskilt viktigt \u00e4r att inte utfodringen sker i \u00e5kerkanter utan helst s\u00e5 l\u00e5ngt upp p\u00e5 skogen som m\u00f6jligt. F\u00f6r\u00e4dlade livsmedelsprodukter s\u00e5som korvbr\u00f6d, br\u00f6dlimpor, wienerbr\u00f6d och kakor b\u00f6r inte utfodras \u00e4ven om det \u00e4r l\u00e4ttillg\u00e4ngligt och billigt som foder.<\/p>\n<div id=\"attachment_151\" style=\"width: 310px\" class=\"wp-caption alignleft\"><a href=\"https:\/\/krets.jagareforbundet.se\/vattholma\/files\/2014\/01\/Atel_Kultingar.jpg\"><img loading=\"lazy\" decoding=\"async\" aria-describedby=\"caption-attachment-151\" class=\"wp-image-151 size-medium\" style=\"margin: 10px\" title=\"\u00c5tel kultingar\" src=\"https:\/\/krets.jagareforbundet.se\/vattholma\/files\/2014\/01\/Atel_Kultingar-300x224.jpg\" alt=\"Kultingar\" width=\"300\" height=\"224\" srcset=\"https:\/\/krets.jagareforbundet.se\/vattholma\/files\/2014\/01\/Atel_Kultingar-300x224.jpg 300w, https:\/\/krets.jagareforbundet.se\/vattholma\/files\/2014\/01\/Atel_Kultingar.jpg 448w\" sizes=\"auto, (max-width: 300px) 100vw, 300px\" \/><\/a><p id=\"caption-attachment-151\" class=\"wp-caption-text\">Foto Hans Pettersson<\/p><\/div>\n<p><b>\u00c5tel.<\/b>\u00a0 Vid \u00e5teln skall bara utfodring ske f\u00f6r att locka vildsvinen, s\u00e5 att en kontrollerad avskjutning kan ske. Jakten vid \u00e5tel \u00e4r den mest effektiva vildsvinsjakten och utg\u00f6r minst risk f\u00f6r felskjutningar. Utfodringen skall ske med \u00e4rter, majs, vete och inte f\u00f6r\u00e4dlade livsmedelsprodukter. Foderspridare eller rull-tunna b\u00f6r f\u00f6retr\u00e4desvis anv\u00e4ndas, s\u00e5 att dygns givan kan begr\u00e4nsas, fodret spridas ut och foders\u00f6kstiden f\u00f6rl\u00e4ngas. Fodret \u00e4r till f\u00f6r att locka och uppeh\u00e5lla vildsvinen vid \u00e5teln. \u00c5tel eller utfodringsplats b\u00f6r ej l\u00e4ggas f\u00f6r n\u00e4ra jaktgr\u00e4ns, allm\u00e4n v\u00e4g eller skadek\u00e4nslig gr\u00f6da. Platserna b\u00f6r \u00e4ven spridas ut, s\u00e5 att vildsvinen inte enkelt kan tillgodog\u00f6ra sig mer \u00e4n dagsbehovet, genom att vandra mellan utfodrings- och \u00e5telplatserna. Belysning b\u00f6r installeras vid \u00e5teln, f\u00f6r att m\u00f6jligg\u00f6ra en s\u00e4ker avskjutning, \u00e4ven utan m\u00e5nsken.<\/p>\n<p>&nbsp;<\/p>\n<p><b>Jaktf\u00f6rbud<\/b> vid \u00e5tel och p\u00e5 skogen b\u00f6r g\u00e4lla efter midsommar och s\u00e5 l\u00e4nge som det finns skadek\u00e4nslig gr\u00f6da p\u00e5 f\u00e4lten. <i>F\u00f6rbudets syfte \u00e4r att hindra att jakt vid denna tid driver ut vildsvinen p\u00e5 f\u00e4lt med skadek\u00e4nslig gr\u00f6da<\/i>. Skyddsjakt och jakt i \u00e5kerkanter \u00e4r sj\u00e4lvklart undantagna. Utfodringen p\u00e5 \u00e5teln b\u00f6r d\u00e4remot forts\u00e4tta som avledning fr\u00e5n foders\u00f6k i f\u00e4lt med k\u00e4nslig gr\u00f6da.<\/p>\n<p><b>Skyddsjakt<\/b> vid attraktiv gr\u00f6da eller vall b\u00f6r i f\u00f6rsta hand sk\u00f6tas av det lokala jaktlaget. Klarar inte jaktlaget av att vid akut behov, mota och skr\u00e4mma vildsvinen fr\u00e5n den drabbade gr\u00f6dan, s\u00e5 kan Viltsk\u00f6tselomr\u00e5dets Arbetsgrupp kontaktas f\u00f6r f\u00f6rmedling av skyddsj\u00e4gare. Lantbrukare kan \u00e4ven innan en akut situation och i samf\u00f6rst\u00e5nd med det lokala jaktlaget, direkt h\u00e4nvisa skyddsj\u00e4gare fr\u00e5n Viltsk\u00f6tselomr\u00e5det till l\u00e4mpliga platser f\u00f6r skyddsjakt. Dessa j\u00e4gare blir d\u00e5 officiellt det lokala jaktlagets G\u00e4stj\u00e4gare. D\u00e4remot b\u00f6r ej helt externa j\u00e4gare anlitas och s\u00e4rskilt inte utan det lokala jaktlagets medgivande.<a href=\"https:\/\/krets.jagareforbundet.se\/vattholma\/files\/2014\/02\/Gr\u00f6dskadaVildsvin.jpg\"><img loading=\"lazy\" decoding=\"async\" class=\" wp-image-209 alignleft\" style=\"margin: 20px\" src=\"https:\/\/krets.jagareforbundet.se\/vattholma\/files\/2014\/02\/Gr\u00f6dskadaVildsvin-1024x613.jpg\" alt=\"Gr\u00f6dskadaVildsvin\" width=\"430\" height=\"257\" srcset=\"https:\/\/krets.jagareforbundet.se\/vattholma\/files\/2014\/02\/Gr\u00f6dskadaVildsvin-1024x613.jpg 1024w, https:\/\/krets.jagareforbundet.se\/vattholma\/files\/2014\/02\/Gr\u00f6dskadaVildsvin-300x179.jpg 300w\" sizes=\"auto, (max-width: 430px) 100vw, 430px\" \/><\/a><\/p>\n<p>S\u00e4rskilt attraktiva gr\u00f6dor \u00e4r mj\u00f6lkmogen vete, havre, \u00e4rtor, kl\u00f6vervall och \u00e4ldre kvickrotsrik vall i n\u00e4ra anslutning till skogsmark. Brukaren b\u00f6r h\u00e5lla dessa under s\u00e4rskild kontroll f\u00f6r att p\u00e5 ett tidigt stadium uppt\u00e4cka vildsvinsskador. Det kan \u00e4ven vara l\u00e4mpligt att f\u00f6rmedla information om dessa till det lokala jaktlaget, f\u00f6r att f\u00e5 hj\u00e4lp med kontrollen. I sv\u00e5ra fall kan man \u00f6verv\u00e4ga att sl\u00e5 en kantzon, skjutgator och s\u00e4tta upp mobila skjuttorn. Jakten skall inriktas p\u00e5 att skr\u00e4mma vildsvinen fr\u00e5n gr\u00f6dan, varvid man inriktar sig p\u00e5 att skjuta kultingar och unggrisar i flocken. Galtar kan \u00e4ven skjutas, medan suggorna absolut inte f\u00e5r skjutas, d\u00e5 det kan resultera i v\u00e4rre skador. Jakt p\u00e5 vildsvin med kulvapen vid f\u00e4lt \u00e4r s\u00e4rskilt sv\u00e5rt p.g.a. den skyddande gr\u00f6dan och brist p\u00e5 kulf\u00e5ng. Tillg\u00e5ng till efters\u00f6kshund kr\u00e4vs \u00e4ven, d\u00e5 ett p\u00e5skjutet djur m\u00e5ste uppsp\u00e5ras och avf\u00e5ngas. Skr\u00e4msel med hagelskott, folk och hundar kan l\u00e4ttare till\u00e4mpas, men \u00e4r f\u00f6rmodligen inte lika effektivt. Hundar, som jagar vildsvin, kan \u00e4ven anv\u00e4ndas f\u00f6r att driva bort vildsvinen, men man m\u00e5ste beakta risken att de driver annat vilt.<\/p>\n<p>&nbsp;<\/p>\n<p><b>Drevjakt<\/b> med hund p\u00e5 vildsvin \u00e4r kanske en popul\u00e4rare jaktform, som kan bedrivas under h\u00f6sten-vintern. Det kr\u00e4vs kunnande om en god vildsvinsstam, bra vildsvinshundar, skickliga skyttar, god planering och h\u00f6g s\u00e4kerhet f\u00f6r en effektiv jakt. Drevjakten b\u00f6r planeras och genomf\u00f6ras gemensamt med flera jaktlag p\u00e5 n\u00e4rliggande och sammanh\u00e5llande jaktmarker, n\u00e5got som redan b\u00f6rjat samordnas inom Viltsk\u00f6tselomr\u00e5det och b\u00f6r uppmuntras. Det finns f\u00e5 bra vildsvinshundar inom v\u00e5ra jaktlag, varf\u00f6r det \u00e4r \u00f6nskv\u00e4rt att tr\u00e4na upp fler, s\u00e5 att vi inte beh\u00f6ver f\u00f6rlita oss p\u00e5 externa hundar. Vid planeringen \u00e4r viktigt att k\u00e4nna till var vildsvinen har sina daglegor, s\u00e5 att hundarna kan f\u00e5 goda chanser till att f\u00e5 fart p\u00e5 vildsvinen. Vildsvinspassen skiljer sig fr\u00e5n \u00e4lg- och r\u00e5djurspassen och b\u00f6r l\u00e4ggas ut d\u00e4r vildsvinen har sina v\u00e4xlar. Passen blir ofta tr\u00e5nga och b\u00f6r helst ha jakttorn med tanke p\u00e5 s\u00e4kerheten, d\u00e5 vildsvinen kan komma i h\u00f6g fart.<\/p>\n<p><b>F\u00e4llf\u00e5ngst<\/b> av vildsvin b\u00f6r ur djurskyddssynpunkt och med r\u00e5dande regler endast till\u00e4mpas vid problem i t\u00e4tbebyggt omr\u00e5de och p\u00e5 platser, d\u00e4r traditionell jakt inte kan bedrivas. N\u00e5gra f\u00e4llor finns redan inom Viltsk\u00f6tselomr\u00e5det och om f\u00e4llor beh\u00f6ver anv\u00e4ndas p\u00e5 s\u00e5dana platser \u00e4r det viktigt att typgodk\u00e4nda f\u00e4llor anv\u00e4nds och att dessa vittjas efter r\u00e5dande regler.<\/p>\n<p><b>Efters\u00f6kshund,<\/b> som \u00e4r s\u00e4rskilt tr\u00e4nad i att uppsp\u00e5ra skadeskjutna vildsvin skall finnas tillg\u00e4nglig inom tv\u00e5 timmar vid all form av jakt p\u00e5 vildsvin. Bara ett f\u00e5tal av jaktlagens normalt tr\u00e4nade efters\u00f6kshundar \u00e4r villiga att sp\u00e5ra och kan st\u00e4lla skadeskjutna vildsvin. Fler hundar och f\u00f6rare beh\u00f6ver d\u00e4rf\u00f6r utbildas och tr\u00e4nas i efters\u00f6k p\u00e5 vildsvin. F\u00f6rvissa er om att ni har tillg\u00e5ng till en godtagbar efters\u00f6kshund eller helst ett bra och kunnigt efters\u00f6ksekipage. Vildsvinsgruppen kan eventuellt f\u00f6rmedla kontakter. F\u00f6r efters\u00f6k p\u00e5 vildsvin kr\u00e4vs speciell kompetens och efters\u00f6kspatrullen b\u00f6r helst best\u00e5 av tv\u00e5 j\u00e4gare och tv\u00e5 hundar, som kompletterar varandra. En sp\u00e5rspecialist och en st\u00e4llande hund.<\/p>\n<p>&nbsp;<\/p>\n<p><b>Vildsvinsgruppen<\/b> best\u00e5r prelimin\u00e4rt av arbetsgruppen, som tagit fram ovanst\u00e5ende rekommendationer.<\/p>\n<p>Thomas Eriksson\u00a0\u00a0\u00a0\u00a0\u00a0\u00a0\u00a0\u00a0 070-7479393<\/p>\n<p>Fredrik Eriksson\u00a0\u00a0\u00a0\u00a0\u00a0\u00a0\u00a0\u00a0\u00a0 072-5363006<\/p>\n<p>Lennart Bellqvist\u00a0\u00a0\u00a0\u00a0\u00a0\u00a0\u00a0 070-2336214<\/p>\n<p>Ulf Lindgren\u00a0\u00a0\u00a0\u00a0\u00a0\u00a0\u00a0\u00a0\u00a0\u00a0\u00a0\u00a0\u00a0\u00a0 070-3942496<\/p>\n<p>Hans Pettersson\u00a0\u00a0\u00a0\u00a0\u00a0\u00a0\u00a0\u00a0\u00a0 070-2055158<\/p>\n<p><b>L\u00e4nkar<\/b> till skrifter och rapporter om Vildsvinsf\u00f6rvaltning<\/p>\n<p>Vildsvin, jakt och f\u00f6rvaltning, Kunskapssammanst\u00e4llning f\u00f6r LRF. Svensk Naturf\u00f6rvaltning 2008. Rapport\u00a0 04.<\/p>\n<p>Vildsvinsf\u00f6rvaltning i Samverkan. 2009.<\/p>\n<p>Framg\u00e5ngsrik Vildsvinsf\u00f6rvaltning. 2008.<\/p>\n<p>Riktlinjer f\u00f6r utfodring av vildsvin. LRF.<\/p>\n<p>Vildsvin. Hur stora kostnader orsakar vildsvin inom jordbruket. 2010, Jordbruksverkets Rapport 2010:26.<\/p>\n<p>&nbsp;<\/p>\n","protected":false},"excerpt":{"rendered":"<p>Vildsvinen har nu, 2013, etablerat sig inom hela Vattholma Viltsk\u00f6tselomr\u00e5de, m\u00f6jligen med undantag av markerna v\u00e4ster om E4:an. Skadorna inom jordbruket orsakade av vildsvin har d\u00e4rmed \u00e4ven \u00f6kat. Det har hittills fr\u00e4mst varit konsumtion och nedtrampning av mj\u00f6lkmogen vete samt uppb\u00f6kning av \u00e4ldre vallar. Det \u00e4r allts\u00e5 h\u00f6g tid att skapa en mer organiserad samverkan [&hellip;]<\/p>\n","protected":false},"author":160,"featured_media":0,"parent":126,"menu_order":0,"comment_status":"open","ping_status":"open","template":"","meta":{"footnotes":""},"class_list":["post-128","page","type-page","status-publish","hentry"],"_links":{"self":[{"href":"https:\/\/krets.jagareforbundet.se\/vattholma\/wp-json\/wp\/v2\/pages\/128","targetHints":{"allow":["GET"]}}],"collection":[{"href":"https:\/\/krets.jagareforbundet.se\/vattholma\/wp-json\/wp\/v2\/pages"}],"about":[{"href":"https:\/\/krets.jagareforbundet.se\/vattholma\/wp-json\/wp\/v2\/types\/page"}],"author":[{"embeddable":true,"href":"https:\/\/krets.jagareforbundet.se\/vattholma\/wp-json\/wp\/v2\/users\/160"}],"replies":[{"embeddable":true,"href":"https:\/\/krets.jagareforbundet.se\/vattholma\/wp-json\/wp\/v2\/comments?post=128"}],"version-history":[{"count":2,"href":"https:\/\/krets.jagareforbundet.se\/vattholma\/wp-json\/wp\/v2\/pages\/128\/revisions"}],"predecessor-version":[{"id":859,"href":"https:\/\/krets.jagareforbundet.se\/vattholma\/wp-json\/wp\/v2\/pages\/128\/revisions\/859"}],"up":[{"embeddable":true,"href":"https:\/\/krets.jagareforbundet.se\/vattholma\/wp-json\/wp\/v2\/pages\/126"}],"wp:attachment":[{"href":"https:\/\/krets.jagareforbundet.se\/vattholma\/wp-json\/wp\/v2\/media?parent=128"}],"curies":[{"name":"wp","href":"https:\/\/api.w.org\/{rel}","templated":true}]}}