{"id":145,"date":"2014-01-23T21:29:12","date_gmt":"2014-01-23T20:29:12","guid":{"rendered":"https:\/\/krets.jagareforbundet.se\/vattholma\/?page_id=145"},"modified":"2026-03-19T19:51:05","modified_gmt":"2026-03-19T18:51:05","slug":"viltspar-eftersokstraning","status":"publish","type":"page","link":"https:\/\/krets.jagareforbundet.se\/vattholma\/viltspar-eftersokstraning\/","title":{"rendered":"Efters\u00f6k och viltsp\u00e5r 2026"},"content":{"rendered":"<p>&nbsp;<\/p>\n<table class=\"m_8446635657060155614rsd\" border=\"0\" width=\"600\" cellspacing=\"0\" cellpadding=\"0\" align=\"center\" bgcolor=\"#ffffff\">\n<tbody>\n<tr>\n<th>\n<table style=\"height: 218px\" border=\"0\" width=\"738\" cellspacing=\"0\" cellpadding=\"0\" align=\"left\">\n<tbody>\n<tr>\n<th class=\"m_8446635657060155614p_b\" align=\"left\">\n<table class=\"m_8446635657060155614rsd\" style=\"height: 329px\" border=\"0\" width=\"721\" cellspacing=\"0\" cellpadding=\"0\" align=\"left\">\n<tbody>\n<tr>\n<td class=\"m_8446635657060155614rsd\">\n<div id=\"m_8446635657060155614align-wrapper\">\n<div style=\"width: 471px\" class=\"wp-caption aligncenter\"><img loading=\"lazy\" decoding=\"async\" class=\"CToWUd a6T\" src=\"https:\/\/ci3.googleusercontent.com\/meips\/ADKq_Nb5njF1R2Ijk1DUpFl5Cl-HplF-Hym4RcXDa6WKivgfJjmZLvvwhYE0tabIGvApS1M50vjwCY6xsbanKg=s0-d-e1-ft#https:\/\/img2.anpdm.com\/81598\/Plott.jpg\" alt=\"\" width=\"461\" height=\"308\" align=\"center\" border=\"0\" data-bit=\"iit\" \/><p class=\"wp-caption-text\">Foto Solan<\/p><\/div>\n<\/div>\n<\/td>\n<td class=\"m_8446635657060155614nomob\" width=\"20\"><\/td>\n<\/tr>\n<\/tbody>\n<\/table>\n<\/th>\n<\/tr>\n<\/tbody>\n<\/table>\n<\/th>\n<\/tr>\n<\/tbody>\n<\/table>\n<table class=\"m_8446635657060155614rsd\" border=\"0\" width=\"600\" cellspacing=\"0\" cellpadding=\"0\" align=\"center\" bgcolor=\"#ffffff\">\n<tbody>\n<tr>\n<th class=\"m_8446635657060155614p_b\">\n<table style=\"height: 292px\" border=\"0\" width=\"743\" cellspacing=\"0\" cellpadding=\"10\" bgcolor=\"#F0F0F0\">\n<tbody>\n<tr>\n<th align=\"left\">\n<div>\n<div>\n<table class=\"m_8446635657060155614rsd\" style=\"background-color: #ffffff;height: 34px\" border=\"0\" width=\"48\" cellspacing=\"0\" cellpadding=\"0\" align=\"left\">\n<tbody>\n<tr>\n<td class=\"m_8446635657060155614nomob\" style=\"text-align: center\" width=\"20\"><\/td>\n<\/tr>\n<\/tbody>\n<\/table>\n<h1 style=\"background-color: #ffffff;text-align: center\"><strong>Efters\u00f6k och viltsp\u00e5r 2026<\/strong><\/h1>\n<p align=\"left\"><strong><span style=\"font-size: large\">Ja, d\u00e5 \u00e4r v\u00e5ren h\u00e4r och dax att tr\u00e4na hund\/hundar <\/span><span style=\"font-size: large\">i <\/span><span style=\"font-size: large\">viltsp\u00e5r och efters\u00f6k sp\u00e5r.<\/span><\/strong><\/p>\n<p align=\"left\"><strong>Alla hundar \u00e4r v\u00e4lkomna.<\/strong><\/p>\n<p align=\"left\"><strong><span style=\"font-size: medium\">Vi kommer att vara Bergt\u00e4kten S<\/span><span style=\"font-size: medium\">k<\/span><span style=\"font-size: medium\">yttorp och Kalkbrottet Va<\/span><span style=\"font-size: medium\">tt<\/span><span style=\"font-size: medium\">holma<\/span><\/strong><\/p>\n<p align=\"left\"><strong>s\u00f6ndag den 19 april kl.14.00<\/strong><\/p>\n<p align=\"left\"><strong>s\u00f6ndag den 26 april kl.14.00<\/strong><\/p>\n<p align=\"left\"><strong>s\u00f6ndag den 10 maj kl. 14.00<\/strong><\/p>\n<p align=\"left\"><strong>s\u00f6ndag den 17 maj kl.14.00<\/strong><\/p>\n<p align=\"left\"><strong>Kl\u00f6var och blod kommer att finnas.<\/strong><\/p>\n<p align=\"left\"><strong>Du tar med hund, sele\/halsband, lina, snitslar och gott godis till hunden.<\/strong><\/p>\n<p align=\"left\"><strong>Kostnad 250kr<\/strong><\/p>\n<p align=\"left\"><strong>Anm\u00e4lan till Solveig Ros\u00e9n. <a href=\"mailto:solvrose@gmail.com\"><u>solvrose@gmail.com<\/u><\/a> 070-2950138<\/strong><\/p>\n<p align=\"left\"><strong>Du f\u00e5r mer information om tr\u00e4ningen,plats och var du ska betala.<\/strong><\/p>\n<p align=\"left\"><strong>V\u00e4lkomna<\/strong><\/p>\n<p align=\"left\"><strong>Solan<\/strong><\/p>\n<\/div>\n<div>\n<h3 align=\"left\"><strong><span style=\"font-size: medium\">S\u00f6ndagen den 31 maj har vi KM (kretsm\u00e4sterskap i viltsp\u00e5r)<\/span><\/strong><\/h3>\n<p align=\"left\">D\u00e5 vill vi att s\u00e5 m\u00e5nga som m\u00f6jligt st\u00e4ller upp. Det b\u00e4sta ekipaget g\u00e5r vidare till LM (l\u00e4nsm\u00e4sterskap)<\/p>\n<p align=\"left\">Sp\u00e5ren \u00e4r <b>\u00d6ppen klass sp\u00e5r.<\/b><\/p>\n<p align=\"left\">Anm\u00e4lan senast s\u00f6ndag den 24 maj.<\/p>\n<p align=\"left\">Till Solveig Ros\u00e9n <a href=\"mailto:solvrose@gmail.com\"><span style=\"color: #1155cc\"><u>solvrose@gmail.com<\/u><\/span><\/a> 070-2950138<\/p>\n<\/div>\n<div><em>V\u00e4lkomna<\/em><\/div>\n<\/div>\n<div><\/div>\n<\/th>\n<\/tr>\n<\/tbody>\n<\/table>\n<\/th>\n<\/tr>\n<\/tbody>\n<\/table>\n<table class=\"m_8446635657060155614rsd\" border=\"0\" width=\"600\" cellspacing=\"0\" cellpadding=\"0\" align=\"center\" bgcolor=\"#ffffff\">\n<tbody>\n<tr>\n<th class=\"m_8446635657060155614p_b\"><\/th>\n<\/tr>\n<\/tbody>\n<\/table>\n<table class=\"m_8446635657060155614rsd\" border=\"0\" width=\"600\" cellspacing=\"0\" cellpadding=\"0\" align=\"center\" bgcolor=\"#ffffff\">\n<tbody>\n<tr>\n<th class=\"m_8446635657060155614p_b\"><\/th>\n<\/tr>\n<\/tbody>\n<\/table>\n<table class=\"m_8446635657060155614rsd\" border=\"0\" width=\"600\" cellspacing=\"0\" cellpadding=\"0\" align=\"center\" bgcolor=\"#ffffff\">\n<tbody>\n<tr>\n<th class=\"m_8446635657060155614p_b\">\n<table style=\"height: 193px\" border=\"0\" width=\"741\" cellspacing=\"0\" cellpadding=\"10\" bgcolor=\"#F0F0F0\">\n<tbody>\n<tr>\n<th align=\"left\">\n<div>SM- efters\u00f6k!!<\/div>\n<div><\/div>\n<div>N\u00e5got som J\u00e4garf\u00f6rbundet Uppsala l\u00e4n har jobbat m\u00e5nga \u00e5r att f\u00e5 igenom.<br \/>\nDet kommer att g\u00e5 2026, mer info fram\u00e5t i tiden..<\/div>\n<div><\/div>\n<div><\/div>\n<\/th>\n<\/tr>\n<\/tbody>\n<\/table>\n<\/th>\n<\/tr>\n<\/tbody>\n<\/table>\n<p>&nbsp;<\/p>\n<p><a href=\"https:\/\/krets.jagareforbundet.se\/vattholma\/files\/2023\/03\/Skarmbild-2023-03-26-130123-Kalkbrottet-Vattholma.jpg\"><img loading=\"lazy\" decoding=\"async\" class=\"size-full wp-image-792 aligncenter\" src=\"https:\/\/krets.jagareforbundet.se\/vattholma\/files\/2023\/03\/Skarmbild-2023-03-26-130123-Kalkbrottet-Vattholma.jpg\" alt=\"\" width=\"432\" height=\"493\" srcset=\"https:\/\/krets.jagareforbundet.se\/vattholma\/files\/2023\/03\/Skarmbild-2023-03-26-130123-Kalkbrottet-Vattholma.jpg 432w, https:\/\/krets.jagareforbundet.se\/vattholma\/files\/2023\/03\/Skarmbild-2023-03-26-130123-Kalkbrottet-Vattholma-263x300.jpg 263w\" sizes=\"auto, (max-width: 432px) 100vw, 432px\" \/><\/a><\/p>\n<p>&nbsp;<\/p>\n<p>&nbsp;<\/p>\n<p>&nbsp;<\/p>\n<p>&nbsp;<\/p>\n<h2><\/h2>\n","protected":false},"excerpt":{"rendered":"<p>&nbsp; Efters\u00f6k och viltsp\u00e5r 2026 Ja, d\u00e5 \u00e4r v\u00e5ren h\u00e4r och dax att tr\u00e4na hund\/hundar i viltsp\u00e5r och efters\u00f6k sp\u00e5r. Alla hundar \u00e4r v\u00e4lkomna. Vi kommer att vara Bergt\u00e4kten Skyttorp och Kalkbrottet Vattholma s\u00f6ndag den 19 april kl.14.00 s\u00f6ndag den 26 april kl.14.00 s\u00f6ndag den 10 maj kl. 14.00 s\u00f6ndag den 17 maj kl.14.00 Kl\u00f6var [&hellip;]<\/p>\n","protected":false},"author":160,"featured_media":0,"parent":0,"menu_order":5,"comment_status":"open","ping_status":"closed","template":"","meta":{"footnotes":""},"class_list":["post-145","page","type-page","status-publish","hentry"],"_links":{"self":[{"href":"https:\/\/krets.jagareforbundet.se\/vattholma\/wp-json\/wp\/v2\/pages\/145","targetHints":{"allow":["GET"]}}],"collection":[{"href":"https:\/\/krets.jagareforbundet.se\/vattholma\/wp-json\/wp\/v2\/pages"}],"about":[{"href":"https:\/\/krets.jagareforbundet.se\/vattholma\/wp-json\/wp\/v2\/types\/page"}],"author":[{"embeddable":true,"href":"https:\/\/krets.jagareforbundet.se\/vattholma\/wp-json\/wp\/v2\/users\/160"}],"replies":[{"embeddable":true,"href":"https:\/\/krets.jagareforbundet.se\/vattholma\/wp-json\/wp\/v2\/comments?post=145"}],"version-history":[{"count":3,"href":"https:\/\/krets.jagareforbundet.se\/vattholma\/wp-json\/wp\/v2\/pages\/145\/revisions"}],"predecessor-version":[{"id":997,"href":"https:\/\/krets.jagareforbundet.se\/vattholma\/wp-json\/wp\/v2\/pages\/145\/revisions\/997"}],"wp:attachment":[{"href":"https:\/\/krets.jagareforbundet.se\/vattholma\/wp-json\/wp\/v2\/media?parent=145"}],"curies":[{"name":"wp","href":"https:\/\/api.w.org\/{rel}","templated":true}]}}