{"id":146,"date":"2014-01-23T21:40:20","date_gmt":"2014-01-23T20:40:20","guid":{"rendered":"https:\/\/krets.jagareforbundet.se\/vattholma\/?page_id=146"},"modified":"2026-03-04T17:51:51","modified_gmt":"2026-03-04T16:51:51","slug":"trafikeftersok","status":"publish","type":"page","link":"https:\/\/krets.jagareforbundet.se\/vattholma\/trafikeftersok\/","title":{"rendered":"Trafikefters\u00f6k"},"content":{"rendered":"<h1><a href=\"https:\/\/krets.jagareforbundet.se\/vattholma\/files\/2014\/01\/\u00e4lgvarning.gif\"><img loading=\"lazy\" decoding=\"async\" class=\"size-full wp-image-136 alignright\" src=\"https:\/\/krets.jagareforbundet.se\/vattholma\/files\/2014\/01\/\u00e4lgvarning.gif\" alt=\"\u00e4lgvarning\" width=\"90\" height=\"75\" \/><\/a><\/h1>\n<h1><\/h1>\n<h1>Efters\u00f6k vid Viltolyckor<\/h1>\n<p>Viltolyckor \u00e4r tyv\u00e4rr relativt vanliga inom kretsens verksamhetsomr\u00e5de och d\u00e5 s\u00e4rskilt l\u00e4ngs v\u00e4g 290. Det \u00e4r fr\u00e4mst kollisioner mellan bil och r\u00e5djur. Under 2012 rapporterades 47 viltolyckor med r\u00e5djur, 5 med \u00e4lg och 10 med vildsvin inom kretsen. Se statistik p\u00e5 <a href=\"http:\/\/www.viltolycka.se\/statistik\" target=\"_blank\" rel=\"noopener noreferrer\">Nationella Viltolycksr\u00e5dets hemsida<\/a>. Djuren d\u00f6das eller blir mer eller mindre allvarligt skadade och beh\u00f6ver avlivas p\u00e5 plats eller efters\u00f6kas och avlivas. F\u00f6r detta har kretsen i samarbete med polisen utsett kontaktpersoner, som polisen kan kontakta efter rapporterad viltolycka inom kretsens verksamhetsomr\u00e5de. Kontaktpersonerna ansvarar f\u00f6r att en efters\u00f6kspatrull skall finnas till hands f\u00f6r att ta reda p\u00e5 det trafikskadade viltet. Nya f\u00f6reskrifter fr\u00e5n Rikspolisstyrelsen och Naturv\u00e5rdsverket g\u00e4ller f\u00f6r efters\u00f6ksj\u00e4gare under Nationella Viltolycksr\u00e5det sedan 15 december 2012. Persons\u00e4kerheten har sk\u00e4rpts med ny s\u00e4kerhetsutrustning och ers\u00e4ttning fr\u00e5n polismyndigheten. Efters\u00f6ksj\u00e4garna skall b\u00e4ra s\u00e4rskilda reflexv\u00e4star med text Vilt Olycka och Id-nr f\u00f6r identifikation.<\/p>\n<h1><a href=\"https:\/\/krets.jagareforbundet.se\/vattholma\/files\/2014\/02\/NatViltlogotype.png\"><img loading=\"lazy\" decoding=\"async\" class=\"size-full wp-image-211 aligncenter\" src=\"https:\/\/krets.jagareforbundet.se\/vattholma\/files\/2014\/02\/NatViltlogotype.png\" alt=\"NatViltlogotype\" width=\"164\" height=\"93\" \/><\/a><\/h1>\n<h1><\/h1>\n<h1>Vid Viltolycka<\/h1>\n<ol>\n<li>Polisen kontaktar n\u00e5gon\u00a0kontaktperson och meddelar att viltolycka \u00e4gt rum.<\/li>\n<li>Kontaktpersonen g\u00f6r platsbes\u00f6k eller kontaktar en efters\u00f6ksj\u00e4gare om det p\u00e5k\u00f6rda djuret har\u00a0g\u00e5tt vidare.<\/li>\n<li>Kontaktpersonen eller den\u00a0inkallade efters\u00f6ksj\u00e4garen p\u00e5b\u00f6rjar efters\u00f6ket och fullf\u00f6ljer detta tills\u00a0dess att det skadade djuret p\u00e5tr\u00e4ffats och eventuellt avlivats, \u00e4ven om \u00a0\u00a0\u00a0\u00a0 djuret g\u00e5r in p\u00e5 annan jaktmark.<\/li>\n<li>N\u00e4r djuret p\u00e5tr\u00e4ffats och avlivats, identifieras involverad jaktmark och jaktr\u00e4ttsinnehavaren\u00a0meddelas resultatet. Det \u00e5ligger d\u00e4refter jaktr\u00e4ttsinnehavaren att ta hand om djuret.<\/li>\n<\/ol>\n<h1>Viktig Information till dig som r\u00e5kar ut f\u00f6r Viltolycka<\/h1>\n<ul>\n<li>Du \u00e4r skyldig att anm\u00e4la\u00a0viltolycka med r\u00e5djur, \u00e4lg, hjort och vildsvin till polisen.<\/li>\n<li>Var noga med att m\u00e4rka ut platsen f\u00f6r viltolyckan<\/li>\n<li>Anv\u00e4nd din viltdekal som Du\u00a0har liggande i bilen och f\u00e5tt p\u00e5 Bilbesiktningen.<\/li>\n<li>N\u00e4r Du ringer 112, var noga\u00a0med att tala om var n\u00e5gonstans olyckan skett. Du sparar mycket tid f\u00f6r\u00a0efters\u00f6ksgruppen med r\u00e4tt platsangivelse.<\/li>\n<li>L\u00e4mna \u00e4ven uppgift om\u00a0mobiltelefon, s\u00e5 att efters\u00f6ksj\u00e4garen kan kontakta f\u00f6r mer uppgifter och\u00a0f\u00f6rtydliganden.<\/li>\n<\/ul>\n<h1>Kontaktgrupp och Efters\u00f6ksj\u00e4gare<\/h1>\n<table border=\"0\" width=\"89%\" cellpadding=\"0\">\n<tbody>\n<tr>\n<td width=\"37%\">\u00a0<strong>Kontaktpersoner<\/strong><\/td>\n<td width=\"32%\"><strong>Telefon<\/strong><\/td>\n<td width=\"28%\"><strong>Mob. tel.<\/strong><\/td>\n<\/tr>\n<tr>\n<td width=\"37%\"><a href=\"mailto:gjallarbron1@telia.com\">Rolf Johansson<\/a><\/td>\n<td width=\"32%\">018-352268<\/td>\n<td width=\"28%\">0706-352273<\/td>\n<\/tr>\n<tr>\n<td width=\"37%\"><\/td>\n<td width=\"32%\"><\/td>\n<td width=\"28%\"><\/td>\n<\/tr>\n<tr>\n<td width=\"37%\">\u00a0<strong>Trafikefters\u00f6ksj\u00e4gare<\/strong><\/td>\n<td width=\"32%\"><\/td>\n<td width=\"28%\"><\/td>\n<\/tr>\n<tr>\n<td width=\"37%\"><a href=\"mailto:eifos_82@hotmail.com\">Ulf Lindgren<\/a><\/td>\n<td width=\"32%\">018353002<\/td>\n<td width=\"28%\">070-3942496<\/td>\n<\/tr>\n<tr>\n<td width=\"37%\">Lars Johansson<\/td>\n<td width=\"32%\"><\/td>\n<td width=\"28%\">072-2226574<\/td>\n<\/tr>\n<tr>\n<td width=\"37%\">Bj\u00f6rn Videnberg<\/td>\n<td width=\"32%\"><\/td>\n<td width=\"28%\">072-2429936<\/td>\n<\/tr>\n<tr>\n<td width=\"37%\">Alexander Afvenberg<\/td>\n<td width=\"32%\"><\/td>\n<td width=\"28%\">0703526979<\/td>\n<\/tr>\n<tr>\n<td width=\"37%\">Isak Gunnarsson<\/td>\n<td width=\"32%\"><\/td>\n<td width=\"28%\">0734019351<\/td>\n<\/tr>\n<tr>\n<td width=\"37%\"><\/td>\n<td width=\"32%\"><\/td>\n<td width=\"28%\"><\/td>\n<\/tr>\n<\/tbody>\n<\/table>\n<div id=\"attachment_245\" style=\"width: 1034px\" class=\"wp-caption alignright\"><a href=\"https:\/\/krets.jagareforbundet.se\/vattholma\/files\/2014\/11\/Vildsvinsvarning.jpg\"><img loading=\"lazy\" decoding=\"async\" aria-describedby=\"caption-attachment-245\" class=\"wp-image-245 size-large\" src=\"https:\/\/krets.jagareforbundet.se\/vattholma\/files\/2014\/11\/Vildsvinsvarning-1024x575.jpg\" alt=\"\" width=\"1024\" height=\"575\" srcset=\"https:\/\/krets.jagareforbundet.se\/vattholma\/files\/2014\/11\/Vildsvinsvarning-1024x575.jpg 1024w, https:\/\/krets.jagareforbundet.se\/vattholma\/files\/2014\/11\/Vildsvinsvarning-300x168.jpg 300w\" sizes=\"auto, (max-width: 1024px) 100vw, 1024px\" \/><\/a><p id=\"caption-attachment-245\" class=\"wp-caption-text\">Foto: Hans Pettersson<\/p><\/div>\n<p>&nbsp;<\/p>\n","protected":false},"excerpt":{"rendered":"<p>Efters\u00f6k vid Viltolyckor Viltolyckor \u00e4r tyv\u00e4rr relativt vanliga inom kretsens verksamhetsomr\u00e5de och d\u00e5 s\u00e4rskilt l\u00e4ngs v\u00e4g 290. Det \u00e4r fr\u00e4mst kollisioner mellan bil och r\u00e5djur. Under 2012 rapporterades 47 viltolyckor med r\u00e5djur, 5 med \u00e4lg och 10 med vildsvin inom kretsen. Se statistik p\u00e5 Nationella Viltolycksr\u00e5dets hemsida. Djuren d\u00f6das eller blir mer eller mindre allvarligt [&hellip;]<\/p>\n","protected":false},"author":160,"featured_media":0,"parent":0,"menu_order":6,"comment_status":"open","ping_status":"closed","template":"","meta":{"footnotes":""},"class_list":["post-146","page","type-page","status-publish","hentry"],"_links":{"self":[{"href":"https:\/\/krets.jagareforbundet.se\/vattholma\/wp-json\/wp\/v2\/pages\/146","targetHints":{"allow":["GET"]}}],"collection":[{"href":"https:\/\/krets.jagareforbundet.se\/vattholma\/wp-json\/wp\/v2\/pages"}],"about":[{"href":"https:\/\/krets.jagareforbundet.se\/vattholma\/wp-json\/wp\/v2\/types\/page"}],"author":[{"embeddable":true,"href":"https:\/\/krets.jagareforbundet.se\/vattholma\/wp-json\/wp\/v2\/users\/160"}],"replies":[{"embeddable":true,"href":"https:\/\/krets.jagareforbundet.se\/vattholma\/wp-json\/wp\/v2\/comments?post=146"}],"version-history":[{"count":3,"href":"https:\/\/krets.jagareforbundet.se\/vattholma\/wp-json\/wp\/v2\/pages\/146\/revisions"}],"predecessor-version":[{"id":990,"href":"https:\/\/krets.jagareforbundet.se\/vattholma\/wp-json\/wp\/v2\/pages\/146\/revisions\/990"}],"wp:attachment":[{"href":"https:\/\/krets.jagareforbundet.se\/vattholma\/wp-json\/wp\/v2\/media?parent=146"}],"curies":[{"name":"wp","href":"https:\/\/api.w.org\/{rel}","templated":true}]}}