{"id":160,"date":"2014-01-24T18:32:34","date_gmt":"2014-01-24T17:32:34","guid":{"rendered":"https:\/\/krets.jagareforbundet.se\/vattholma\/?page_id=160"},"modified":"2019-02-23T16:54:02","modified_gmt":"2019-02-23T15:54:02","slug":"algskotselomradet","status":"publish","type":"page","link":"https:\/\/krets.jagareforbundet.se\/vattholma\/vattholma-viltskotselomrade\/algskotselomradet\/","title":{"rendered":"fd \u00c4lgsk\u00f6tselomr\u00e5det Vattholma storlicens"},"content":{"rendered":"<h1>fd \u00c4lgsk\u00f6tselplan Vattholma storlicens<\/h1>\n<p>Vattholma \u00c4lgsk\u00f6tselomr\u00e5de registrerades f\u00f6rsta g\u00e5ngen av L\u00e4nsstyrelsen i juli 2012 inf\u00f6r det nya \u00e4lgjaktsystemet. En tre\u00e5rig \u00c4lgsk\u00f6tselplan baserad p\u00e5 kunskaper om \u00e4lgstammen skall utarbetas i samr\u00e5d med mark\u00e4gare och jaktr\u00e4ttsinnehavare f\u00f6r att senare godk\u00e4nnas av \u00d6sterbybruks \u00c4lgf\u00f6rvaltningsomr\u00e5de och fastst\u00e4llas av L\u00e4nsstyrelsen. Den f\u00f6rsta sk\u00f6tselplanen avs\u00e5g \u00e5ren 2012-2014 men fick uppdateras och f\u00f6rnyas 2014. Efter samordning inom \u00d6sterbybruks \u00c4lgf\u00f6rvaltningsomr\u00e5de har en ny \u00c4lgsk\u00f6tselplan f\u00f6r \u00e5ren 2015-2017 utarbetats. (\u00a0<a href=\"https:\/\/krets.jagareforbundet.se\/vattholma\/files\/2015\/09\/\u00c4lgsk\u00f6tselplan_Vattholma_\u00c4SO_2015-2017_final.pdf\">\u00c4lgsk\u00f6tselplan_Vattholma_\u00c4SO_2015-2017_final<\/a>\u00a0)<\/p>\n<p><a href=\"https:\/\/krets.jagareforbundet.se\/vattholma\/files\/2014\/01\/PICT0015.jpg\"><img loading=\"lazy\" decoding=\"async\" class=\"alignright wp-image-195\" style=\"margin: 20px;width: 692px;height: 485px\" src=\"https:\/\/krets.jagareforbundet.se\/vattholma\/files\/2014\/01\/PICT0015-1024x768.jpg\" alt=\"MINOLTA DIGITAL CAMERA\" width=\"762\" height=\"516\" \/><br \/>\n<\/a><\/p>\n<p>&nbsp;<\/p>\n<p>&nbsp;<\/p>\n<h1>\u00c4lg Avskjutning<\/h1>\n<h2>Storlicensen-Viltsk\u00f6tselomr\u00e5det<\/h2>\n<p>Fr\u00e5n 2003 har Storlicensen ut\u00f6kats med 2 036 ha av Salstas marker, fr\u00e5n 2006 med ytterligare 1 866 ha samt fortsatt successiv ut\u00f6kning f\u00f6r att nu 2013 omfatta totalt 13 064 ha. Fr\u00e5n och med 2014 har Salsta och Fasma l\u00e4mnat Viltsk\u00f6tselomr\u00e5det, varp\u00e5 den registrerade arealen \u00e4ndrats och \u00e4r nu 2016 11 806 ha.<\/p>\n<p>&nbsp;<\/p>\n<p>&nbsp;<\/p>\n<p>&nbsp;<\/p>\n<p>&nbsp;<\/p>\n<table width=\"100%\">\n<tbody>\n<tr>\n<td rowspan=\"2\" width=\"9%\"><strong>\u00c5r<\/strong><\/td>\n<td colspan=\"2\" width=\"9%\"><strong>Tjurar<\/strong><\/td>\n<td colspan=\"2\" width=\"9%\"><strong>Hondjur<\/strong><\/td>\n<td width=\"9%\"><strong>Vuxna<\/strong><\/td>\n<td colspan=\"3\" width=\"9%\"><strong>Kalvar<\/strong><\/td>\n<td rowspan=\"2\" width=\"9%\"><strong>Totalt<\/strong><\/td>\n<td width=\"9%\"><strong>Totalt<\/strong><\/td>\n<\/tr>\n<tr>\n<td width=\"9%\"><strong>\u00c4ldre<\/strong><\/td>\n<td width=\"9%\"><strong>Fjol\u00e5ring<\/strong><\/td>\n<td width=\"9%\"><strong>Ko<\/strong><\/td>\n<td width=\"9%\"><strong>Kviga<\/strong><\/td>\n<td width=\"9%\"><strong>Totalt<\/strong><\/td>\n<td width=\"9%\"><strong>Handjur<\/strong><\/td>\n<td width=\"9%\"><strong>Hondjur<\/strong><\/td>\n<td width=\"9%\"><strong>Totalt<\/strong><\/td>\n<td width=\"9%\"><strong>\/1000 ha<\/strong><\/td>\n<\/tr>\n<tr>\n<td width=\"9%\">2000<\/td>\n<td width=\"9%\">2<\/td>\n<td width=\"9%\"><\/td>\n<td width=\"9%\">3<\/td>\n<td width=\"9%\"><\/td>\n<td width=\"9%\">5<\/td>\n<td width=\"9%\">2<\/td>\n<td width=\"9%\">3<\/td>\n<td width=\"9%\">5<\/td>\n<td width=\"9%\">10<\/td>\n<td width=\"10%\">1,4<\/td>\n<\/tr>\n<tr>\n<td width=\"9%\">2001<\/td>\n<td width=\"9%\"><\/td>\n<td width=\"9%\">3<\/td>\n<td width=\"9%\">1<\/td>\n<td width=\"9%\">2<\/td>\n<td width=\"9%\">6<\/td>\n<td width=\"9%\">2<\/td>\n<td width=\"9%\">2<\/td>\n<td width=\"9%\">4<\/td>\n<td width=\"9%\">10<\/td>\n<td width=\"10%\">1,4<\/td>\n<\/tr>\n<tr>\n<td width=\"9%\">2002<\/td>\n<td width=\"9%\">4<\/td>\n<td width=\"9%\">2<\/td>\n<td width=\"9%\">1<\/td>\n<td width=\"9%\">1<\/td>\n<td width=\"9%\">8<\/td>\n<td width=\"9%\">3<\/td>\n<td width=\"9%\">4<\/td>\n<td width=\"9%\">7<\/td>\n<td width=\"9%\">15<\/td>\n<td width=\"10%\">2,1<\/td>\n<\/tr>\n<tr>\n<td width=\"9%\">2003<\/td>\n<td width=\"9%\">2<\/td>\n<td width=\"9%\">1<\/td>\n<td width=\"9%\">4<\/td>\n<td width=\"9%\">2<\/td>\n<td width=\"9%\">9<\/td>\n<td width=\"9%\">5<\/td>\n<td width=\"9%\">5<\/td>\n<td width=\"9%\">10<\/td>\n<td width=\"9%\">19<\/td>\n<td width=\"10%\">2,1<\/td>\n<\/tr>\n<tr>\n<td width=\"9%\">2004<\/td>\n<td width=\"9%\">3<\/td>\n<td width=\"9%\">5<\/td>\n<td width=\"9%\">4<\/td>\n<td width=\"9%\">1<\/td>\n<td width=\"9%\">13<\/td>\n<td width=\"9%\">3<\/td>\n<td width=\"9%\">6<\/td>\n<td width=\"9%\">9<\/td>\n<td width=\"9%\">22<\/td>\n<td width=\"10%\">2,5<\/td>\n<\/tr>\n<tr>\n<td width=\"9%\">2005<\/td>\n<td width=\"9%\">4<\/td>\n<td width=\"9%\"><\/td>\n<td width=\"9%\">5<\/td>\n<td width=\"9%\">3<\/td>\n<td width=\"9%\">12<\/td>\n<td width=\"9%\">6<\/td>\n<td width=\"9%\">4<\/td>\n<td width=\"9%\">10<\/td>\n<td width=\"9%\">22<\/td>\n<td width=\"10%\">2,5<\/td>\n<\/tr>\n<tr>\n<td width=\"9%\">2006<\/td>\n<td width=\"9%\">5<\/td>\n<td width=\"9%\">4<\/td>\n<td width=\"9%\">3<\/td>\n<td width=\"9%\">3<\/td>\n<td width=\"9%\">15<\/td>\n<td width=\"9%\">4<\/td>\n<td width=\"9%\">3<\/td>\n<td width=\"9%\">7<\/td>\n<td width=\"9%\">22<\/td>\n<td width=\"10%\">2,0<\/td>\n<\/tr>\n<tr>\n<td width=\"9%\">2007<\/td>\n<td width=\"9%\">2<\/td>\n<td width=\"9%\">4<\/td>\n<td width=\"9%\"><\/td>\n<td width=\"9%\">5<\/td>\n<td width=\"9%\">11<\/td>\n<td width=\"9%\">5<\/td>\n<td width=\"9%\">5<\/td>\n<td width=\"9%\">10<\/td>\n<td width=\"9%\">21<\/td>\n<td width=\"10%\">1,8<\/td>\n<\/tr>\n<tr>\n<td width=\"9%\">2008<\/td>\n<td width=\"9%\"><\/td>\n<td width=\"9%\">7<\/td>\n<td width=\"9%\"><\/td>\n<td width=\"9%\">4<\/td>\n<td width=\"9%\">11<\/td>\n<td width=\"9%\">1<\/td>\n<td width=\"9%\">1<\/td>\n<td width=\"9%\">2<\/td>\n<td width=\"9%\">13<\/td>\n<td width=\"10%\">1,1<\/td>\n<\/tr>\n<tr>\n<td width=\"9%\">2009<\/td>\n<td width=\"9%\">2<\/td>\n<td width=\"9%\">9<\/td>\n<td width=\"9%\"><\/td>\n<td width=\"9%\">3<\/td>\n<td width=\"9%\">14<\/td>\n<td width=\"9%\">5<\/td>\n<td width=\"9%\">7<\/td>\n<td width=\"9%\">12<\/td>\n<td width=\"9%\">26<\/td>\n<td width=\"10%\">2,1<\/td>\n<\/tr>\n<tr>\n<td width=\"9%\">2010<\/td>\n<td width=\"9%\"><\/td>\n<td width=\"9%\">5<\/td>\n<td width=\"9%\">1<\/td>\n<td width=\"9%\">9<\/td>\n<td width=\"9%\">15<\/td>\n<td width=\"9%\">2<\/td>\n<td width=\"9%\">2<\/td>\n<td width=\"9%\">4<\/td>\n<td width=\"9%\">19<\/td>\n<td width=\"10%\">1,6<\/td>\n<\/tr>\n<tr>\n<td width=\"9%\">2011<\/td>\n<td width=\"9%\">3<\/td>\n<td width=\"9%\">5<\/td>\n<td width=\"9%\">1<\/td>\n<td width=\"9%\">4<\/td>\n<td width=\"9%\">13<\/td>\n<td width=\"9%\">5<\/td>\n<td width=\"9%\">6<\/td>\n<td width=\"9%\">11<\/td>\n<td width=\"9%\">24<\/td>\n<td width=\"10%\">2,0<\/td>\n<\/tr>\n<tr>\n<td width=\"9%\">2012<\/td>\n<td width=\"9%\">2<\/td>\n<td width=\"9%\">7<\/td>\n<td width=\"9%\"><\/td>\n<td width=\"9%\">4<\/td>\n<td width=\"9%\">13<\/td>\n<td width=\"9%\">9<\/td>\n<td width=\"9%\">4<\/td>\n<td width=\"9%\">13<\/td>\n<td width=\"9%\">26<\/td>\n<td width=\"10%\">2,0<\/td>\n<\/tr>\n<tr>\n<td width=\"9%\">2013<\/td>\n<td width=\"9%\">2<\/td>\n<td width=\"9%\">4<\/td>\n<td width=\"9%\"><\/td>\n<td width=\"9%\">7<\/td>\n<td width=\"9%\">13<\/td>\n<td width=\"9%\">7<\/td>\n<td width=\"9%\">8<\/td>\n<td width=\"9%\">15<\/td>\n<td width=\"9%\">28<\/td>\n<td width=\"10%\">2,2<\/td>\n<\/tr>\n<tr>\n<td width=\"9%\">2014<\/td>\n<td width=\"9%\">4<\/td>\n<td width=\"9%\">3<\/td>\n<td width=\"9%\">1<\/td>\n<td width=\"9%\">7<\/td>\n<td width=\"9%\">15<\/td>\n<td width=\"9%\">7<\/td>\n<td width=\"9%\">7<\/td>\n<td width=\"9%\">14<\/td>\n<td width=\"9%\">29<\/td>\n<td width=\"10%\">2,4<\/td>\n<\/tr>\n<tr>\n<td width=\"9%\">2015<\/td>\n<td width=\"9%\">2<\/td>\n<td width=\"9%\">5<\/td>\n<td width=\"9%\">2<\/td>\n<td width=\"9%\">6<\/td>\n<td width=\"9%\">15<\/td>\n<td width=\"9%\">3<\/td>\n<td width=\"9%\">8<\/td>\n<td width=\"9%\">11<\/td>\n<td width=\"9%\">26<\/td>\n<td width=\"10%\">2,2<\/td>\n<\/tr>\n<\/tbody>\n<\/table>\n<p>&nbsp;<\/p>\n<p>&nbsp;<\/p>\n","protected":false},"excerpt":{"rendered":"<p>fd \u00c4lgsk\u00f6tselplan Vattholma storlicens Vattholma \u00c4lgsk\u00f6tselomr\u00e5de registrerades f\u00f6rsta g\u00e5ngen av L\u00e4nsstyrelsen i juli 2012 inf\u00f6r det nya \u00e4lgjaktsystemet. En tre\u00e5rig \u00c4lgsk\u00f6tselplan baserad p\u00e5 kunskaper om \u00e4lgstammen skall utarbetas i samr\u00e5d med mark\u00e4gare och jaktr\u00e4ttsinnehavare f\u00f6r att senare godk\u00e4nnas av \u00d6sterbybruks \u00c4lgf\u00f6rvaltningsomr\u00e5de och fastst\u00e4llas av L\u00e4nsstyrelsen. Den f\u00f6rsta sk\u00f6tselplanen avs\u00e5g \u00e5ren 2012-2014 men fick uppdateras och [&hellip;]<\/p>\n","protected":false},"author":160,"featured_media":0,"parent":126,"menu_order":0,"comment_status":"open","ping_status":"open","template":"","meta":{"footnotes":""},"class_list":["post-160","page","type-page","status-publish","hentry"],"_links":{"self":[{"href":"https:\/\/krets.jagareforbundet.se\/vattholma\/wp-json\/wp\/v2\/pages\/160","targetHints":{"allow":["GET"]}}],"collection":[{"href":"https:\/\/krets.jagareforbundet.se\/vattholma\/wp-json\/wp\/v2\/pages"}],"about":[{"href":"https:\/\/krets.jagareforbundet.se\/vattholma\/wp-json\/wp\/v2\/types\/page"}],"author":[{"embeddable":true,"href":"https:\/\/krets.jagareforbundet.se\/vattholma\/wp-json\/wp\/v2\/users\/160"}],"replies":[{"embeddable":true,"href":"https:\/\/krets.jagareforbundet.se\/vattholma\/wp-json\/wp\/v2\/comments?post=160"}],"version-history":[{"count":1,"href":"https:\/\/krets.jagareforbundet.se\/vattholma\/wp-json\/wp\/v2\/pages\/160\/revisions"}],"predecessor-version":[{"id":318,"href":"https:\/\/krets.jagareforbundet.se\/vattholma\/wp-json\/wp\/v2\/pages\/160\/revisions\/318"}],"up":[{"embeddable":true,"href":"https:\/\/krets.jagareforbundet.se\/vattholma\/wp-json\/wp\/v2\/pages\/126"}],"wp:attachment":[{"href":"https:\/\/krets.jagareforbundet.se\/vattholma\/wp-json\/wp\/v2\/media?parent=160"}],"curies":[{"name":"wp","href":"https:\/\/api.w.org\/{rel}","templated":true}]}}