{"id":366,"date":"2019-03-09T12:04:03","date_gmt":"2019-03-09T11:04:03","guid":{"rendered":"https:\/\/krets.jagareforbundet.se\/vattholma\/?page_id=366"},"modified":"2019-04-04T17:51:35","modified_gmt":"2019-04-04T15:51:35","slug":"om-vattholma-jvk","status":"publish","type":"page","link":"https:\/\/krets.jagareforbundet.se\/vattholma\/om-vattholma-jvk\/","title":{"rendered":"OM &#8211; Vattholma JVK"},"content":{"rendered":"<h2><a href=\"https:\/\/krets.jagareforbundet.se\/vattholma\/files\/2019\/02\/jf-vattholma.png\"><img loading=\"lazy\" decoding=\"async\" class=\"wp-image-352 aligncenter\" src=\"https:\/\/krets.jagareforbundet.se\/vattholma\/files\/2019\/02\/jf-vattholma.png\" alt=\"\" width=\"300\" height=\"107\" srcset=\"https:\/\/krets.jagareforbundet.se\/vattholma\/files\/2019\/02\/jf-vattholma.png 375w, https:\/\/krets.jagareforbundet.se\/vattholma\/files\/2019\/02\/jf-vattholma-300x107.png 300w\" sizes=\"auto, (max-width: 300px) 100vw, 300px\" \/><\/a><\/h2>\n<h2><\/h2>\n<h2 style=\"text-align: center\">V\u00e4lkommen till Vattholma Jaktv\u00e5rdskrets hemsida!<img loading=\"lazy\" decoding=\"async\" class=\" wp-image-138 alignleft\" style=\"margin-right: 15px;margin-left: 15px\" src=\"https:\/\/krets.jagareforbundet.se\/vattholma\/files\/2014\/01\/angel4.gif\" alt=\"angel4\" width=\"49\" height=\"83\" \/><\/h2>\n<p>Vattholma Jaktv\u00e5rdskrets bildades 1952 och verksamhetsomr\u00e5det utg\u00f6rs av socknarna Tensta, Lena och \u00c4rentuna i Uppland. Kretsen \u00e4r en lokalavdelning av Svenska J\u00e4garf\u00f6rbundet och har ca 200 medlemmar varav de flesta \u00e4r bosatta inom omr\u00e5det. I jaktlagen, som \u00e4r verksamma inom kretsen, ing\u00e5r \u00e4ven ett stort antal j\u00e4gare fr\u00e5n n\u00e4rliggande t\u00e4torter.<\/p>\n<p>Kretsen vill tillvarata och utveckla medlemmarnas intressen f\u00f6r och kunskaper om jakt, vilt och viltv\u00e5rd. Verksamheten i kretsen \u00e4r inriktad p\u00e5 att driva Bj\u00f6rntorps <span style=\"color: #000000\">skjutbana<\/span>, tr\u00e4na kretsens hundar i <span style=\"color: #000000\">viltsp\u00e5rning<\/span> och bedriva <span style=\"color: #000000\">utbildning<\/span> f\u00f6r j\u00e4garexamen. <span style=\"color: #000000\">Vattholma Viltsk\u00f6tselomr\u00e5de har under 2018 upph\u00f6rt och merparten av jaktv\u00e5rdskretsen \u00e4r nu med i Vendel\u00e5bygdens \u00c4SO.<\/span><\/p>\n<div id=\"attachment_407\" style=\"width: 1034px\" class=\"wp-caption aligncenter\"><a href=\"https:\/\/krets.jagareforbundet.se\/vattholma\/files\/2019\/04\/radjur.jpg\"><img loading=\"lazy\" decoding=\"async\" aria-describedby=\"caption-attachment-407\" class=\"wp-image-407 size-large\" src=\"https:\/\/krets.jagareforbundet.se\/vattholma\/files\/2019\/04\/radjur-1024x680.jpg\" alt=\"\" width=\"1024\" height=\"680\" srcset=\"https:\/\/krets.jagareforbundet.se\/vattholma\/files\/2019\/04\/radjur-1024x680.jpg 1024w, https:\/\/krets.jagareforbundet.se\/vattholma\/files\/2019\/04\/radjur-300x199.jpg 300w, https:\/\/krets.jagareforbundet.se\/vattholma\/files\/2019\/04\/radjur-768x510.jpg 768w\" sizes=\"auto, (max-width: 1024px) 100vw, 1024px\" \/><\/a><p id=\"caption-attachment-407\" class=\"wp-caption-text\">Foto Anki S<\/p><\/div>\n<p>&nbsp;<\/p>\n<p>&nbsp;<\/p>\n<p>&nbsp;<\/p>\n<p>&nbsp;<\/p>\n","protected":false},"excerpt":{"rendered":"<p>V\u00e4lkommen till Vattholma Jaktv\u00e5rdskrets hemsida! Vattholma Jaktv\u00e5rdskrets bildades 1952 och verksamhetsomr\u00e5det utg\u00f6rs av socknarna Tensta, Lena och \u00c4rentuna i Uppland. Kretsen \u00e4r en lokalavdelning av Svenska J\u00e4garf\u00f6rbundet och har ca 200 medlemmar varav de flesta \u00e4r bosatta inom omr\u00e5det. I jaktlagen, som \u00e4r verksamma inom kretsen, ing\u00e5r \u00e4ven ett stort antal j\u00e4gare fr\u00e5n n\u00e4rliggande t\u00e4torter. [&hellip;]<\/p>\n","protected":false},"author":160,"featured_media":0,"parent":0,"menu_order":0,"comment_status":"closed","ping_status":"closed","template":"","meta":{"footnotes":""},"class_list":["post-366","page","type-page","status-publish","hentry"],"_links":{"self":[{"href":"https:\/\/krets.jagareforbundet.se\/vattholma\/wp-json\/wp\/v2\/pages\/366","targetHints":{"allow":["GET"]}}],"collection":[{"href":"https:\/\/krets.jagareforbundet.se\/vattholma\/wp-json\/wp\/v2\/pages"}],"about":[{"href":"https:\/\/krets.jagareforbundet.se\/vattholma\/wp-json\/wp\/v2\/types\/page"}],"author":[{"embeddable":true,"href":"https:\/\/krets.jagareforbundet.se\/vattholma\/wp-json\/wp\/v2\/users\/160"}],"replies":[{"embeddable":true,"href":"https:\/\/krets.jagareforbundet.se\/vattholma\/wp-json\/wp\/v2\/comments?post=366"}],"version-history":[{"count":1,"href":"https:\/\/krets.jagareforbundet.se\/vattholma\/wp-json\/wp\/v2\/pages\/366\/revisions"}],"predecessor-version":[{"id":367,"href":"https:\/\/krets.jagareforbundet.se\/vattholma\/wp-json\/wp\/v2\/pages\/366\/revisions\/367"}],"wp:attachment":[{"href":"https:\/\/krets.jagareforbundet.se\/vattholma\/wp-json\/wp\/v2\/media?parent=366"}],"curies":[{"name":"wp","href":"https:\/\/api.w.org\/{rel}","templated":true}]}}