{"id":38,"date":"2011-09-09T08:13:57","date_gmt":"2011-09-09T06:13:57","guid":{"rendered":"https:\/\/krets.jagareforbundet.se\/template\/?page_id=38"},"modified":"2014-11-10T17:28:54","modified_gmt":"2014-11-10T16:28:54","slug":"bildgalleri","status":"publish","type":"page","link":"https:\/\/krets.jagareforbundet.se\/vattholma\/bildgalleri\/","title":{"rendered":"Bildgalleri"},"content":{"rendered":"<p><a href=\"https:\/\/krets.jagareforbundet.se\/vattholma\/files\/2014\/01\/Kviga.jpg\"><img loading=\"lazy\" decoding=\"async\" class=\"alignright size-full wp-image-147\" src=\"https:\/\/krets.jagareforbundet.se\/vattholma\/files\/2014\/01\/Kviga.jpg\" alt=\"Kviga\" width=\"1024\" height=\"768\" srcset=\"https:\/\/krets.jagareforbundet.se\/vattholma\/files\/2014\/01\/Kviga.jpg 1024w, https:\/\/krets.jagareforbundet.se\/vattholma\/files\/2014\/01\/Kviga-300x225.jpg 300w\" sizes=\"auto, (max-width: 1024px) 100vw, 1024px\" \/><\/a><a href=\"https:\/\/krets.jagareforbundet.se\/vattholma\/files\/2014\/01\/Radjur.jpg\"><img loading=\"lazy\" decoding=\"async\" class=\"alignright size-large wp-image-176\" src=\"https:\/\/krets.jagareforbundet.se\/vattholma\/files\/2014\/01\/Radjur-1024x783.jpg\" alt=\"Radjur\" width=\"1024\" height=\"783\" srcset=\"https:\/\/krets.jagareforbundet.se\/vattholma\/files\/2014\/01\/Radjur-1024x783.jpg 1024w, https:\/\/krets.jagareforbundet.se\/vattholma\/files\/2014\/01\/Radjur-300x229.jpg 300w\" sizes=\"auto, (max-width: 1024px) 100vw, 1024px\" \/><\/a><a href=\"https:\/\/krets.jagareforbundet.se\/vattholma\/files\/2014\/01\/Hare.jpg\"><img loading=\"lazy\" decoding=\"async\" class=\"alignright size-full wp-image-153\" src=\"https:\/\/krets.jagareforbundet.se\/vattholma\/files\/2014\/01\/Hare.jpg\" alt=\"Hare\" width=\"1024\" height=\"768\" srcset=\"https:\/\/krets.jagareforbundet.se\/vattholma\/files\/2014\/01\/Hare.jpg 1024w, https:\/\/krets.jagareforbundet.se\/vattholma\/files\/2014\/01\/Hare-300x225.jpg 300w\" sizes=\"auto, (max-width: 1024px) 100vw, 1024px\" \/><\/a><a href=\"https:\/\/krets.jagareforbundet.se\/vattholma\/files\/2014\/01\/PICT0015.jpg\"><img loading=\"lazy\" decoding=\"async\" class=\"alignright size-large wp-image-195\" src=\"https:\/\/krets.jagareforbundet.se\/vattholma\/files\/2014\/01\/PICT0015-1024x768.jpg\" alt=\"MINOLTA DIGITAL CAMERA\" width=\"1024\" height=\"768\" srcset=\"https:\/\/krets.jagareforbundet.se\/vattholma\/files\/2014\/01\/PICT0015-1024x768.jpg 1024w, https:\/\/krets.jagareforbundet.se\/vattholma\/files\/2014\/01\/PICT0015-300x224.jpg 300w\" sizes=\"auto, (max-width: 1024px) 100vw, 1024px\" \/><\/a><\/p>\n<div id=\"attachment_151\" style=\"width: 458px\" class=\"wp-caption alignright\"><a href=\"https:\/\/krets.jagareforbundet.se\/vattholma\/files\/2014\/01\/Atel_Kultingar.jpg\"><img loading=\"lazy\" decoding=\"async\" aria-describedby=\"caption-attachment-151\" class=\"size-full wp-image-151\" src=\"https:\/\/krets.jagareforbundet.se\/vattholma\/files\/2014\/01\/Atel_Kultingar.jpg\" alt=\"Kultingar vid \u00c5tel\" width=\"448\" height=\"336\" srcset=\"https:\/\/krets.jagareforbundet.se\/vattholma\/files\/2014\/01\/Atel_Kultingar.jpg 448w, https:\/\/krets.jagareforbundet.se\/vattholma\/files\/2014\/01\/Atel_Kultingar-300x224.jpg 300w\" sizes=\"auto, (max-width: 448px) 100vw, 448px\" \/><\/a><p id=\"caption-attachment-151\" class=\"wp-caption-text\">Kultingar vid \u00c5tel<\/p><\/div>\n<p>Det h\u00e4r \u00e4r ett exempel p\u00e5 hur ett bildgalleri kan se ut.<\/p>\n\n\t\t<style type=\"text\/css\">\n\t\t\t#gallery-1 {\n\t\t\t\tmargin: auto;\n\t\t\t}\n\t\t\t#gallery-1 .gallery-item {\n\t\t\t\tfloat: left;\n\t\t\t\tmargin-top: 10px;\n\t\t\t\ttext-align: center;\n\t\t\t\twidth: 33%;\n\t\t\t}\n\t\t\t#gallery-1 img {\n\t\t\t\tborder: 2px solid #cfcfcf;\n\t\t\t}\n\t\t\t#gallery-1 .gallery-caption {\n\t\t\t\tmargin-left: 0;\n\t\t\t}\n\t\t\t\/* see gallery_shortcode() in wp-includes\/media.php *\/\n\t\t<\/style>\n\t\t<div id='gallery-1' class='gallery galleryid-38 gallery-columns-3 gallery-size-thumbnail'><dl class='gallery-item'>\n\t\t\t<dt class='gallery-icon landscape'>\n\t\t\t\t<a href='https:\/\/krets.jagareforbundet.se\/vattholma\/files\/2014\/01\/Hare.jpg'><img loading=\"lazy\" decoding=\"async\" width=\"150\" height=\"150\" src=\"https:\/\/krets.jagareforbundet.se\/vattholma\/files\/2014\/01\/Hare-150x150.jpg\" class=\"attachment-thumbnail size-thumbnail\" alt=\"\" \/><\/a>\n\t\t\t<\/dt><\/dl><dl class='gallery-item'>\n\t\t\t<dt class='gallery-icon landscape'>\n\t\t\t\t<a href='https:\/\/krets.jagareforbundet.se\/vattholma\/files\/2014\/01\/Radjur.jpg'><img loading=\"lazy\" decoding=\"async\" width=\"150\" height=\"150\" src=\"https:\/\/krets.jagareforbundet.se\/vattholma\/files\/2014\/01\/Radjur-150x150.jpg\" class=\"attachment-thumbnail size-thumbnail\" alt=\"\" \/><\/a>\n\t\t\t<\/dt><\/dl>\n\t\t\t<br style='clear: both' \/>\n\t\t<\/div>\n\n","protected":false},"excerpt":{"rendered":"<p>Det h\u00e4r \u00e4r ett exempel p\u00e5 hur ett bildgalleri kan se ut.<\/p>\n","protected":false},"author":3,"featured_media":0,"parent":0,"menu_order":11,"comment_status":"open","ping_status":"closed","template":"","meta":{"footnotes":""},"class_list":["post-38","page","type-page","status-publish","hentry"],"_links":{"self":[{"href":"https:\/\/krets.jagareforbundet.se\/vattholma\/wp-json\/wp\/v2\/pages\/38","targetHints":{"allow":["GET"]}}],"collection":[{"href":"https:\/\/krets.jagareforbundet.se\/vattholma\/wp-json\/wp\/v2\/pages"}],"about":[{"href":"https:\/\/krets.jagareforbundet.se\/vattholma\/wp-json\/wp\/v2\/types\/page"}],"author":[{"embeddable":true,"href":"https:\/\/krets.jagareforbundet.se\/vattholma\/wp-json\/wp\/v2\/users\/3"}],"replies":[{"embeddable":true,"href":"https:\/\/krets.jagareforbundet.se\/vattholma\/wp-json\/wp\/v2\/comments?post=38"}],"version-history":[{"count":0,"href":"https:\/\/krets.jagareforbundet.se\/vattholma\/wp-json\/wp\/v2\/pages\/38\/revisions"}],"wp:attachment":[{"href":"https:\/\/krets.jagareforbundet.se\/vattholma\/wp-json\/wp\/v2\/media?parent=38"}],"curies":[{"name":"wp","href":"https:\/\/api.w.org\/{rel}","templated":true}]}}