{"id":394,"date":"2019-03-23T11:44:15","date_gmt":"2019-03-23T10:44:15","guid":{"rendered":"https:\/\/krets.jagareforbundet.se\/vattholma\/?page_id=394"},"modified":"2025-09-27T12:09:06","modified_gmt":"2025-09-27T10:09:06","slug":"vendelabygdens-aso-och-kronskotselomrade","status":"publish","type":"page","link":"https:\/\/krets.jagareforbundet.se\/vattholma\/vendelabygdens-aso-och-kronskotselomrade\/","title":{"rendered":"Vendel\u00e5bygdens \u00c4SO och kronsk\u00f6tselomr\u00e5de"},"content":{"rendered":"<p><a href=\"https:\/\/krets.jagareforbundet.se\/vattholma\/files\/2019\/10\/Vendel\u00e5bygdslogga.jpg\"><img loading=\"lazy\" decoding=\"async\" class=\"size-full wp-image-482 aligncenter\" src=\"https:\/\/krets.jagareforbundet.se\/vattholma\/files\/2019\/10\/Vendel\u00e5bygdslogga.jpg\" alt=\"\" width=\"554\" height=\"104\" srcset=\"https:\/\/krets.jagareforbundet.se\/vattholma\/files\/2019\/10\/Vendel\u00e5bygdslogga.jpg 554w, https:\/\/krets.jagareforbundet.se\/vattholma\/files\/2019\/10\/Vendel\u00e5bygdslogga-300x56.jpg 300w\" sizes=\"auto, (max-width: 554px) 100vw, 554px\" \/><\/a><\/p>\n<p>Denna sida under Vattholma JVK uppdateras v\u00e4ldigt sparsamt.<\/p>\n<p>&nbsp;<\/p>\n<p>D\u00e5 \u00e4r h\u00f6stm\u00f6tet avklarat och tilldelningen f\u00f6r 2025\/2026 blev<\/p>\n<p>7 tjurar, 4 hondjur och 8 kalv, l\u00e4s mer p\u00e5 jaktrapport.se<\/p>\n<p>Kalvar &#8211; avlysningsjakt f\u00f6r samtliga 70 jaktlag.<\/p>\n<p><strong>f\u00f6r Jaktlag som har vuxna \u00e4lgar g\u00e4ller avlysningsjakt p\u00e5 k\u00f6nsf\u00f6rdelningen.<\/strong><\/p>\n<p>Jaktlag under 150hektar (upp till 149hektar) f\u00e5r skjuta max 1 kalv per lag, inga vuxna tilldelade detta jakt\u00e5r.<\/p>\n<p>Jaktlag mellan 150 till 699 har en pott p\u00e5 6 vuxna djur och f\u00e5r \u00e4ven skjuta kalv fr\u00e5n potten, dock f\u00e5r bara 1 (ett ) djur skjutas, s\u00e5 f\u00e4ller man en kalv s\u00e5 f\u00e5r man inte skjuta en vuxen och skjuter man en vuxen s\u00e5 f\u00e5r man inte skjuta en kalv.<\/p>\n<p>Jaktlag med 700 hektar el mer har en tilldelning p\u00e5 1 (ett) vuxet djur p\u00e5 jaktlag samt kan skjuta 1 (en) kalv ur kalvpotten.<\/p>\n<p>&nbsp;<\/p>\n<p>Mer finns att l\u00e4sa p\u00e5 Jaktrapport.se vad avser taggar p\u00e5 skjutsida p\u00e5 fredade tjurar, \u00e4lgops, anm\u00e4lan vikt p\u00e5 kalv mm.<\/p>\n<p>&nbsp;<\/p>\n<div class=\"pG\" id=\":xd\" data-tooltip-contained=\"true\" data-tooltip-align=\"b,l\" data-tooltip-delay=\"1500\" aria-label=\"Viktigt huvudsakligen eftersom det skickades direkt till dig.\"><\/div>\n<p>Hej.2021-10-09.<\/p>\n<p>D\u00e5 har vi f\u00e5tt en ny ordf\u00f6rande: Anders Larsson som eftertr\u00e4der Torbj\u00f6rn.<\/p>\n<p>Stor tack till Torbj\u00f6rn f\u00f6r sitt arbete med Vendel\u00e5bygdens \u00e4lg\/kron sk\u00f6tselomr\u00e5de och ett varmt v\u00e4lkommen till Anders.<\/p>\n<p>H\u00e4r finner du <a href=\"https:\/\/krets.jagareforbundet.se\/vattholma\/files\/2021\/10\/Vendelabygden-jaktreg-2021_2022.pdf\">Vendel\u00e5bygden jaktregler 2021_2022<\/a><\/p>\n<p>Tilldelning och anm\u00e4lan skjuta djur sker p\u00e5 <a href=\"http:\/\/www.jaktrapport.se\">Jaktrapport<\/a><\/p>\n<p>Hej. 2021-03-21<\/p>\n<p><a href=\"https:\/\/krets.jagareforbundet.se\/vattholma\/files\/2021\/03\/Oversiktskarta-spillningsinventering-Osterbybruk-AFO1-2021.pdf\">\u00d6versiktskarta spillningsinventering \u00d6sterbybruk \u00c4FO1 2021<\/a><\/p>\n<p>Det \u00e4r nu dax med spillningsinventering och nytt f\u00f6r i \u00e5r \u00e4r att det \u00e4r<br \/>\nnya trakter att inventera, s\u00e5 dom gamla trakterna med sina koordinat \u00e4r<br \/>\ninte aktuella l\u00e4ngre.<\/p>\n<p>Bifogar en karta \u00f6ver hela \u00e4lgf\u00f6rvaltningsomr\u00e5det.<\/p>\n<p>Det \u00e4r trakterna 109, 139, 140, 150, 151, 159, 160, 167, 168 och 184 som<br \/>\nligger i Vendel\u00e5bygdens \u00c4so.<\/p>\n<p>Ni som \u00e4r intresserade att delta i inventeringen kan meddela mig det<br \/>\nsnarast s\u00e5 vidarebefordrar jag det till dom ansvariga f\u00f6r inventeringen.<\/p>\n<p>\u00c4ven om inte trakten ligger p\u00e5 eran jaktmark s\u00e5 \u00e4r det intressant att<br \/>\nse\u00a0 hur det ser ut p\u00e5 andras jaktmarker.<\/p>\n<p>Mvh\u00a0 Torbj\u00f6rn Nilsson<\/p>\n<p>&nbsp;<\/p>\n<p>&nbsp;<\/p>\n<p>Nytt fr\u00e5n Ordf\u00f6rande Tor-Bj\u00f6rn, 1\/2 2021<\/p>\n<p>D\u00e5 \u00e4r \u00e4lg och kronviltjakten avslutad f\u00f6r denna g\u00e5ng s\u00e5 nu g\u00e5r det bra<br \/>\natt betala in f\u00e4llavgiften som \u00e4r 700 kr\/ vuxen och 100 kr\/ kalv som<br \/>\ns\u00e4tts in p\u00e5 Handelsbanken clearingnr 6510.<\/p>\n<p>kontonr. 13 021 095. SKRIV ENBART JAKTLAGS\/KLUBBNAMNET i meddelande.<\/p>\n<p>Ni som redan har betalat in kan bortse fr\u00e5n detta.<\/p>\n<p>Mvh Torbj\u00f6rn Nilsson ordf\u00f6rande Vendel\u00e5bygdens \u00c4so\/Kso<\/p>\n<h2><\/h2>\n<h2><\/h2>\n<h2><span style=\"font-size: 10.0pt\">P\u00e5 avst\u00e4mningsm\u00f6tet den 28\/11 beslutades att fr\u00e5n den 2019-12-01 f\u00e5r:<\/span><\/h2>\n<h2><span style=\"font-size: 10.0pt\">jaktlagen med 400ha eller mer som har fyllt sin tilldelning f\u00e5r skjuta en kalv som avlysningsjakt tillsammans med r\u00f6d grupp.<\/span><\/h2>\n<h2><span style=\"font-size: 10.0pt\">bl\u00e5 grupp ( upp till 100ha) f\u00e5r skjuta en kalv till och att hondjuret \u00e4r bytt mot en tjur\u00a0 men bara f\u00f6r dom jaktlagen som som inte har skjutit n\u00e5gon \u00e4lg.<\/span><\/h2>\n<h2><span style=\"font-size: 10.0pt\">Fr\u00e5n 2020-01-01 \u00e4r det endast KALVJAKT. Inga vuxna \u00e4lgar f\u00e5r skjutas efter den 2019-12-31 och det g\u00e4ller samtliga jaktlag.<\/span><\/h2>\n<h2><span style=\"font-size: 10.0pt\">Mvh<\/span><\/h2>\n<h2><span style=\"font-size: 10.0pt\">Styrelsen i Vendel\u00e5bygdens \u00c4so\/Kso<\/span><\/h2>\n<p>&nbsp;<\/p>\n<p>26 september gick \u00e5rsm\u00f6tet f\u00f6r Vendel\u00e5bygdens \u00c4SO\/KSO av stapeln i Viksta bygdeg\u00e5rd.<\/p>\n<p>\u00c5rets tilldelning \u00e4r: 28 vuxna och 33 kalvar.<\/p>\n<p>K\u00f6nsf\u00f6rdelning 50\/50.<\/p>\n<p>\u00c4lgtjur med 3 -4 taggar p\u00e5 skjutsida = FREDADE!<\/p>\n<p><strong>Nytt f\u00f6r i \u00e5r \u00e4r en telefonsvarare, 0700608205, dit man ringer innan jakt f\u00f6r att st\u00e4mma aktuell kvarvarande tilldelning p\u00e5 \u00e4lgar f\u00f6r R\u00f6da och Bl\u00e5 jaktlag.<\/strong><\/p>\n<p>Jakten bedrivs som Avlysningsjakt f\u00f6r R\u00f6da och Bl\u00e5 jaktlag &#8211; ring ovan telefonsvarare f\u00f6r aktuell avskjutning \/ kvarvarande tilldelning.<\/p>\n<p>\u00c5rsavgiften f\u00f6r 2019-2020 fastst\u00e4lldes till: 100kr, betala till clearingnummer. 6510 &#8211; kontonummer. 13021095, betalas senast 25 november.<\/p>\n<p>EJ inbetald \u00e5rsavgift tolkas som urtr\u00e4de ur Vendel\u00e5bygdens \u00c4so\/Kso!<\/p>\n<p>OBS &#8211; M\u00e4rk inbetalningen med Jaktlagetsnamn och vad betalningen avser: Medlemskap eller F\u00e4llavgifter.<\/p>\n<p>Avst\u00e4mningsm\u00f6te \u00e4r planerat till torsdagen den 28 november, klockan 19.00, Viksta bygdeg\u00e5rd.<\/p>\n<p>&nbsp;<\/p>\n<p>2019 Kronhjortjakt &#8211; fredag den 16 augusti till 31 januari.<\/p>\n<p>Fr\u00e5n 16 augusti till andra m\u00e5ndagen i oktober f\u00e5r endast Hind och Kalv f\u00e4llas och d\u00e5 under Vak eller Smygjakt.<\/p>\n<p>Jakt sker genom Avlysningsjakt och tilldelningen \u00e4r:<\/p>\n<p>1 Hjort, 3 till 5 taggar, 3st Kronhindar och 4st Kronkalvar<\/p>\n<p>F\u00e4llda djur ska OMG\u00c5ENDE rapporteras till Fredrik!<\/p>\n<p>&nbsp;<\/p>\n<p>&nbsp;<\/p>\n<p>&nbsp;<\/p>\n<div id=\"attachment_403\" style=\"width: 713px\" class=\"wp-caption aligncenter\"><a href=\"https:\/\/krets.jagareforbundet.se\/vattholma\/files\/2019\/03\/overgripande-bild-vendelans-aso-utan-granser.jpg\"><img loading=\"lazy\" decoding=\"async\" aria-describedby=\"caption-attachment-403\" class=\"wp-image-403 size-full\" src=\"https:\/\/krets.jagareforbundet.se\/vattholma\/files\/2019\/03\/overgripande-bild-vendelans-aso-utan-granser.jpg\" alt=\"\" width=\"703\" height=\"1007\" srcset=\"https:\/\/krets.jagareforbundet.se\/vattholma\/files\/2019\/03\/overgripande-bild-vendelans-aso-utan-granser.jpg 703w, https:\/\/krets.jagareforbundet.se\/vattholma\/files\/2019\/03\/overgripande-bild-vendelans-aso-utan-granser-209x300.jpg 209w\" sizes=\"auto, (max-width: 703px) 100vw, 703px\" \/><\/a><p id=\"caption-attachment-403\" class=\"wp-caption-text\">\u00d6vergripande bild, Vendel\u00e5ns \u00c4SO, utan gr\u00e4nser!<\/p><\/div>\n<p>Best\u00e5r av marker mellan E4:an, den feta bl\u00e5 linjen, och Fyris\u00e5n, som gick ihop med marker i Vendel, Viksta\u00a0 och Vattholma och bildade ett nytt \u00c4SO, Vendel\u00e5bygdens \u00c4SO. Anledningen till uppstyckningen var att L\u00e4nsstyrelsen ville ha en skarp gr\u00e4ns l\u00e4ngs E4:an mellan \u00c4lgf\u00f6rvaltningsomr\u00e5den \u00d6sterv\u00e5la och \u00d6sterbybruk. Det var \u00e4ven ett krav fr\u00e5n <a href=\"https:\/\/www.lansstyrelsen.se\/download\/18.2887c5dd16488fe880d4d524\/1536908766905\/%C3%96sterbybruk%20%C3%A4lgf%C3%B6rvaltningsomr%C3%A5de%20-%20karta.pdf\">\u00d6sterbybruks \u00e4lgf\u00f6rvaltnings<\/a> grupp att antalet \u00c4SO m\u00e5ste minskas och ut\u00f6kas arealm\u00e4ssigt.<\/p>\n<p>Vendel\u00e5bygdens \u00c4SO \u00e4r dryga 17000h stor och \u00e4ven, det nya, Kronsk\u00f6tselomr\u00e5det ligger inom detta omr\u00e5de.<\/p>\n<p>Ordf\u00f6rande f\u00f6r det nya \u00c4SO \u00e4r: Tor-Bj\u00f6rn och ansvarig f\u00f6r kronsk\u00f6tselomr\u00e5det \u00e4r Fredrik.<\/p>\n<p>G\u00e4llande \u00e4lgsk\u00f6tselplan ska \u00e5ter omarbetats under 2019 men avskjutningen f\u00f6r \u00c4SO jakt\u00e5ret 2018-2019 blev:<\/p>\n<p>21 st vuxna \u00e4lgar och 19 kalvar samt 2 kronhindar.<\/p>\n<p>\u00c5rets f\u00e4llavgifter \u00e4r 700 kr\/vuxen och 100kr\/kalv samt 100 kr i \u00e5rsavgift till \u00c4SO\u00b4t<\/p>\n<p>Avgifterna betalas in till kontot \u00e4r p\u00e5 Handelsbanken. clearing &#8211; 6510 kontonummer 013 021 095, <strong>m\u00e4rk inbetalningen med jaktlagets namn.<\/strong><\/p>\n<p>N\u00e5gra har haft problem med inbetalningen men har d\u00e5 hoppat \u00f6ver 6510 och har d\u00e5 lyckats, <strong>m\u00e4rk inbetalningen med jaktlagets namn.<\/strong><\/p>\n<p>&nbsp;<\/p>\n<div id=\"attachment_406\" style=\"width: 1034px\" class=\"wp-caption aligncenter\"><a href=\"https:\/\/krets.jagareforbundet.se\/vattholma\/files\/2019\/04\/kron.jpg\"><img loading=\"lazy\" decoding=\"async\" aria-describedby=\"caption-attachment-406\" class=\"wp-image-406 size-large\" src=\"https:\/\/krets.jagareforbundet.se\/vattholma\/files\/2019\/04\/kron-1024x680.jpg\" alt=\"\" width=\"1024\" height=\"680\" srcset=\"https:\/\/krets.jagareforbundet.se\/vattholma\/files\/2019\/04\/kron-1024x680.jpg 1024w, https:\/\/krets.jagareforbundet.se\/vattholma\/files\/2019\/04\/kron-300x199.jpg 300w, https:\/\/krets.jagareforbundet.se\/vattholma\/files\/2019\/04\/kron-768x510.jpg 768w\" sizes=\"auto, (max-width: 1024px) 100vw, 1024px\" \/><\/a><p id=\"caption-attachment-406\" class=\"wp-caption-text\">Foto AnkiS. Kronhjort i skymning<\/p><\/div>\n","protected":false},"excerpt":{"rendered":"<p>Denna sida under Vattholma JVK uppdateras v\u00e4ldigt sparsamt. &nbsp; D\u00e5 \u00e4r h\u00f6stm\u00f6tet avklarat och tilldelningen f\u00f6r 2025\/2026 blev 7 tjurar, 4 hondjur och 8 kalv, l\u00e4s mer p\u00e5 jaktrapport.se Kalvar &#8211; avlysningsjakt f\u00f6r samtliga 70 jaktlag. f\u00f6r Jaktlag som har vuxna \u00e4lgar g\u00e4ller avlysningsjakt p\u00e5 k\u00f6nsf\u00f6rdelningen. Jaktlag under 150hektar (upp till 149hektar) f\u00e5r skjuta max [&hellip;]<\/p>\n","protected":false},"author":160,"featured_media":0,"parent":0,"menu_order":0,"comment_status":"closed","ping_status":"closed","template":"","meta":{"footnotes":""},"class_list":["post-394","page","type-page","status-publish","hentry"],"_links":{"self":[{"href":"https:\/\/krets.jagareforbundet.se\/vattholma\/wp-json\/wp\/v2\/pages\/394","targetHints":{"allow":["GET"]}}],"collection":[{"href":"https:\/\/krets.jagareforbundet.se\/vattholma\/wp-json\/wp\/v2\/pages"}],"about":[{"href":"https:\/\/krets.jagareforbundet.se\/vattholma\/wp-json\/wp\/v2\/types\/page"}],"author":[{"embeddable":true,"href":"https:\/\/krets.jagareforbundet.se\/vattholma\/wp-json\/wp\/v2\/users\/160"}],"replies":[{"embeddable":true,"href":"https:\/\/krets.jagareforbundet.se\/vattholma\/wp-json\/wp\/v2\/comments?post=394"}],"version-history":[{"count":3,"href":"https:\/\/krets.jagareforbundet.se\/vattholma\/wp-json\/wp\/v2\/pages\/394\/revisions"}],"predecessor-version":[{"id":961,"href":"https:\/\/krets.jagareforbundet.se\/vattholma\/wp-json\/wp\/v2\/pages\/394\/revisions\/961"}],"wp:attachment":[{"href":"https:\/\/krets.jagareforbundet.se\/vattholma\/wp-json\/wp\/v2\/media?parent=394"}],"curies":[{"name":"wp","href":"https:\/\/api.w.org\/{rel}","templated":true}]}}