{"id":41,"date":"2011-09-09T08:17:14","date_gmt":"2011-09-09T06:17:14","guid":{"rendered":"https:\/\/krets.jagareforbundet.se\/template\/?page_id=41"},"modified":"2023-03-26T12:52:53","modified_gmt":"2023-03-26T10:52:53","slug":"arkiv","status":"publish","type":"page","link":"https:\/\/krets.jagareforbundet.se\/vattholma\/arkiv\/","title":{"rendered":"Arkiv"},"content":{"rendered":"<p>Fd styrelsen Vattholmas storlicens<\/p>\n<h1>Styrelse f\u00f6r Vattholma Viltsk\u00f6tselomr\u00e5de 2017\/2018<\/h1>\n<table border=\"0\" width=\"684\" cellpadding=\"0\">\n<tbody>\n<tr>\n<td width=\"19%\">Ordf\u00f6rande<\/td>\n<td width=\"46%\"><a href=\"mailto:Hans.Pettersson@slu.se\">Hans \u00a0 Pettersson<\/a>, H\u00e5nsta 14, 743 92 Vattholma<\/td>\n<td width=\"16%\">018-350495<\/td>\n<td width=\"16%\">070-2055158<\/td>\n<\/tr>\n<tr>\n<td width=\"19%\">Sekreterare<\/td>\n<td width=\"46%\"><a href=\"mailto:tordyvonne@telia.com\">Tord Eriksson<\/a><\/td>\n<td width=\"16%\">018-372258<\/td>\n<td width=\"16%\">070-5700908<\/td>\n<\/tr>\n<tr>\n<td width=\"19%\">Kass\u00f6r<\/td>\n<td width=\"46%\"><a href=\"mailto:379029@telia.com\">Karl Egon Ljusberg<\/a><\/td>\n<td width=\"16%\">018-379029<\/td>\n<td width=\"16%\">018-379220<\/td>\n<\/tr>\n<tr>\n<td width=\"19%\">\u00d6vriga<\/td>\n<td width=\"46%\"><a href=\"mailto:frer@swedishdlaagro.se\">Fredrik Eriksson<\/a><\/td>\n<td width=\"16%\">018-107621<\/td>\n<td width=\"16%\">072-5353006<\/td>\n<\/tr>\n<tr>\n<td width=\"19%\"><\/td>\n<td width=\"46%\"><a href=\"mailto:cal12@spray.se\">Hans Fredlund<\/a><\/td>\n<td width=\"16%\">018-261721<\/td>\n<td width=\"16%\">070-3262339<\/td>\n<\/tr>\n<tr>\n<td width=\"19%\">Suppleanter<\/td>\n<td width=\"46%\"><a href=\"mailto:magnus.rystrom@telia.com\">Magnus Rystr\u00f6m<\/a><\/td>\n<td width=\"16%\">018-367480<\/td>\n<td width=\"16%\">070-3217615<\/td>\n<\/tr>\n<tr>\n<td width=\"19%\"><\/td>\n<td width=\"46%\"><a href=\"mailto:per.wessman@bravida.se\">Per Wessman<\/a><\/td>\n<td width=\"16%\">018-315927<\/td>\n<td width=\"16%\">070-6625090<\/td>\n<\/tr>\n<tr>\n<td width=\"19%\"><\/td>\n<td width=\"46%\"><\/td>\n<td width=\"16%\"><\/td>\n<td width=\"16%\"><\/td>\n<\/tr>\n<\/tbody>\n<\/table>\n<h2>Efters\u00f6k och Apportering av Sm\u00e5vilt<\/h2>\n<p>Tr\u00e4nade apporterande\/markerande hundar beh\u00f6vs vid jakt p\u00e5 sm\u00e5vilt och s\u00e4rskilt ringduva, morkulla, \u00e4nder och g\u00e4ss. J\u00e4garef\u00f6rbundet i samarbete med jakthundsklubbar har tidigare st\u00f6tt och h\u00e5llit i tr\u00e4ning\/tester enligt Regler f\u00f6r S\u00e4rskilt Apporteringstest (<a href=\"https:\/\/krets.jagareforbundet.se\/vattholma\/files\/2014\/02\/Regler-f\u00f6r-S\u00e4rskilt-Apporteringstest.pdf\">Regler f\u00f6r S\u00e4rskilt Apporteringstest<\/a>). Bara ett f\u00e5tal jakthundklubbar har kvar testet, men f\u00f6rtj\u00e4nar att erbjudas fler hundar av skilda raser.<\/p>\n<p>Huvudtestet g\u00e5r ut p\u00e5 att vilt l\u00e4ggs ut eller kastas ut i samband med skott i en s\u00f6kruta om ca 50&#215;50 meter. Hunden skall sedan s\u00f6ka (markera) och apportera viltet till f\u00f6raren, som f\u00e5r g\u00e5 igenom s\u00f6krutan l\u00e4ngs en t\u00e4nkt mittlinje. Vattenapportering ing\u00e5r \u00e4ven som ett delmoment i S\u00e4rskilt Apporteringstest.<\/p>\n<p>Tr\u00e4ning i apportering och enligt S\u00e4rskilt Apporteringstest erbjuds kretsens hundar och tr\u00e4ningstillf\u00e4llen blir under fr\u00e4mst v\u00e5ren och fastst\u00e4lls efter kontakt med hundansvarig, Hans Pettersson 070-2055158. Tr\u00e4ningen kommer fr\u00e4mst att ske p\u00e5 en grundniv\u00e5 och \u00e4r inget f\u00f6r apporteringsspecialister. Fr\u00e4mst dummies men \u00e4ven tinat vilt, (stadsduva, m\u00e5s, kaja eller kr\u00e5ka) kommer att anv\u00e4ndas.<\/p>\n<div id=\"attachment_193\" style=\"width: 310px\" class=\"wp-caption alignleft\"><a href=\"https:\/\/krets.jagareforbundet.se\/vattholma\/files\/2014\/01\/NellyVApport.jpg\"><img loading=\"lazy\" decoding=\"async\" aria-describedby=\"caption-attachment-193\" class=\"wp-image-193 size-medium\" style=\"margin: 30px 40px\" src=\"https:\/\/krets.jagareforbundet.se\/vattholma\/files\/2014\/01\/NellyVApport-300x225.jpg\" alt=\"NellyVApport\" width=\"300\" height=\"225\" srcset=\"https:\/\/krets.jagareforbundet.se\/vattholma\/files\/2014\/01\/NellyVApport-300x225.jpg 300w, https:\/\/krets.jagareforbundet.se\/vattholma\/files\/2014\/01\/NellyVApport-1024x768.jpg 1024w\" sizes=\"auto, (max-width: 300px) 100vw, 300px\" \/><\/a><p id=\"caption-attachment-193\" class=\"wp-caption-text\">Foto Hans Pettersson<\/p><\/div>\n<p>&nbsp;<\/p>\n<h3>\u00a0Vattenapportering<\/h3>\n<p>Samtr\u00e4ning i vattenapportering f\u00f6r hundar i sm\u00e5 grupper erbjuds under v\u00e5ren-b\u00f6rjan av h\u00f6sten. Kontakta hundansvarig, Hans Pettersson, 070-2055158.<\/p>\n<p>&nbsp;<\/p>\n<p>&nbsp;<\/p>\n<p>&nbsp;<\/p>\n<h2>Efters\u00f6k av Vildsvin<\/h2>\n<p>Jakten p\u00e5 vildsvin har snabbt \u00f6kat inom kretsen och d\u00e4rmed risken f\u00f6r skadeskjutningar. En hund s\u00e4rskilt tr\u00e4nad i att uppsp\u00e5ra skadeskjutna vildsvin, skall finnas tillg\u00e4nglig inom tv\u00e5 timmar efter en eventuell p\u00e5skjutning. Efters\u00f6k p\u00e5 vildsvin \u00e4r lite mer kr\u00e4vande \u00e4n f\u00f6r annat kl\u00f6vvilt. Bara ett f\u00e5tal av jaktlagens normalt tr\u00e4nade efters\u00f6kshundar \u00e4r villiga att sp\u00e5ra och st\u00e4lla skadeskjutna vildsvin. Vi f\u00f6rs\u00f6ker d\u00e4rf\u00f6r inom kretsen anordna speciell tr\u00e4ning i efters\u00f6k p\u00e5 vildsvin.<\/p>\n<p><strong>Enklaste tr\u00e4ningen<\/strong> \u00e4r normalt Viltsp\u00e5r med en vildsvinskl\u00f6v och kan ske ihop med Viltsp\u00e5rtr\u00e4ningen. Det ger inte direkt en s\u00e4rskilt tr\u00e4nad efters\u00f6kshund f\u00f6r vildsvin, utan kr\u00e4ver ytterligare specialiserad tr\u00e4ning.<\/p>\n<p>Vi \u00e4mnar dessutom erbjuda <strong>tr\u00e4ning f\u00f6r Efters\u00f6ksprov p\u00e5 Vildsvin<\/strong> enligt regler fastst\u00e4llda av Svenska Kennelklubben (<a href=\"https:\/\/krets.jagareforbundet.se\/vattholma\/files\/2014\/02\/Regler-efters\u00f6ksprov-vildsvin-2013.pdf\">Regler efters\u00f6ksprov vildsvin 2013<\/a>). Provet utg\u00f6rs av ett ca 1000 m l\u00e5ngt viltsp\u00e5r, lagt med sp\u00e5rl\u00e4ggarskor (f\u00e4rska vildsvinskl\u00f6var) och 2 dl blod. Sp\u00e5ret skall inneh\u00e5lla en \u00e5terg\u00e5ng, tv\u00e5 bloduppeh\u00e5ll p\u00e5 ca 50-75 m och en \u201dmetkrok\u201d med s\u00e5rlega. Ca 100 m f\u00f6re sp\u00e5rslut g\u00f6rs skottpr\u00f6vning, varp\u00e5 sp\u00e5rhunden eller en andra medf\u00f6ljande l\u00f6shund kan sl\u00e4ppas att sp\u00e5ra sista biten fram till vildsvinet. Sp\u00e5rning hela v\u00e4gen i lina till\u00e5tet. Sp\u00e5rslutet skall utg\u00f6ras av ett vildsvinshuvud, hud och kl\u00f6var arrangerat f\u00f6r att efterlikna ett vildsvin.<\/p>\n<p>Denna typ av Vildsvinssp\u00e5r ordnas efter \u00f6nskem\u00e5l framf\u00f6rda till hundansvarig, Hans Petterson, 070-2055158. Bed\u00f6mning av extern godk\u00e4nd domare fr\u00e5n specialjakthundsklubb kan m\u00f6jligen ordnas, men det \u00e4r bara f\u00f6r vissa raser, som resultaten stambokf\u00f6rs.<\/p>\n<p><strong>Tr\u00e4ning p\u00e5 d\u00f6ds\u00f6k eller sl\u00e4psp\u00e5r<\/strong> av vildsvin fr\u00e5n \u00c5tel, d\u00e4r vildsvin har skjutits \u00e4r n\u00e5got mer realistiskt, men blir kortare och kan st\u00f6ras av skyttens sp\u00e5r. Anm\u00e4l intresse f\u00f6r s\u00e5dan tr\u00e4ning till hundansvarig Hans Pettersson, 070-2055158. N\u00e4r l\u00e4mpligt tillf\u00e4lle uppst\u00e5r, s\u00e5 ringer vi upp. Det kan bli sent p\u00e5 kv\u00e4llen eller nattetid under senv\u00e5ren \u2013 b\u00f6rjan av h\u00f6sten, d\u00e5 kultingar\/brungrisarna inte blivit f\u00f6r stora.<\/p>\n<div id=\"attachment_208\" style=\"width: 829px\" class=\"wp-caption aligncenter\"><a href=\"https:\/\/krets.jagareforbundet.se\/vattholma\/files\/2014\/02\/GaltSkjuten.jpg\"><img loading=\"lazy\" decoding=\"async\" aria-describedby=\"caption-attachment-208\" class=\"wp-image-208\" src=\"https:\/\/krets.jagareforbundet.se\/vattholma\/files\/2014\/02\/GaltSkjuten-1024x613.jpg\" alt=\"GaltSkjuten\" width=\"819\" height=\"490\" srcset=\"https:\/\/krets.jagareforbundet.se\/vattholma\/files\/2014\/02\/GaltSkjuten-1024x613.jpg 1024w, https:\/\/krets.jagareforbundet.se\/vattholma\/files\/2014\/02\/GaltSkjuten-300x179.jpg 300w\" sizes=\"auto, (max-width: 819px) 100vw, 819px\" \/><\/a><p id=\"caption-attachment-208\" class=\"wp-caption-text\">Hans Pettersson<\/p><\/div>\n<p>&nbsp;<\/p>\n<p>&nbsp;<\/p>\n<p>&nbsp;<\/p>\n","protected":false},"excerpt":{"rendered":"<p>Fd styrelsen Vattholmas storlicens Styrelse f\u00f6r Vattholma Viltsk\u00f6tselomr\u00e5de 2017\/2018 Ordf\u00f6rande Hans \u00a0 Pettersson, H\u00e5nsta 14, 743 92 Vattholma 018-350495 070-2055158 Sekreterare Tord Eriksson 018-372258 070-5700908 Kass\u00f6r Karl Egon Ljusberg 018-379029 018-379220 \u00d6vriga Fredrik Eriksson 018-107621 072-5353006 Hans Fredlund 018-261721 070-3262339 Suppleanter Magnus Rystr\u00f6m 018-367480 070-3217615 Per Wessman 018-315927 070-6625090 Efters\u00f6k och Apportering av Sm\u00e5vilt Tr\u00e4nade [&hellip;]<\/p>\n","protected":false},"author":3,"featured_media":0,"parent":0,"menu_order":9,"comment_status":"open","ping_status":"closed","template":"template-archives.php","meta":{"footnotes":""},"class_list":["post-41","page","type-page","status-publish","hentry"],"_links":{"self":[{"href":"https:\/\/krets.jagareforbundet.se\/vattholma\/wp-json\/wp\/v2\/pages\/41","targetHints":{"allow":["GET"]}}],"collection":[{"href":"https:\/\/krets.jagareforbundet.se\/vattholma\/wp-json\/wp\/v2\/pages"}],"about":[{"href":"https:\/\/krets.jagareforbundet.se\/vattholma\/wp-json\/wp\/v2\/types\/page"}],"author":[{"embeddable":true,"href":"https:\/\/krets.jagareforbundet.se\/vattholma\/wp-json\/wp\/v2\/users\/3"}],"replies":[{"embeddable":true,"href":"https:\/\/krets.jagareforbundet.se\/vattholma\/wp-json\/wp\/v2\/comments?post=41"}],"version-history":[{"count":1,"href":"https:\/\/krets.jagareforbundet.se\/vattholma\/wp-json\/wp\/v2\/pages\/41\/revisions"}],"predecessor-version":[{"id":788,"href":"https:\/\/krets.jagareforbundet.se\/vattholma\/wp-json\/wp\/v2\/pages\/41\/revisions\/788"}],"wp:attachment":[{"href":"https:\/\/krets.jagareforbundet.se\/vattholma\/wp-json\/wp\/v2\/media?parent=41"}],"curies":[{"name":"wp","href":"https:\/\/api.w.org\/{rel}","templated":true}]}}